{"id":30332,"date":"2022-11-27T08:28:13","date_gmt":"2022-11-27T08:28:13","guid":{"rendered":"https:\/\/wirplastbaltic.eu\/kusi-meilt\/"},"modified":"2024-08-16T12:10:41","modified_gmt":"2024-08-16T12:10:41","slug":"kusi-meilt","status":"publish","type":"page","link":"https:\/\/wirplastbaltic.eu\/et\/kusi-meilt\/","title":{"rendered":"K\u00dcSI MEILT"},"content":{"rendered":"\t\t<div data-elementor-type=\"wp-page\" data-elementor-id=\"30332\" class=\"elementor elementor-30332 elementor-14791\">\n\t\t\t\t\t\t<section class=\"wd-negative-gap elementor-section elementor-top-section elementor-element elementor-element-b1197fe elementor-section-boxed elementor-section-height-default elementor-section-height-default\" data-id=\"b1197fe\" data-element_type=\"section\" data-e-type=\"section\">\n\t\t\t\t\t\t<div class=\"elementor-container elementor-column-gap-default\">\n\t\t\t\t\t<div class=\"elementor-column elementor-col-50 elementor-top-column elementor-element elementor-element-559e960\" data-id=\"559e960\" data-element_type=\"column\" data-e-type=\"column\">\n\t\t\t<div class=\"elementor-widget-wrap elementor-element-populated\">\n\t\t\t\t\t\t<div class=\"elementor-element elementor-element-fb35353 wd-width-100 elementor-widget elementor-widget-wd_title\" data-id=\"fb35353\" data-element_type=\"widget\" data-e-type=\"widget\" data-widget_type=\"wd_title.default\">\n\t\t\t\t<div class=\"elementor-widget-container\">\n\t\t\t\t\t\t\t<div class=\"title-wrapper wd-set-mb reset-last-child wd-title-color-primary wd-title-style-underlined wd-title-size-default text-left\">\n\n\t\t\t\n\t\t\t<div class=\"liner-continer\">\n\t\t\t\t<h4 class=\"woodmart-title-container title wd-fontsize-l\">PANE T\u00c4HELE!<\/h4> \n\t\t\t\t\t\t\t<\/div>\n\n\t\t\t\t\t<\/div>\n\t\t\t\t\t\t<\/div>\n\t\t\t\t<\/div>\n\t\t\t\t<div class=\"elementor-element elementor-element-13db0d1 elementor-widget elementor-widget-wd_text_block\" data-id=\"13db0d1\" data-element_type=\"widget\" data-e-type=\"widget\" data-widget_type=\"wd_text_block.default\">\n\t\t\t\t<div class=\"elementor-widget-container\">\n\t\t\t\t\t\t\t<div class=\"wd-text-block reset-last-child text-left\">\n\t\t\t\n\t\t\t<p>Wirplasti sortimendis on saadaval mitut t\u00fc\u00fcpi ventilatsiooniavasid. Et leida hoonele <b>sobivaim<\/b> , v\u00f5ib otsingut alustada j\u00e4rgmistele k\u00fcsimustele vastamisest:<\/p><div id=\"cl_text_64e48c6d4c61b\" class=\"cl-text cl-element \"><ul><li><span class=\"text\">Milline on hoone katusekate?<\/span><\/li><\/ul><\/div><div id=\"cl_list_64e48c6d4c9b4\" class=\"cl-element cl_list style-circle\"><ul><li><i class=\" cl-icon-check2\"><\/i><span class=\"text\">Milline ruum (k\u00f6\u00f6k, kelder, wc jne) vajab ventilatsiooni?<\/span><\/li><\/ul><\/div><div id=\"cl_text_64e48c6d4d29e\" class=\"cl-text cl-element \"><p>Kuna iga ruumi vajadused on erinevad, tuleks igas ruumis hinnata k\u00f5iki k\u00f5ige olulisemaid tegureid, et <b>leida individuaalselt k\u00f5ige t\u00f5husam katuseventilatsiooni lahendus<\/b> .<\/p><\/div>\n\t\t\t\t\t<\/div>\n\t\t\t\t\t\t<\/div>\n\t\t\t\t<\/div>\n\t\t\t\t<div class=\"elementor-element elementor-element-834a30b wd-width-100 elementor-widget elementor-widget-wd_title\" data-id=\"834a30b\" data-element_type=\"widget\" data-e-type=\"widget\" data-widget_type=\"wd_title.default\">\n\t\t\t\t<div class=\"elementor-widget-container\">\n\t\t\t\t\t\t\t<div class=\"title-wrapper wd-set-mb reset-last-child wd-title-color-primary wd-title-style-underlined wd-title-size-default text-left\">\n\n\t\t\t\n\t\t\t<div class=\"liner-continer\">\n\t\t\t\t<h4 class=\"woodmart-title-container title wd-fontsize-l\">V\u00d5TA MEIEGA \u00dcHENDUST<\/h4> \n\t\t\t\t\t\t\t<\/div>\n\n\t\t\t\t\t<\/div>\n\t\t\t\t\t\t<\/div>\n\t\t\t\t<\/div>\n\t\t\t\t<section class=\"wd-negative-gap elementor-section elementor-inner-section elementor-element elementor-element-e2299cc elementor-section-boxed elementor-section-height-default elementor-section-height-default\" data-id=\"e2299cc\" data-element_type=\"section\" data-e-type=\"section\">\n\t\t\t\t\t\t<div class=\"elementor-container elementor-column-gap-extended\">\n\t\t\t\t\t<div class=\"elementor-column elementor-col-50 elementor-inner-column elementor-element elementor-element-c567700\" data-id=\"c567700\" data-element_type=\"column\" data-e-type=\"column\">\n\t\t\t<div class=\"elementor-widget-wrap elementor-element-populated\">\n\t\t\t\t\t\t<div class=\"elementor-element elementor-element-77d3a37 elementor-widget elementor-widget-wd_infobox\" data-id=\"77d3a37\" data-element_type=\"widget\" data-e-type=\"widget\" data-widget_type=\"wd_infobox.default\">\n\t\t\t\t<div class=\"elementor-widget-container\">\n\t\t\t\t\t\t\t<div class=\"info-box-wrapper\">\n\t\t\t<div class=\"wd-info-box text-left box-icon-align-left box-style-base color-scheme- wd-items-middle\">\n\t\t\t\t\t\t\t\t\t<div class=\"box-icon-wrapper  box-with-icon box-icon-simple\">\n\t\t\t\t\t\t<div class=\"info-box-icon\">\n\t\t\t\t\t\t\t\t\t\t\t\t\t\t\t<img loading=\"lazy\" decoding=\"async\" width=\"40\" height=\"40\" src=\"https:\/\/wirplastbaltic.eu\/wp-content\/uploads\/2023\/09\/Jauta-mums-ikona-40x40.png\" class=\"attachment-40x40 size-40x40\" alt=\"\" srcset=\"https:\/\/wirplastbaltic.eu\/wp-content\/uploads\/2023\/09\/Jauta-mums-ikona-40x40.png 40w, https:\/\/wirplastbaltic.eu\/wp-content\/uploads\/2023\/09\/Jauta-mums-ikona.png 60w\" sizes=\"auto, (max-width: 40px) 100vw, 40px\" \/>\t\t\t\t\t\t\t\t\t\t\t\t\t<\/div>\n\t\t\t\t\t<\/div>\n\t\t\t\t\n\t\t\t\t<div class=\"info-box-content\">\n\t\t\t\t\t\n\t\t\t\t\t\t\t\t\t\t\t<h4\t\t\t\t\t\tclass=\"info-box-title title box-title-style-default wd-fontsize-s\" data-elementor-setting-key=\"title\">\n\t\t\t\t\t\t\t\tinfo@wirplastbaltic.eu\t\t\t\t\t\t<\/h4>\n\t\t\t\t\t\n\t\t\t\t\t<div class=\"info-box-inner reset-last-child\"data-elementor-setting-key=\"content\"><\/div>\n\n\t\t\t\t\t\t\t\t\t<\/div>\n\n\t\t\t\t\t\t\t<\/div>\n\t\t<\/div>\n\t\t\t\t\t\t<\/div>\n\t\t\t\t<\/div>\n\t\t\t\t\t<\/div>\n\t\t<\/div>\n\t\t\t\t<div class=\"elementor-column elementor-col-50 elementor-top-column elementor-element elementor-element-bdc0be9\" data-id=\"bdc0be9\" data-element_type=\"column\" data-e-type=\"column\">\n\t\t\t<div class=\"elementor-widget-wrap elementor-element-populated\">\n\t\t\t\t\t\t<div class=\"elementor-element elementor-element-07f439b elementor-widget elementor-widget-wd_infobox\" data-id=\"07f439b\" data-element_type=\"widget\" data-e-type=\"widget\" data-widget_type=\"wd_infobox.default\">\n\t\t\t\t<div class=\"elementor-widget-container\">\n\t\t\t\t\t\t\t<div class=\"info-box-wrapper\">\n\t\t\t<div class=\"wd-info-box text-left box-icon-align-left box-style-base color-scheme- wd-items-top\">\n\t\t\t\t\n\t\t\t\t<div class=\"info-box-content\">\n\t\t\t\t\t\n\t\t\t\t\t\n\t\t\t\t\t<div class=\"info-box-inner reset-last-child\"data-elementor-setting-key=\"content\"><p><strong><span style=\"color: #333333;\">Kui te pole valikus kindel, v\u00f5tke meiega julgelt \u00fchendust!<\/span><\/strong><\/p>\n<\/div>\n\n\t\t\t\t\t\t\t\t\t<\/div>\n\n\t\t\t\t\t\t\t<\/div>\n\t\t<\/div>\n\t\t\t\t\t\t<\/div>\n\t\t\t\t<\/div>\n\t\t\t\t\t<\/div>\n\t\t<\/div>\n\t\t\t\t\t<\/div>\n\t\t<\/section>\n\t\t\t\t<div class=\"elementor-element elementor-element-0ea7383 elementor-widget elementor-widget-wd_text_block\" data-id=\"0ea7383\" data-element_type=\"widget\" data-e-type=\"widget\" data-widget_type=\"wd_text_block.default\">\n\t\t\t\t<div class=\"elementor-widget-container\">\n\t\t\t\t\t\t\t<div class=\"wd-text-block reset-last-child text-left color-title\">\n\t\t\t\n\t\t\t<p>Kas teil on k\u00fcsimusi meie toodete v\u00f5i ettev\u00f5tte kohta?<br><span style=\"color: #83b735;\"><a style=\"color: #83b735;\" href=\"https:\/\/wirplastbaltic.eu\/et\/kontakt\/\">Saatke julgelt s\u00f5num kontaktivormis v\u00f5i v\u00f5tke \u00fchendust meie partneritega!<\/a><\/span><\/p>\n\t\t\t\t\t<\/div>\n\t\t\t\t\t\t<\/div>\n\t\t\t\t<\/div>\n\t\t\t\t\t<\/div>\n\t\t<\/div>\n\t\t\t\t<div class=\"elementor-column elementor-col-50 elementor-top-column elementor-element elementor-element-210abc7\" data-id=\"210abc7\" data-element_type=\"column\" data-e-type=\"column\">\n\t\t\t<div class=\"elementor-widget-wrap elementor-element-populated\">\n\t\t\t\t\t\t<div class=\"elementor-element elementor-element-4d9c133 wd-width-100 elementor-widget elementor-widget-wd_title\" data-id=\"4d9c133\" data-element_type=\"widget\" data-e-type=\"widget\" data-widget_type=\"wd_title.default\">\n\t\t\t\t<div class=\"elementor-widget-container\">\n\t\t\t\t\t\t\t<div class=\"title-wrapper wd-set-mb reset-last-child wd-title-color-primary wd-title-style-underlined wd-title-size-default text-left\">\n\n\t\t\t\n\t\t\t<div class=\"liner-continer\">\n\t\t\t\t<h4 class=\"woodmart-title-container title wd-fontsize-l\">K\u00dcSI MEILT<\/h4> \n\t\t\t\t\t\t\t<\/div>\n\n\t\t\t\t\t<\/div>\n\t\t\t\t\t\t<\/div>\n\t\t\t\t<\/div>\n\t\t\t\t<div class=\"elementor-element elementor-element-f290f46 wd-cf7 elementor-widget elementor-widget-wd_contact_form_7\" data-id=\"f290f46\" data-element_type=\"widget\" data-e-type=\"widget\" data-widget_type=\"wd_contact_form_7.default\">\n\t\t\t\t<div class=\"elementor-widget-container\">\n\t\t\t\t\t\n<div class=\"wpcf7 no-js\" id=\"wpcf7-f31322-o1\" lang=\"et\" dir=\"ltr\" data-wpcf7-id=\"31322\">\n<div class=\"screen-reader-response\"><p role=\"status\" aria-live=\"polite\" aria-atomic=\"true\"><\/p> <ul><\/ul><\/div>\n<form action=\"\/et\/wp-json\/wp\/v2\/pages\/30332#wpcf7-f31322-o1\" method=\"post\" class=\"wpcf7-form init\" aria-label=\"Contact form\" enctype=\"multipart\/form-data\" novalidate=\"novalidate\" data-status=\"init\">\n<fieldset class=\"hidden-fields-container\"><input type=\"hidden\" name=\"_wpcf7\" value=\"31322\" \/><input type=\"hidden\" name=\"_wpcf7_version\" value=\"6.1.5\" \/><input type=\"hidden\" name=\"_wpcf7_locale\" value=\"et\" \/><input type=\"hidden\" name=\"_wpcf7_unit_tag\" value=\"wpcf7-f31322-o1\" \/><input type=\"hidden\" name=\"_wpcf7_container_post\" value=\"0\" \/><input type=\"hidden\" name=\"_wpcf7_posted_data_hash\" value=\"\" \/>\n<\/fieldset>\n<div class=\"row\">\n\t<p class=\"col-md-12\"><label> Nimi ja perekonnanimi * <span class=\"wpcf7-form-control-wrap\" data-name=\"your-name\"><input size=\"40\" maxlength=\"400\" class=\"wpcf7-form-control wpcf7-text wpcf7-validates-as-required\" aria-required=\"true\" aria-invalid=\"false\" value=\"\" type=\"text\" name=\"your-name\" \/><\/span> <\/label>\n\t<\/p>\n\t<p class=\"col-md-6\"><label> Telefon* <span class=\"wpcf7-form-control-wrap\" data-name=\"your-phone\"><input size=\"40\" maxlength=\"400\" class=\"wpcf7-form-control wpcf7-text wpcf7-validates-as-required\" aria-required=\"true\" aria-invalid=\"false\" value=\"\" type=\"text\" name=\"your-phone\" \/><\/span> <\/label>\n\t<\/p>\n\t<p class=\"col-md-6\"><label> e-post* <span class=\"wpcf7-form-control-wrap\" data-name=\"your-email\"><input size=\"40\" maxlength=\"400\" class=\"wpcf7-form-control wpcf7-email wpcf7-validates-as-required wpcf7-text wpcf7-validates-as-email\" aria-required=\"true\" aria-invalid=\"false\" value=\"\" type=\"email\" name=\"your-email\" \/><\/span> <\/label>\n\t<\/p>\n\t<p class=\"col-md-6\"><label> Failide lisamine <\/label><span class=\"wpcf7-form-control-wrap\" data-name=\"Fails1\"><input size=\"40\" class=\"wpcf7-form-control wpcf7-file\" accept=\"audio\/*,video\/*,image\/*\" aria-invalid=\"false\" type=\"file\" name=\"Fails1\" \/><\/span>\n\t<\/p>\n\t<p class=\"col-md-6\"><label> Failide lisamine <\/label><span class=\"wpcf7-form-control-wrap\" data-name=\"Fails2\"><input size=\"40\" class=\"wpcf7-form-control wpcf7-file\" accept=\"audio\/*,video\/*,image\/*\" aria-invalid=\"false\" type=\"file\" name=\"Fails2\" \/><\/span>\n\t<\/p>\n<\/div>\n<div class=\"row\">\n\t<p class=\"col-md-12\"><label> Kust sa WirplastBalticust kuulsid? <\/label>\n\t<\/p>\n\t<p class=\"col-md-12\"><span class=\"wpcf7-form-control-wrap\" data-name=\"KurjsuzzinjtparWirplastBaltic\"><span class=\"wpcf7-form-control wpcf7-checkbox\"><span class=\"wpcf7-list-item first\"><input type=\"checkbox\" name=\"KurjsuzzinjtparWirplastBaltic[]\" value=\"Google\" \/><span class=\"wpcf7-list-item-label\">Google<\/span><\/span><span class=\"wpcf7-list-item\"><input type=\"checkbox\" name=\"KurjsuzzinjtparWirplastBaltic[]\" value=\"Facebook\" \/><span class=\"wpcf7-list-item-label\">Facebook<\/span><\/span><span class=\"wpcf7-list-item\"><input type=\"checkbox\" name=\"KurjsuzzinjtparWirplastBaltic[]\" value=\"\u00dcks tuttav soovitas\" \/><span class=\"wpcf7-list-item-label\">\u00dcks tuttav soovitas<\/span><\/span><span class=\"wpcf7-list-item\"><input type=\"checkbox\" name=\"KurjsuzzinjtparWirplastBaltic[]\" value=\"N\u00e4itus\" \/><span class=\"wpcf7-list-item-label\">N\u00e4itus<\/span><\/span><span class=\"wpcf7-list-item last\"><input type=\"checkbox\" name=\"KurjsuzzinjtparWirplastBaltic[]\" value=\"Muud\" \/><span class=\"wpcf7-list-item-label\">Muud<\/span><\/span><\/span><\/span>\n\t<\/p>\n\t<p class=\"col-md-12\"><label> S\u00f5num <span class=\"wpcf7-form-control-wrap\" data-name=\"your-message\"><textarea cols=\"40\" rows=\"10\" maxlength=\"2000\" class=\"wpcf7-form-control wpcf7-textarea\" aria-invalid=\"false\" name=\"your-message\"><\/textarea><\/span> <\/label>\n\t<\/p>\n\t<p class=\"col-md-12\"><input class=\"wpcf7-form-control wpcf7-submit has-spinner btn-color-black\" type=\"submit\" value=\"SAADA\" \/>\n\t<\/p>\n<\/div><div class=\"wpcf7-response-output\" aria-hidden=\"true\"><\/div>\n<\/form>\n<\/div>\n\t\t\t\t<\/div>\n\t\t\t\t<\/div>\n\t\t\t\t\t<\/div>\n\t\t<\/div>\n\t\t\t\t\t<\/div>\n\t\t<\/section>\n\t\t\t\t<\/div>\n\t\t","protected":false},"excerpt":{"rendered":"<p>PANE T\u00c4HELE! Wirplasti sortimendis on saadaval mitut t\u00fc\u00fcpi ventilatsiooniavasid. Et leida hoonele sobivaim , v\u00f5ib otsingut alustada j\u00e4rgmistele k\u00fcsimustele vastamisest:<\/p>\n","protected":false},"author":1,"featured_media":0,"parent":0,"menu_order":0,"comment_status":"closed","ping_status":"closed","template":"","meta":{"footnotes":""},"class_list":["post-30332","page","type-page","status-publish","hentry"],"yoast_head":"<!-- This site is optimized with the Yoast SEO plugin v27.1.1 - https:\/\/yoast.com\/product\/yoast-seo-wordpress\/ -->\n<title>K\u00dcSI MEILT - WirplastBaltic.eu<\/title>\n<meta name=\"description\" content=\"K\u00fcsi meilt! Wirplasti sortimendis on saadaval mitut t\u00fc\u00fcpi ventilatsiooniavasid. Teie hoonele parima sobivuse leidmiseks v\u00f5tke meiega \u00fchendust!\" \/>\n<meta name=\"robots\" content=\"index, follow, max-snippet:-1, max-image-preview:large, max-video-preview:-1\" \/>\n<link rel=\"canonical\" href=\"https:\/\/wirplastbaltic.eu\/et\/kusi-meilt\/\" \/>\n<meta property=\"og:locale\" content=\"et_EE\" \/>\n<meta property=\"og:type\" content=\"article\" \/>\n<meta property=\"og:title\" content=\"K\u00dcSI MEILT - WirplastBaltic.eu\" \/>\n<meta property=\"og:description\" content=\"K\u00fcsi meilt! Wirplasti sortimendis on saadaval mitut t\u00fc\u00fcpi ventilatsiooniavasid. Teie hoonele parima sobivuse leidmiseks v\u00f5tke meiega \u00fchendust!\" \/>\n<meta property=\"og:url\" content=\"https:\/\/wirplastbaltic.eu\/et\/kusi-meilt\/\" \/>\n<meta property=\"og:site_name\" content=\"WirplastBaltic.eu\" \/>\n<meta property=\"article:modified_time\" content=\"2024-08-16T12:10:41+00:00\" \/>\n<meta property=\"og:image\" content=\"https:\/\/wirplastbaltic.eu\/wp-content\/uploads\/2023\/09\/Jauta-mums-ikona-40x40.png\" \/>\n<meta name=\"twitter:card\" content=\"summary_large_image\" \/>\n<meta name=\"twitter:label1\" content=\"Est. reading time\" \/>\n\t<meta name=\"twitter:data1\" content=\"1 minut\" \/>\n<script type=\"application\/ld+json\" class=\"yoast-schema-graph\">{\"@context\":\"https:\/\/schema.org\",\"@graph\":[{\"@type\":\"WebPage\",\"@id\":\"https:\/\/wirplastbaltic.eu\/et\/kusi-meilt\/\",\"url\":\"https:\/\/wirplastbaltic.eu\/et\/kusi-meilt\/\",\"name\":\"K\u00dcSI MEILT - WirplastBaltic.eu\",\"isPartOf\":{\"@id\":\"https:\/\/wirplastbaltic.eu\/et\/#website\"},\"primaryImageOfPage\":{\"@id\":\"https:\/\/wirplastbaltic.eu\/et\/kusi-meilt\/#primaryimage\"},\"image\":{\"@id\":\"https:\/\/wirplastbaltic.eu\/et\/kusi-meilt\/#primaryimage\"},\"thumbnailUrl\":\"https:\/\/wirplastbaltic.eu\/wp-content\/uploads\/2023\/09\/Jauta-mums-ikona-40x40.png\",\"datePublished\":\"2022-11-27T08:28:13+00:00\",\"dateModified\":\"2024-08-16T12:10:41+00:00\",\"description\":\"K\u00fcsi meilt! Wirplasti sortimendis on saadaval mitut t\u00fc\u00fcpi ventilatsiooniavasid. Teie hoonele parima sobivuse leidmiseks v\u00f5tke meiega \u00fchendust!\",\"breadcrumb\":{\"@id\":\"https:\/\/wirplastbaltic.eu\/et\/kusi-meilt\/#breadcrumb\"},\"inLanguage\":\"et\",\"potentialAction\":[{\"@type\":\"ReadAction\",\"target\":[\"https:\/\/wirplastbaltic.eu\/et\/kusi-meilt\/\"]}]},{\"@type\":\"ImageObject\",\"inLanguage\":\"et\",\"@id\":\"https:\/\/wirplastbaltic.eu\/et\/kusi-meilt\/#primaryimage\",\"url\":\"https:\/\/wirplastbaltic.eu\/wp-content\/uploads\/2023\/09\/Jauta-mums-ikona-40x40.png\",\"contentUrl\":\"https:\/\/wirplastbaltic.eu\/wp-content\/uploads\/2023\/09\/Jauta-mums-ikona-40x40.png\"},{\"@type\":\"BreadcrumbList\",\"@id\":\"https:\/\/wirplastbaltic.eu\/et\/kusi-meilt\/#breadcrumb\",\"itemListElement\":[{\"@type\":\"ListItem\",\"position\":1,\"name\":\"Esileht\",\"item\":\"https:\/\/wirplastbaltic.eu\/et\/\"},{\"@type\":\"ListItem\",\"position\":2,\"name\":\"K\u00dcSI MEILT\"}]},{\"@type\":\"WebSite\",\"@id\":\"https:\/\/wirplastbaltic.eu\/et\/#website\",\"url\":\"https:\/\/wirplastbaltic.eu\/et\/\",\"name\":\"WirplastBaltic.eu\",\"description\":\"Katuse tuulutusavad igat t\u00fc\u00fcpi katustele\",\"publisher\":{\"@id\":\"https:\/\/wirplastbaltic.eu\/et\/#organization\"},\"alternateName\":\"Wirplast\",\"potentialAction\":[{\"@type\":\"SearchAction\",\"target\":{\"@type\":\"EntryPoint\",\"urlTemplate\":\"https:\/\/wirplastbaltic.eu\/et\/?s={search_term_string}\"},\"query-input\":{\"@type\":\"PropertyValueSpecification\",\"valueRequired\":true,\"valueName\":\"search_term_string\"}}],\"inLanguage\":\"et\"},{\"@type\":\"Organization\",\"@id\":\"https:\/\/wirplastbaltic.eu\/et\/#organization\",\"name\":\"WirplastBaltic.eu\",\"alternateName\":\"WirplastBaltic.eu\",\"url\":\"https:\/\/wirplastbaltic.eu\/et\/\",\"logo\":{\"@type\":\"ImageObject\",\"inLanguage\":\"et\",\"@id\":\"https:\/\/wirplastbaltic.eu\/et\/#\/schema\/logo\/image\/\",\"url\":\"https:\/\/wirplastbaltic.eu\/wp-content\/uploads\/2023\/10\/Wirplast-Baltic-logo-black-400x56px.jpg\",\"contentUrl\":\"https:\/\/wirplastbaltic.eu\/wp-content\/uploads\/2023\/10\/Wirplast-Baltic-logo-black-400x56px.jpg\",\"width\":400,\"height\":56,\"caption\":\"WirplastBaltic.eu\"},\"image\":{\"@id\":\"https:\/\/wirplastbaltic.eu\/et\/#\/schema\/logo\/image\/\"}}]}<\/script>\n<!-- \/ Yoast SEO plugin. -->","yoast_head_json":{"title":"K\u00dcSI MEILT - WirplastBaltic.eu","description":"K\u00fcsi meilt! Wirplasti sortimendis on saadaval mitut t\u00fc\u00fcpi ventilatsiooniavasid. Teie hoonele parima sobivuse leidmiseks v\u00f5tke meiega \u00fchendust!","robots":{"index":"index","follow":"follow","max-snippet":"max-snippet:-1","max-image-preview":"max-image-preview:large","max-video-preview":"max-video-preview:-1"},"canonical":"https:\/\/wirplastbaltic.eu\/et\/kusi-meilt\/","og_locale":"et_EE","og_type":"article","og_title":"K\u00dcSI MEILT - WirplastBaltic.eu","og_description":"K\u00fcsi meilt! Wirplasti sortimendis on saadaval mitut t\u00fc\u00fcpi ventilatsiooniavasid. Teie hoonele parima sobivuse leidmiseks v\u00f5tke meiega \u00fchendust!","og_url":"https:\/\/wirplastbaltic.eu\/et\/kusi-meilt\/","og_site_name":"WirplastBaltic.eu","article_modified_time":"2024-08-16T12:10:41+00:00","og_image":[{"url":"https:\/\/wirplastbaltic.eu\/wp-content\/uploads\/2023\/09\/Jauta-mums-ikona-40x40.png","type":"","width":"","height":""}],"twitter_card":"summary_large_image","twitter_misc":{"Est. reading time":"1 minut"},"schema":{"@context":"https:\/\/schema.org","@graph":[{"@type":"WebPage","@id":"https:\/\/wirplastbaltic.eu\/et\/kusi-meilt\/","url":"https:\/\/wirplastbaltic.eu\/et\/kusi-meilt\/","name":"K\u00dcSI MEILT - WirplastBaltic.eu","isPartOf":{"@id":"https:\/\/wirplastbaltic.eu\/et\/#website"},"primaryImageOfPage":{"@id":"https:\/\/wirplastbaltic.eu\/et\/kusi-meilt\/#primaryimage"},"image":{"@id":"https:\/\/wirplastbaltic.eu\/et\/kusi-meilt\/#primaryimage"},"thumbnailUrl":"https:\/\/wirplastbaltic.eu\/wp-content\/uploads\/2023\/09\/Jauta-mums-ikona-40x40.png","datePublished":"2022-11-27T08:28:13+00:00","dateModified":"2024-08-16T12:10:41+00:00","description":"K\u00fcsi meilt! Wirplasti sortimendis on saadaval mitut t\u00fc\u00fcpi ventilatsiooniavasid. Teie hoonele parima sobivuse leidmiseks v\u00f5tke meiega \u00fchendust!","breadcrumb":{"@id":"https:\/\/wirplastbaltic.eu\/et\/kusi-meilt\/#breadcrumb"},"inLanguage":"et","potentialAction":[{"@type":"ReadAction","target":["https:\/\/wirplastbaltic.eu\/et\/kusi-meilt\/"]}]},{"@type":"ImageObject","inLanguage":"et","@id":"https:\/\/wirplastbaltic.eu\/et\/kusi-meilt\/#primaryimage","url":"https:\/\/wirplastbaltic.eu\/wp-content\/uploads\/2023\/09\/Jauta-mums-ikona-40x40.png","contentUrl":"https:\/\/wirplastbaltic.eu\/wp-content\/uploads\/2023\/09\/Jauta-mums-ikona-40x40.png"},{"@type":"BreadcrumbList","@id":"https:\/\/wirplastbaltic.eu\/et\/kusi-meilt\/#breadcrumb","itemListElement":[{"@type":"ListItem","position":1,"name":"Esileht","item":"https:\/\/wirplastbaltic.eu\/et\/"},{"@type":"ListItem","position":2,"name":"K\u00dcSI MEILT"}]},{"@type":"WebSite","@id":"https:\/\/wirplastbaltic.eu\/et\/#website","url":"https:\/\/wirplastbaltic.eu\/et\/","name":"WirplastBaltic.eu","description":"Katuse tuulutusavad igat t\u00fc\u00fcpi katustele","publisher":{"@id":"https:\/\/wirplastbaltic.eu\/et\/#organization"},"alternateName":"Wirplast","potentialAction":[{"@type":"SearchAction","target":{"@type":"EntryPoint","urlTemplate":"https:\/\/wirplastbaltic.eu\/et\/?s={search_term_string}"},"query-input":{"@type":"PropertyValueSpecification","valueRequired":true,"valueName":"search_term_string"}}],"inLanguage":"et"},{"@type":"Organization","@id":"https:\/\/wirplastbaltic.eu\/et\/#organization","name":"WirplastBaltic.eu","alternateName":"WirplastBaltic.eu","url":"https:\/\/wirplastbaltic.eu\/et\/","logo":{"@type":"ImageObject","inLanguage":"et","@id":"https:\/\/wirplastbaltic.eu\/et\/#\/schema\/logo\/image\/","url":"https:\/\/wirplastbaltic.eu\/wp-content\/uploads\/2023\/10\/Wirplast-Baltic-logo-black-400x56px.jpg","contentUrl":"https:\/\/wirplastbaltic.eu\/wp-content\/uploads\/2023\/10\/Wirplast-Baltic-logo-black-400x56px.jpg","width":400,"height":56,"caption":"WirplastBaltic.eu"},"image":{"@id":"https:\/\/wirplastbaltic.eu\/et\/#\/schema\/logo\/image\/"}}]}},"_links":{"self":[{"href":"https:\/\/wirplastbaltic.eu\/et\/wp-json\/wp\/v2\/pages\/30332","targetHints":{"allow":["GET"]}}],"collection":[{"href":"https:\/\/wirplastbaltic.eu\/et\/wp-json\/wp\/v2\/pages"}],"about":[{"href":"https:\/\/wirplastbaltic.eu\/et\/wp-json\/wp\/v2\/types\/page"}],"author":[{"embeddable":true,"href":"https:\/\/wirplastbaltic.eu\/et\/wp-json\/wp\/v2\/users\/1"}],"replies":[{"embeddable":true,"href":"https:\/\/wirplastbaltic.eu\/et\/wp-json\/wp\/v2\/comments?post=30332"}],"version-history":[{"count":0,"href":"https:\/\/wirplastbaltic.eu\/et\/wp-json\/wp\/v2\/pages\/30332\/revisions"}],"wp:attachment":[{"href":"https:\/\/wirplastbaltic.eu\/et\/wp-json\/wp\/v2\/media?parent=30332"}],"curies":[{"name":"wp","href":"https:\/\/api.w.org\/{rel}","templated":true}]}}