{"id":30337,"date":"2022-11-11T13:25:34","date_gmt":"2022-11-11T13:25:34","guid":{"rendered":"https:\/\/wirplastbaltic.eu\/privaatsuspoliitika\/"},"modified":"2024-07-04T18:25:51","modified_gmt":"2024-07-04T18:25:51","slug":"privaatsuspoliitika","status":"publish","type":"page","link":"https:\/\/wirplastbaltic.eu\/et\/privaatsuspoliitika\/","title":{"rendered":"Privaatsuspoliitika"},"content":{"rendered":"\n<p>K\u00e4esolev privaatsuspoliitika teavitab SIA &#8220;Wirplast Baltic&#8221; (registreerimisnumber 40103539346, juriidiline aadress: Kr\u016bzes iela 3, Riia, L\u00e4ti) isikuandmete t\u00f6\u00f6tlemise p\u00f5him\u00f5tetest ja privaatsustavadest.<\/p>\n\n<p>Privaatsuspoliitikat kohaldatakse andmete t\u00f6\u00f6tlemisele s\u00f5ltumata sellest, millisel kujul klient on andmed esitanud &#8211; SIA &#8220;Wirplast Baltic&#8221; veebisaidil, e-posti teel, kirjalikult\/paberil v\u00f5i telefoni teel.<\/p>\n\n<h2 class=\"wp-block-heading\"><strong>Millist teavet me kogume ja milleks me seda kasutame?<\/strong><\/h2>\n\n<ul class=\"wp-block-list\">\n<li>Mis tahes teave, mida vajame hinnapakkumiste koostamiseks v\u00f5i tellimuste t\u00e4itmiseks (makseandmed, tarneaadress, kontaktandmed). Samuti mis tahes teave, mille te ise olete otsustanud meile edastada, andes meile seega loa selle kasutamiseks.  <\/li>\n\n\n\n<li>Selleks, et vaadata ja parandada teie kasutuskogemust meie veebisaidil, kogume andmeid teie k\u00fclastuste ja meie veebisaidi kasutamise kohta (k\u00fclastuse aeg, vaadatud lehek\u00fcljed, brauseri t\u00fc\u00fcp ja versioon, asukoht). See aitab parandada meie veebisaidi funktsionaalsust.<\/li>\n<\/ul>\n\n<h2 class=\"wp-block-heading\"><strong>Kellele teave esitatakse?<\/strong><\/h2>\n\n<ul class=\"wp-block-list\">\n<li>Andmeid kasutatakse ainult selleks, et me saaksime pakkuda oma teenuseid.<\/li>\n<\/ul>\n\n<p><strong><em>V\u00f5tke teadmiseks!<\/em><\/strong>  Kui v\u00f5tate meie ettev\u00f5ttega mingil viisil \u00fchendust v\u00f5i esitate tellimuse, annate n\u00f5usoleku teie poolt esitatud andmete t\u00f6\u00f6tlemiseks.<\/p>\n\n<ul class=\"wp-block-list\">\n<li>Vajaduse korral jagame teie esitatud andmeid oma \u00e4ripartneritega, et anda teavet meie toodete kohta ja kui kasutame teie tellimuse kohaletoimetamiseks kolmanda osapoole transporditeenuseid. Mitte mingil juhul ei avaldata andmeid kolmandatele isikutele reklaami v\u00f5i muudel sarnastel eesm\u00e4rkidel.<\/li>\n\n\n\n<li>Meil on \u00f5igus avaldada teie kohta k\u00e4ivat teavet, kui oleme kohustatud seda tegema seaduses v\u00f5i m\u00e4\u00e4ruses s\u00e4testatud juhtudel ja viisil v\u00f5i selleks, et kaitsta oma seaduslikke \u00f5igusi.<\/li>\n<\/ul>\n\n<h2 class=\"wp-block-heading\"><strong>Kuidas me kasutame k\u00fcpsiseid?<\/strong><\/h2>\n\n<ul class=\"wp-block-list\">\n<li>Veebisaidi toimimise ja turvalisuse tagamiseks kasutame erinevaid funktsionaalseid k\u00fcpsiseid.<\/li>\n\n\n\n<li>Kasutame Google Analytics 4, et anal\u00fc\u00fcsida teie kasutuskogemust meie veebisaidil.<\/li>\n\n\n\n<li>Me kasutame sihip\u00e4rase reklaami k\u00fcpsiseid, et parandada meie reklaamide t\u00f5husust ja n\u00e4idata teile k\u00f5ige asjakohasemaid reklaame, mis v\u00f5ivad teile rohkem huvi pakkuda.<\/li>\n<\/ul>\n\n<h2 class=\"wp-block-heading\"><\/h2>\n\n<p><\/p>\n","protected":false},"excerpt":{"rendered":"<p>K\u00e4esolev privaatsuspoliitika teavitab SIA &#8220;Wirplast Baltic&#8221; (registreerimisnumber 40103539346, juriidiline aadress: Kr\u016bzes iela 3, Riia, L\u00e4ti) isikuandmete t\u00f6\u00f6tlemise p\u00f5him\u00f5tetest ja privaatsustavadest.<\/p>\n","protected":false},"author":1,"featured_media":0,"parent":0,"menu_order":0,"comment_status":"closed","ping_status":"closed","template":"","meta":{"footnotes":""},"class_list":["post-30337","page","type-page","status-publish","hentry"],"yoast_head":"<!-- This site is optimized with the Yoast SEO plugin v27.1.1 - https:\/\/yoast.com\/product\/yoast-seo-wordpress\/ -->\n<title>Privaatsuspoliitika - WirplastBaltic.eu<\/title>\n<meta name=\"robots\" content=\"index, follow, max-snippet:-1, max-image-preview:large, max-video-preview:-1\" \/>\n<link rel=\"canonical\" href=\"https:\/\/wirplastbaltic.eu\/et\/privaatsuspoliitika\/\" \/>\n<meta property=\"og:locale\" content=\"et_EE\" \/>\n<meta property=\"og:type\" content=\"article\" \/>\n<meta property=\"og:title\" content=\"Privaatsuspoliitika - WirplastBaltic.eu\" \/>\n<meta property=\"og:description\" content=\"K\u00e4esolev privaatsuspoliitika teavitab SIA &#8220;Wirplast Baltic&#8221; (registreerimisnumber 40103539346, juriidiline aadress: Kr\u016bzes iela 3, Riia, L\u00e4ti) isikuandmete t\u00f6\u00f6tlemise p\u00f5him\u00f5tetest ja privaatsustavadest.\" \/>\n<meta property=\"og:url\" content=\"https:\/\/wirplastbaltic.eu\/et\/privaatsuspoliitika\/\" \/>\n<meta property=\"og:site_name\" content=\"WirplastBaltic.eu\" \/>\n<meta property=\"article:modified_time\" content=\"2024-07-04T18:25:51+00:00\" \/>\n<meta name=\"twitter:card\" content=\"summary_large_image\" \/>\n<meta name=\"twitter:label1\" content=\"Est. reading time\" \/>\n\t<meta name=\"twitter:data1\" content=\"1 minut\" \/>\n<script type=\"application\/ld+json\" class=\"yoast-schema-graph\">{\"@context\":\"https:\/\/schema.org\",\"@graph\":[{\"@type\":\"WebPage\",\"@id\":\"https:\/\/wirplastbaltic.eu\/et\/privaatsuspoliitika\/\",\"url\":\"https:\/\/wirplastbaltic.eu\/et\/privaatsuspoliitika\/\",\"name\":\"Privaatsuspoliitika - WirplastBaltic.eu\",\"isPartOf\":{\"@id\":\"https:\/\/wirplastbaltic.eu\/et\/#website\"},\"datePublished\":\"2022-11-11T13:25:34+00:00\",\"dateModified\":\"2024-07-04T18:25:51+00:00\",\"breadcrumb\":{\"@id\":\"https:\/\/wirplastbaltic.eu\/et\/privaatsuspoliitika\/#breadcrumb\"},\"inLanguage\":\"et\",\"potentialAction\":[{\"@type\":\"ReadAction\",\"target\":[\"https:\/\/wirplastbaltic.eu\/et\/privaatsuspoliitika\/\"]}]},{\"@type\":\"BreadcrumbList\",\"@id\":\"https:\/\/wirplastbaltic.eu\/et\/privaatsuspoliitika\/#breadcrumb\",\"itemListElement\":[{\"@type\":\"ListItem\",\"position\":1,\"name\":\"Esileht\",\"item\":\"https:\/\/wirplastbaltic.eu\/et\/\"},{\"@type\":\"ListItem\",\"position\":2,\"name\":\"Privaatsuspoliitika\"}]},{\"@type\":\"WebSite\",\"@id\":\"https:\/\/wirplastbaltic.eu\/et\/#website\",\"url\":\"https:\/\/wirplastbaltic.eu\/et\/\",\"name\":\"WirplastBaltic.eu\",\"description\":\"Katuse tuulutusavad igat t\u00fc\u00fcpi katustele\",\"publisher\":{\"@id\":\"https:\/\/wirplastbaltic.eu\/et\/#organization\"},\"alternateName\":\"Wirplast\",\"potentialAction\":[{\"@type\":\"SearchAction\",\"target\":{\"@type\":\"EntryPoint\",\"urlTemplate\":\"https:\/\/wirplastbaltic.eu\/et\/?s={search_term_string}\"},\"query-input\":{\"@type\":\"PropertyValueSpecification\",\"valueRequired\":true,\"valueName\":\"search_term_string\"}}],\"inLanguage\":\"et\"},{\"@type\":\"Organization\",\"@id\":\"https:\/\/wirplastbaltic.eu\/et\/#organization\",\"name\":\"WirplastBaltic.eu\",\"alternateName\":\"WirplastBaltic.eu\",\"url\":\"https:\/\/wirplastbaltic.eu\/et\/\",\"logo\":{\"@type\":\"ImageObject\",\"inLanguage\":\"et\",\"@id\":\"https:\/\/wirplastbaltic.eu\/et\/#\/schema\/logo\/image\/\",\"url\":\"https:\/\/wirplastbaltic.eu\/wp-content\/uploads\/2023\/10\/Wirplast-Baltic-logo-black-400x56px.jpg\",\"contentUrl\":\"https:\/\/wirplastbaltic.eu\/wp-content\/uploads\/2023\/10\/Wirplast-Baltic-logo-black-400x56px.jpg\",\"width\":400,\"height\":56,\"caption\":\"WirplastBaltic.eu\"},\"image\":{\"@id\":\"https:\/\/wirplastbaltic.eu\/et\/#\/schema\/logo\/image\/\"}}]}<\/script>\n<!-- \/ Yoast SEO plugin. -->","yoast_head_json":{"title":"Privaatsuspoliitika - WirplastBaltic.eu","robots":{"index":"index","follow":"follow","max-snippet":"max-snippet:-1","max-image-preview":"max-image-preview:large","max-video-preview":"max-video-preview:-1"},"canonical":"https:\/\/wirplastbaltic.eu\/et\/privaatsuspoliitika\/","og_locale":"et_EE","og_type":"article","og_title":"Privaatsuspoliitika - WirplastBaltic.eu","og_description":"K\u00e4esolev privaatsuspoliitika teavitab SIA &#8220;Wirplast Baltic&#8221; (registreerimisnumber 40103539346, juriidiline aadress: Kr\u016bzes iela 3, Riia, L\u00e4ti) isikuandmete t\u00f6\u00f6tlemise p\u00f5him\u00f5tetest ja privaatsustavadest.","og_url":"https:\/\/wirplastbaltic.eu\/et\/privaatsuspoliitika\/","og_site_name":"WirplastBaltic.eu","article_modified_time":"2024-07-04T18:25:51+00:00","twitter_card":"summary_large_image","twitter_misc":{"Est. reading time":"1 minut"},"schema":{"@context":"https:\/\/schema.org","@graph":[{"@type":"WebPage","@id":"https:\/\/wirplastbaltic.eu\/et\/privaatsuspoliitika\/","url":"https:\/\/wirplastbaltic.eu\/et\/privaatsuspoliitika\/","name":"Privaatsuspoliitika - WirplastBaltic.eu","isPartOf":{"@id":"https:\/\/wirplastbaltic.eu\/et\/#website"},"datePublished":"2022-11-11T13:25:34+00:00","dateModified":"2024-07-04T18:25:51+00:00","breadcrumb":{"@id":"https:\/\/wirplastbaltic.eu\/et\/privaatsuspoliitika\/#breadcrumb"},"inLanguage":"et","potentialAction":[{"@type":"ReadAction","target":["https:\/\/wirplastbaltic.eu\/et\/privaatsuspoliitika\/"]}]},{"@type":"BreadcrumbList","@id":"https:\/\/wirplastbaltic.eu\/et\/privaatsuspoliitika\/#breadcrumb","itemListElement":[{"@type":"ListItem","position":1,"name":"Esileht","item":"https:\/\/wirplastbaltic.eu\/et\/"},{"@type":"ListItem","position":2,"name":"Privaatsuspoliitika"}]},{"@type":"WebSite","@id":"https:\/\/wirplastbaltic.eu\/et\/#website","url":"https:\/\/wirplastbaltic.eu\/et\/","name":"WirplastBaltic.eu","description":"Katuse tuulutusavad igat t\u00fc\u00fcpi katustele","publisher":{"@id":"https:\/\/wirplastbaltic.eu\/et\/#organization"},"alternateName":"Wirplast","potentialAction":[{"@type":"SearchAction","target":{"@type":"EntryPoint","urlTemplate":"https:\/\/wirplastbaltic.eu\/et\/?s={search_term_string}"},"query-input":{"@type":"PropertyValueSpecification","valueRequired":true,"valueName":"search_term_string"}}],"inLanguage":"et"},{"@type":"Organization","@id":"https:\/\/wirplastbaltic.eu\/et\/#organization","name":"WirplastBaltic.eu","alternateName":"WirplastBaltic.eu","url":"https:\/\/wirplastbaltic.eu\/et\/","logo":{"@type":"ImageObject","inLanguage":"et","@id":"https:\/\/wirplastbaltic.eu\/et\/#\/schema\/logo\/image\/","url":"https:\/\/wirplastbaltic.eu\/wp-content\/uploads\/2023\/10\/Wirplast-Baltic-logo-black-400x56px.jpg","contentUrl":"https:\/\/wirplastbaltic.eu\/wp-content\/uploads\/2023\/10\/Wirplast-Baltic-logo-black-400x56px.jpg","width":400,"height":56,"caption":"WirplastBaltic.eu"},"image":{"@id":"https:\/\/wirplastbaltic.eu\/et\/#\/schema\/logo\/image\/"}}]}},"_links":{"self":[{"href":"https:\/\/wirplastbaltic.eu\/et\/wp-json\/wp\/v2\/pages\/30337","targetHints":{"allow":["GET"]}}],"collection":[{"href":"https:\/\/wirplastbaltic.eu\/et\/wp-json\/wp\/v2\/pages"}],"about":[{"href":"https:\/\/wirplastbaltic.eu\/et\/wp-json\/wp\/v2\/types\/page"}],"author":[{"embeddable":true,"href":"https:\/\/wirplastbaltic.eu\/et\/wp-json\/wp\/v2\/users\/1"}],"replies":[{"embeddable":true,"href":"https:\/\/wirplastbaltic.eu\/et\/wp-json\/wp\/v2\/comments?post=30337"}],"version-history":[{"count":0,"href":"https:\/\/wirplastbaltic.eu\/et\/wp-json\/wp\/v2\/pages\/30337\/revisions"}],"wp:attachment":[{"href":"https:\/\/wirplastbaltic.eu\/et\/wp-json\/wp\/v2\/media?parent=30337"}],"curies":[{"name":"wp","href":"https:\/\/api.w.org\/{rel}","templated":true}]}}