{"id":30405,"date":"2022-12-21T08:31:33","date_gmt":"2022-12-21T08:31:33","guid":{"rendered":"https:\/\/wirplastbaltic.eu\/produkti\/paindlik-uhendustoru-klik-d125-d150-d160-max-600-mm-u81r\/"},"modified":"2023-12-01T12:56:50","modified_gmt":"2023-12-01T12:56:50","slug":"painduv-uhendustoru-klik-d125-d150-d160-max-600-mm-u81r","status":"publish","type":"product","link":"https:\/\/wirplastbaltic.eu\/et\/tooted\/painduv-uhendustoru-klik-d125-d150-d160-max-600-mm-u81r\/","title":{"rendered":"Painduv \u00fchendustoru KLIK D125\/D150\/D160, max 600 mm, U81R"},"content":{"rendered":"<ul class=\"unordered-list\">\n<li>KLIK D125\/D150\/D160 mm painduvat \u00fchendustoru kasutatakse l\u00e4biviigu \u00fchendamiseks ventilatsiooni- v\u00f5i kanalisatsioonitorudega.<\/li>\n<\/ul>\n<p><strong>KLIK kinnitus &#8211; Elementide kiireks ja lihtsaks kokkupanekuks.<\/strong><\/p>\n<p><span style=\"color: #c82127\"><strong>TEHNILISED ANDMED<\/strong><\/span><\/p>\n<ul class=\"unordered-list\">\n<li>L\u00e4bim\u00f5\u00f5t: KLIK D125\/D150\/D160 mm<\/li>\n<li>Materjal: PP, PE<\/li>\n<li>Kaal: 1,00 kg<\/li>\n<li>Pikkus: 600mm<\/li>\n<\/ul>\n<p><span style=\"color: #c82127\"><strong>ALLALAETAVAD FAILID<\/strong><\/span><\/p>\n<div class=\"su-list\" style=\"margin-left:10px\">\n<ul>\n<li><i class=\"sui sui-file-pdf-o\" style=\"color:#C82127\"><\/i> <a href=\"https:\/\/wirplastbaltic.eu\/wp-content\/uploads\/2025\/11\/wirplast-katalogs-2026-eng-1.pdf\" target=\"_blank\" rel=\"noopener\">Wirplast kataloog (EN)<\/a><\/li>\n<li><i class=\"sui sui-file-pdf-o\" style=\"color:#C82127\"><\/i> <a href=\"https:\/\/wirplastbaltic.eu\/wp-content\/uploads\/2023\/09\/Wirplast-EVO-ventilacijas-izvadi-katalogs-updated-web-PL.pdf\" target=\"_blank\" rel=\"noopener\">Wirplast EVO kataloog (PL)<\/a><\/li>\n<li><i class=\"sui sui-file-pdf-o\" style=\"color:#C82127\"><\/i> <a href=\"https:\/\/wirplastbaltic.eu\/wp-content\/uploads\/2026\/02\/wirplast-profilu-pieslegumu-saraksts-2026-2.pdf\" target=\"_blank\" rel=\"noopener\">Wirplast \u00fchendusprofiilid (EN)<\/a><\/li>\n<li><i class=\"sui sui-file-pdf-o\" style=\"color:#C82127\"><\/i> <a href=\"https:\/\/wirplastbaltic.eu\/wp-content\/uploads\/2023\/09\/Wirplast-EVO-ventilacijas-izvadi-buklets-vinteko-2023-A3-locits-uz-A4-preview-LV.pdf\" target=\"_blank\" rel=\"noopener\">Wirplasti bro\u0161\u00fc\u00fcr (LV)<\/a><\/li>\n<\/ul>\n<\/div>\n","protected":false},"excerpt":{"rendered":"<p>KLIK D125\/D150\/D160 mm painduvat \u00fchendustoru kasutatakse l\u00e4biviigu \u00fchendamiseks ventilatsiooni- v\u00f5i kanalisatsioonitorudega. KLIK kinnitus &#8211; Elementide kiireks ja lihtsaks kokkupanekuks. TEHNILISED<\/p>\n","protected":false},"featured_media":30416,"template":"","meta":[],"product_brand":[],"product_cat":[683],"product_tag":[],"class_list":{"0":"post-30405","1":"product","2":"type-product","3":"status-publish","4":"has-post-thumbnail","6":"product_cat-aksessuaarid","8":"first","9":"instock","10":"shipping-taxable","11":"product-type-simple"},"yoast_head":"<!-- This site is optimized with the Yoast SEO plugin v27.1.1 - https:\/\/yoast.com\/product\/yoast-seo-wordpress\/ -->\n<title>Painduv \u00fchendustoru KLIK D125\/D150\/D160, max 600 mm, U81R - WirplastBaltic.eu<\/title>\n<meta name=\"description\" content=\"KLIK D125\/D150\/D160 mm painduvat \u00fchendustoru kasutatakse l\u00e4biviigu \u00fchendamiseks ventilatsiooni- v\u00f5i kanalisatsioonitorudega. Materjal: PP, PE.\" \/>\n<meta name=\"robots\" content=\"index, follow, max-snippet:-1, max-image-preview:large, max-video-preview:-1\" \/>\n<link rel=\"canonical\" href=\"https:\/\/wirplastbaltic.eu\/et\/tooted\/painduv-uhendustoru-klik-d125-d150-d160-max-600-mm-u81r\/\" \/>\n<meta property=\"og:locale\" content=\"et_EE\" \/>\n<meta property=\"og:type\" content=\"article\" \/>\n<meta property=\"og:title\" content=\"Painduv \u00fchendustoru KLIK D125\/D150\/D160, max 600 mm, U81R - WirplastBaltic.eu\" \/>\n<meta property=\"og:description\" content=\"KLIK D125\/D150\/D160 mm painduvat \u00fchendustoru kasutatakse l\u00e4biviigu \u00fchendamiseks ventilatsiooni- v\u00f5i kanalisatsioonitorudega. Materjal: PP, PE.\" \/>\n<meta property=\"og:url\" content=\"https:\/\/wirplastbaltic.eu\/et\/tooted\/painduv-uhendustoru-klik-d125-d150-d160-max-600-mm-u81r\/\" \/>\n<meta property=\"og:site_name\" content=\"WirplastBaltic.eu\" \/>\n<meta property=\"article:modified_time\" content=\"2023-12-01T12:56:50+00:00\" \/>\n<meta property=\"og:image\" content=\"https:\/\/wirplastbaltic.eu\/wp-content\/uploads\/2022\/12\/Wirplast-elastiga-savienojuma-caurule-U81R-galerija-1-600x600px.jpg\" \/>\n\t<meta property=\"og:image:width\" content=\"600\" \/>\n\t<meta property=\"og:image:height\" content=\"600\" \/>\n\t<meta property=\"og:image:type\" content=\"image\/jpeg\" \/>\n<meta name=\"twitter:card\" content=\"summary_large_image\" \/>\n<meta name=\"twitter:label1\" content=\"Est. reading time\" \/>\n\t<meta name=\"twitter:data1\" content=\"1 minut\" \/>\n<script type=\"application\/ld+json\" class=\"yoast-schema-graph\">{\"@context\":\"https:\/\/schema.org\",\"@graph\":[{\"@type\":\"WebPage\",\"@id\":\"https:\/\/wirplastbaltic.eu\/et\/tooted\/painduv-uhendustoru-klik-d125-d150-d160-max-600-mm-u81r\/\",\"url\":\"https:\/\/wirplastbaltic.eu\/et\/tooted\/painduv-uhendustoru-klik-d125-d150-d160-max-600-mm-u81r\/\",\"name\":\"Painduv \u00fchendustoru KLIK D125\/D150\/D160, max 600 mm, U81R - WirplastBaltic.eu\",\"isPartOf\":{\"@id\":\"https:\/\/wirplastbaltic.eu\/et\/#website\"},\"primaryImageOfPage\":{\"@id\":\"https:\/\/wirplastbaltic.eu\/et\/tooted\/painduv-uhendustoru-klik-d125-d150-d160-max-600-mm-u81r\/#primaryimage\"},\"image\":{\"@id\":\"https:\/\/wirplastbaltic.eu\/et\/tooted\/painduv-uhendustoru-klik-d125-d150-d160-max-600-mm-u81r\/#primaryimage\"},\"thumbnailUrl\":\"https:\/\/wirplastbaltic.eu\/wp-content\/uploads\/2022\/12\/Wirplast-elastiga-savienojuma-caurule-U81R-galerija-1-600x600px.jpg\",\"datePublished\":\"2022-12-21T08:31:33+00:00\",\"dateModified\":\"2023-12-01T12:56:50+00:00\",\"description\":\"KLIK D125\/D150\/D160 mm painduvat \u00fchendustoru kasutatakse l\u00e4biviigu \u00fchendamiseks ventilatsiooni- v\u00f5i kanalisatsioonitorudega. Materjal: PP, PE.\",\"breadcrumb\":{\"@id\":\"https:\/\/wirplastbaltic.eu\/et\/tooted\/painduv-uhendustoru-klik-d125-d150-d160-max-600-mm-u81r\/#breadcrumb\"},\"inLanguage\":\"et\",\"potentialAction\":[{\"@type\":\"ReadAction\",\"target\":[\"https:\/\/wirplastbaltic.eu\/et\/tooted\/painduv-uhendustoru-klik-d125-d150-d160-max-600-mm-u81r\/\"]}]},{\"@type\":\"ImageObject\",\"inLanguage\":\"et\",\"@id\":\"https:\/\/wirplastbaltic.eu\/et\/tooted\/painduv-uhendustoru-klik-d125-d150-d160-max-600-mm-u81r\/#primaryimage\",\"url\":\"https:\/\/wirplastbaltic.eu\/wp-content\/uploads\/2022\/12\/Wirplast-elastiga-savienojuma-caurule-U81R-galerija-1-600x600px.jpg\",\"contentUrl\":\"https:\/\/wirplastbaltic.eu\/wp-content\/uploads\/2022\/12\/Wirplast-elastiga-savienojuma-caurule-U81R-galerija-1-600x600px.jpg\",\"width\":600,\"height\":600},{\"@type\":\"BreadcrumbList\",\"@id\":\"https:\/\/wirplastbaltic.eu\/et\/tooted\/painduv-uhendustoru-klik-d125-d150-d160-max-600-mm-u81r\/#breadcrumb\",\"itemListElement\":[{\"@type\":\"ListItem\",\"position\":1,\"name\":\"Esileht\",\"item\":\"https:\/\/wirplastbaltic.eu\/et\/\"},{\"@type\":\"ListItem\",\"position\":2,\"name\":\"Tooted\",\"item\":\"https:\/\/wirplastbaltic.eu\/et\/shop\/\"},{\"@type\":\"ListItem\",\"position\":3,\"name\":\"Painduv \u00fchendustoru KLIK D125\/D150\/D160, max 600 mm, U81R\"}]},{\"@type\":\"WebSite\",\"@id\":\"https:\/\/wirplastbaltic.eu\/et\/#website\",\"url\":\"https:\/\/wirplastbaltic.eu\/et\/\",\"name\":\"WirplastBaltic.eu\",\"description\":\"Katuse tuulutusavad igat t\u00fc\u00fcpi katustele\",\"publisher\":{\"@id\":\"https:\/\/wirplastbaltic.eu\/et\/#organization\"},\"alternateName\":\"Wirplast\",\"potentialAction\":[{\"@type\":\"SearchAction\",\"target\":{\"@type\":\"EntryPoint\",\"urlTemplate\":\"https:\/\/wirplastbaltic.eu\/et\/?s={search_term_string}\"},\"query-input\":{\"@type\":\"PropertyValueSpecification\",\"valueRequired\":true,\"valueName\":\"search_term_string\"}}],\"inLanguage\":\"et\"},{\"@type\":\"Organization\",\"@id\":\"https:\/\/wirplastbaltic.eu\/et\/#organization\",\"name\":\"WirplastBaltic.eu\",\"alternateName\":\"WirplastBaltic.eu\",\"url\":\"https:\/\/wirplastbaltic.eu\/et\/\",\"logo\":{\"@type\":\"ImageObject\",\"inLanguage\":\"et\",\"@id\":\"https:\/\/wirplastbaltic.eu\/et\/#\/schema\/logo\/image\/\",\"url\":\"https:\/\/wirplastbaltic.eu\/wp-content\/uploads\/2023\/10\/Wirplast-Baltic-logo-black-400x56px.jpg\",\"contentUrl\":\"https:\/\/wirplastbaltic.eu\/wp-content\/uploads\/2023\/10\/Wirplast-Baltic-logo-black-400x56px.jpg\",\"width\":400,\"height\":56,\"caption\":\"WirplastBaltic.eu\"},\"image\":{\"@id\":\"https:\/\/wirplastbaltic.eu\/et\/#\/schema\/logo\/image\/\"}}]}<\/script>\n<!-- \/ Yoast SEO plugin. -->","yoast_head_json":{"title":"Painduv \u00fchendustoru KLIK D125\/D150\/D160, max 600 mm, U81R - WirplastBaltic.eu","description":"KLIK D125\/D150\/D160 mm painduvat \u00fchendustoru kasutatakse l\u00e4biviigu \u00fchendamiseks ventilatsiooni- v\u00f5i kanalisatsioonitorudega. Materjal: PP, PE.","robots":{"index":"index","follow":"follow","max-snippet":"max-snippet:-1","max-image-preview":"max-image-preview:large","max-video-preview":"max-video-preview:-1"},"canonical":"https:\/\/wirplastbaltic.eu\/et\/tooted\/painduv-uhendustoru-klik-d125-d150-d160-max-600-mm-u81r\/","og_locale":"et_EE","og_type":"article","og_title":"Painduv \u00fchendustoru KLIK D125\/D150\/D160, max 600 mm, U81R - WirplastBaltic.eu","og_description":"KLIK D125\/D150\/D160 mm painduvat \u00fchendustoru kasutatakse l\u00e4biviigu \u00fchendamiseks ventilatsiooni- v\u00f5i kanalisatsioonitorudega. Materjal: PP, PE.","og_url":"https:\/\/wirplastbaltic.eu\/et\/tooted\/painduv-uhendustoru-klik-d125-d150-d160-max-600-mm-u81r\/","og_site_name":"WirplastBaltic.eu","article_modified_time":"2023-12-01T12:56:50+00:00","og_image":[{"width":600,"height":600,"url":"https:\/\/wirplastbaltic.eu\/wp-content\/uploads\/2022\/12\/Wirplast-elastiga-savienojuma-caurule-U81R-galerija-1-600x600px.jpg","type":"image\/jpeg"}],"twitter_card":"summary_large_image","twitter_misc":{"Est. reading time":"1 minut"},"schema":{"@context":"https:\/\/schema.org","@graph":[{"@type":"WebPage","@id":"https:\/\/wirplastbaltic.eu\/et\/tooted\/painduv-uhendustoru-klik-d125-d150-d160-max-600-mm-u81r\/","url":"https:\/\/wirplastbaltic.eu\/et\/tooted\/painduv-uhendustoru-klik-d125-d150-d160-max-600-mm-u81r\/","name":"Painduv \u00fchendustoru KLIK D125\/D150\/D160, max 600 mm, U81R - WirplastBaltic.eu","isPartOf":{"@id":"https:\/\/wirplastbaltic.eu\/et\/#website"},"primaryImageOfPage":{"@id":"https:\/\/wirplastbaltic.eu\/et\/tooted\/painduv-uhendustoru-klik-d125-d150-d160-max-600-mm-u81r\/#primaryimage"},"image":{"@id":"https:\/\/wirplastbaltic.eu\/et\/tooted\/painduv-uhendustoru-klik-d125-d150-d160-max-600-mm-u81r\/#primaryimage"},"thumbnailUrl":"https:\/\/wirplastbaltic.eu\/wp-content\/uploads\/2022\/12\/Wirplast-elastiga-savienojuma-caurule-U81R-galerija-1-600x600px.jpg","datePublished":"2022-12-21T08:31:33+00:00","dateModified":"2023-12-01T12:56:50+00:00","description":"KLIK D125\/D150\/D160 mm painduvat \u00fchendustoru kasutatakse l\u00e4biviigu \u00fchendamiseks ventilatsiooni- v\u00f5i kanalisatsioonitorudega. Materjal: PP, PE.","breadcrumb":{"@id":"https:\/\/wirplastbaltic.eu\/et\/tooted\/painduv-uhendustoru-klik-d125-d150-d160-max-600-mm-u81r\/#breadcrumb"},"inLanguage":"et","potentialAction":[{"@type":"ReadAction","target":["https:\/\/wirplastbaltic.eu\/et\/tooted\/painduv-uhendustoru-klik-d125-d150-d160-max-600-mm-u81r\/"]}]},{"@type":"ImageObject","inLanguage":"et","@id":"https:\/\/wirplastbaltic.eu\/et\/tooted\/painduv-uhendustoru-klik-d125-d150-d160-max-600-mm-u81r\/#primaryimage","url":"https:\/\/wirplastbaltic.eu\/wp-content\/uploads\/2022\/12\/Wirplast-elastiga-savienojuma-caurule-U81R-galerija-1-600x600px.jpg","contentUrl":"https:\/\/wirplastbaltic.eu\/wp-content\/uploads\/2022\/12\/Wirplast-elastiga-savienojuma-caurule-U81R-galerija-1-600x600px.jpg","width":600,"height":600},{"@type":"BreadcrumbList","@id":"https:\/\/wirplastbaltic.eu\/et\/tooted\/painduv-uhendustoru-klik-d125-d150-d160-max-600-mm-u81r\/#breadcrumb","itemListElement":[{"@type":"ListItem","position":1,"name":"Esileht","item":"https:\/\/wirplastbaltic.eu\/et\/"},{"@type":"ListItem","position":2,"name":"Tooted","item":"https:\/\/wirplastbaltic.eu\/et\/shop\/"},{"@type":"ListItem","position":3,"name":"Painduv \u00fchendustoru KLIK D125\/D150\/D160, max 600 mm, U81R"}]},{"@type":"WebSite","@id":"https:\/\/wirplastbaltic.eu\/et\/#website","url":"https:\/\/wirplastbaltic.eu\/et\/","name":"WirplastBaltic.eu","description":"Katuse tuulutusavad igat t\u00fc\u00fcpi katustele","publisher":{"@id":"https:\/\/wirplastbaltic.eu\/et\/#organization"},"alternateName":"Wirplast","potentialAction":[{"@type":"SearchAction","target":{"@type":"EntryPoint","urlTemplate":"https:\/\/wirplastbaltic.eu\/et\/?s={search_term_string}"},"query-input":{"@type":"PropertyValueSpecification","valueRequired":true,"valueName":"search_term_string"}}],"inLanguage":"et"},{"@type":"Organization","@id":"https:\/\/wirplastbaltic.eu\/et\/#organization","name":"WirplastBaltic.eu","alternateName":"WirplastBaltic.eu","url":"https:\/\/wirplastbaltic.eu\/et\/","logo":{"@type":"ImageObject","inLanguage":"et","@id":"https:\/\/wirplastbaltic.eu\/et\/#\/schema\/logo\/image\/","url":"https:\/\/wirplastbaltic.eu\/wp-content\/uploads\/2023\/10\/Wirplast-Baltic-logo-black-400x56px.jpg","contentUrl":"https:\/\/wirplastbaltic.eu\/wp-content\/uploads\/2023\/10\/Wirplast-Baltic-logo-black-400x56px.jpg","width":400,"height":56,"caption":"WirplastBaltic.eu"},"image":{"@id":"https:\/\/wirplastbaltic.eu\/et\/#\/schema\/logo\/image\/"}}]}},"_links":{"self":[{"href":"https:\/\/wirplastbaltic.eu\/et\/wp-json\/wp\/v2\/product\/30405","targetHints":{"allow":["GET"]}}],"collection":[{"href":"https:\/\/wirplastbaltic.eu\/et\/wp-json\/wp\/v2\/product"}],"about":[{"href":"https:\/\/wirplastbaltic.eu\/et\/wp-json\/wp\/v2\/types\/product"}],"version-history":[{"count":0,"href":"https:\/\/wirplastbaltic.eu\/et\/wp-json\/wp\/v2\/product\/30405\/revisions"}],"wp:featuredmedia":[{"embeddable":true,"href":"https:\/\/wirplastbaltic.eu\/et\/wp-json\/wp\/v2\/media\/30416"}],"wp:attachment":[{"href":"https:\/\/wirplastbaltic.eu\/et\/wp-json\/wp\/v2\/media?parent=30405"}],"wp:term":[{"taxonomy":"product_brand","embeddable":true,"href":"https:\/\/wirplastbaltic.eu\/et\/wp-json\/wp\/v2\/product_brand?post=30405"},{"taxonomy":"product_cat","embeddable":true,"href":"https:\/\/wirplastbaltic.eu\/et\/wp-json\/wp\/v2\/product_cat?post=30405"},{"taxonomy":"product_tag","embeddable":true,"href":"https:\/\/wirplastbaltic.eu\/et\/wp-json\/wp\/v2\/product_tag?post=30405"}],"curies":[{"name":"wp","href":"https:\/\/api.w.org\/{rel}","templated":true}]}}