{"id":30445,"date":"2022-12-21T09:46:54","date_gmt":"2022-12-21T09:46:54","guid":{"rendered":"https:\/\/wirplastbaltic.eu\/produkti\/kiiruse-regulaator-ventilaatoritele-madalpinge-valge-u7800\/"},"modified":"2023-12-01T12:22:05","modified_gmt":"2023-12-01T12:22:05","slug":"kiiruse-regulaator-ventilaatoritele-valge-u7800","status":"publish","type":"product","link":"https:\/\/wirplastbaltic.eu\/et\/tooted\/kiiruse-regulaator-ventilaatoritele-valge-u7800\/","title":{"rendered":"Kiiruse regulaator ventilaatoritele, madalpinge, valge, U7800"},"content":{"rendered":"<p>Kasutatakse ventilatsioonis\u00fcsteemide sisse- ja v\u00e4ljal\u00fclitamiseks; \u00fchefaasilise elektrimootori kiiruse reguleerimiseks. Kasutatav mitme erineva ventilatsiooniava juhtimiseks, kui kogutarbimisvool ei \u00fcleta regulaatori lubatud voolu tugevust.<\/p>\n<p>M\u00f5eldud seinale paigaldamiseks.<\/p>\n<p><span style=\"color: #c82127\"><strong>TEHNILISED ANDMED<\/strong><\/span><br \/>\nPinge (V): 1~230<br \/>\nMaksimaalne ventilaatori v\u00f5imsus: 400 W<br \/>\nVoolutarve (A): 1,8<br \/>\nM\u00f5\u00f5tmed (mm): 78x78x63<br \/>\nMaksimaalne \u00fcmbritsev temperatuur (\u00b0C): 35<br \/>\nOhutusklass: IP 40<br \/>\nKaal (kg): 0,11<\/p>\n<p><span style=\"color: #c82127\"><strong>ALLALAETAVAD FAILID<\/strong><\/span><\/p>\n<div class=\"su-list\" style=\"margin-left:10px\">\n<ul>\n<li><i class=\"sui sui-file-pdf-o\" style=\"color:#C82127\"><\/i> <a href=\"https:\/\/wirplastbaltic.eu\/wp-content\/uploads\/2025\/11\/wirplast-katalogs-2026-eng-1.pdf\" target=\"_blank\" rel=\"noopener\">Wirplast kataloog (EN)<\/a><\/li>\n<li><i class=\"sui sui-file-pdf-o\" style=\"color:#C82127\"><\/i> <a href=\"https:\/\/wirplastbaltic.eu\/wp-content\/uploads\/2023\/09\/Wirplast-EVO-ventilacijas-izvadi-katalogs-updated-web-PL.pdf\" target=\"_blank\" rel=\"noopener\">Wirplast EVO kataloog (PL)<\/a><\/li>\n<li><i class=\"sui sui-file-pdf-o\" style=\"color:#C82127\"><\/i> <a href=\"https:\/\/wirplastbaltic.eu\/wp-content\/uploads\/2026\/02\/wirplast-profilu-pieslegumu-saraksts-2026-2.pdf\" target=\"_blank\" rel=\"noopener\">Wirplast \u00fchendusprofiilid (EN)<\/a><\/li>\n<li><i class=\"sui sui-file-pdf-o\" style=\"color:#C82127\"><\/i> <a href=\"https:\/\/wirplastbaltic.eu\/wp-content\/uploads\/2023\/09\/Wirplast-EVO-ventilacijas-izvadi-buklets-vinteko-2023-A3-locits-uz-A4-preview-LV.pdf\" target=\"_blank\" rel=\"noopener\">Wirplasti bro\u0161\u00fc\u00fcr (LV)<\/a><\/li>\n<\/ul>\n<\/div>\n","protected":false},"excerpt":{"rendered":"<p>Kasutatakse ventilatsioonis\u00fcsteemide sisse- ja v\u00e4ljal\u00fclitamiseks; \u00fchefaasilise elektrimootori kiiruse reguleerimiseks. Kasutatav mitme erineva ventilatsiooniava juhtimiseks, kui kogutarbimisvool ei \u00fcleta regulaatori lubatud<\/p>\n","protected":false},"featured_media":30451,"template":"","meta":[],"product_brand":[],"product_cat":[683],"product_tag":[],"class_list":{"0":"post-30445","1":"product","2":"type-product","3":"status-publish","4":"has-post-thumbnail","6":"product_cat-aksessuaarid","8":"first","9":"instock","10":"shipping-taxable","11":"product-type-simple"},"yoast_head":"<!-- This site is optimized with the Yoast SEO plugin v27.1.1 - https:\/\/yoast.com\/product\/yoast-seo-wordpress\/ -->\n<title>Kiiruse regulaator ventilaatoritele, madalpinge, valge, U7800 - WirplastBaltic.eu<\/title>\n<meta name=\"description\" content=\"Kasutatakse pingeregulaatoriga \u00fchefaasiliste ventilaatorite sisse-\/v\u00e4lja l\u00fclitamiseks ja kiiruse reguleerimiseks.\" \/>\n<meta name=\"robots\" content=\"index, follow, max-snippet:-1, max-image-preview:large, max-video-preview:-1\" \/>\n<link rel=\"canonical\" href=\"https:\/\/wirplastbaltic.eu\/et\/tooted\/kiiruse-regulaator-ventilaatoritele-valge-u7800\/\" \/>\n<meta property=\"og:locale\" content=\"et_EE\" \/>\n<meta property=\"og:type\" content=\"article\" \/>\n<meta property=\"og:title\" content=\"Kiiruse regulaator ventilaatoritele, madalpinge, valge, U7800 - WirplastBaltic.eu\" \/>\n<meta property=\"og:description\" content=\"Kasutatakse pingeregulaatoriga \u00fchefaasiliste ventilaatorite sisse-\/v\u00e4lja l\u00fclitamiseks ja kiiruse reguleerimiseks.\" \/>\n<meta property=\"og:url\" content=\"https:\/\/wirplastbaltic.eu\/et\/tooted\/kiiruse-regulaator-ventilaatoritele-valge-u7800\/\" \/>\n<meta property=\"og:site_name\" content=\"WirplastBaltic.eu\" \/>\n<meta property=\"article:modified_time\" content=\"2023-12-01T12:22:05+00:00\" \/>\n<meta property=\"og:image\" content=\"https:\/\/wirplastbaltic.eu\/wp-content\/uploads\/2022\/12\/Wirplast-apgriezienu-regulators-ventilatoriem-U7800-galerija-1-600x600px.jpg\" \/>\n\t<meta property=\"og:image:width\" content=\"600\" \/>\n\t<meta property=\"og:image:height\" content=\"600\" \/>\n\t<meta property=\"og:image:type\" content=\"image\/jpeg\" \/>\n<meta name=\"twitter:card\" content=\"summary_large_image\" \/>\n<meta name=\"twitter:label1\" content=\"Est. reading time\" \/>\n\t<meta name=\"twitter:data1\" content=\"1 minut\" \/>\n<script type=\"application\/ld+json\" class=\"yoast-schema-graph\">{\"@context\":\"https:\/\/schema.org\",\"@graph\":[{\"@type\":\"WebPage\",\"@id\":\"https:\/\/wirplastbaltic.eu\/et\/tooted\/kiiruse-regulaator-ventilaatoritele-valge-u7800\/\",\"url\":\"https:\/\/wirplastbaltic.eu\/et\/tooted\/kiiruse-regulaator-ventilaatoritele-valge-u7800\/\",\"name\":\"Kiiruse regulaator ventilaatoritele, madalpinge, valge, U7800 - WirplastBaltic.eu\",\"isPartOf\":{\"@id\":\"https:\/\/wirplastbaltic.eu\/et\/#website\"},\"primaryImageOfPage\":{\"@id\":\"https:\/\/wirplastbaltic.eu\/et\/tooted\/kiiruse-regulaator-ventilaatoritele-valge-u7800\/#primaryimage\"},\"image\":{\"@id\":\"https:\/\/wirplastbaltic.eu\/et\/tooted\/kiiruse-regulaator-ventilaatoritele-valge-u7800\/#primaryimage\"},\"thumbnailUrl\":\"https:\/\/wirplastbaltic.eu\/wp-content\/uploads\/2022\/12\/Wirplast-apgriezienu-regulators-ventilatoriem-U7800-galerija-1-600x600px.jpg\",\"datePublished\":\"2022-12-21T09:46:54+00:00\",\"dateModified\":\"2023-12-01T12:22:05+00:00\",\"description\":\"Kasutatakse pingeregulaatoriga \u00fchefaasiliste ventilaatorite sisse-\/v\u00e4lja l\u00fclitamiseks ja kiiruse reguleerimiseks.\",\"breadcrumb\":{\"@id\":\"https:\/\/wirplastbaltic.eu\/et\/tooted\/kiiruse-regulaator-ventilaatoritele-valge-u7800\/#breadcrumb\"},\"inLanguage\":\"et\",\"potentialAction\":[{\"@type\":\"ReadAction\",\"target\":[\"https:\/\/wirplastbaltic.eu\/et\/tooted\/kiiruse-regulaator-ventilaatoritele-valge-u7800\/\"]}]},{\"@type\":\"ImageObject\",\"inLanguage\":\"et\",\"@id\":\"https:\/\/wirplastbaltic.eu\/et\/tooted\/kiiruse-regulaator-ventilaatoritele-valge-u7800\/#primaryimage\",\"url\":\"https:\/\/wirplastbaltic.eu\/wp-content\/uploads\/2022\/12\/Wirplast-apgriezienu-regulators-ventilatoriem-U7800-galerija-1-600x600px.jpg\",\"contentUrl\":\"https:\/\/wirplastbaltic.eu\/wp-content\/uploads\/2022\/12\/Wirplast-apgriezienu-regulators-ventilatoriem-U7800-galerija-1-600x600px.jpg\",\"width\":600,\"height\":600},{\"@type\":\"BreadcrumbList\",\"@id\":\"https:\/\/wirplastbaltic.eu\/et\/tooted\/kiiruse-regulaator-ventilaatoritele-valge-u7800\/#breadcrumb\",\"itemListElement\":[{\"@type\":\"ListItem\",\"position\":1,\"name\":\"Esileht\",\"item\":\"https:\/\/wirplastbaltic.eu\/et\/\"},{\"@type\":\"ListItem\",\"position\":2,\"name\":\"Tooted\",\"item\":\"https:\/\/wirplastbaltic.eu\/et\/shop\/\"},{\"@type\":\"ListItem\",\"position\":3,\"name\":\"Kiiruse regulaator ventilaatoritele, madalpinge, valge, U7800\"}]},{\"@type\":\"WebSite\",\"@id\":\"https:\/\/wirplastbaltic.eu\/et\/#website\",\"url\":\"https:\/\/wirplastbaltic.eu\/et\/\",\"name\":\"WirplastBaltic.eu\",\"description\":\"Katuse tuulutusavad igat t\u00fc\u00fcpi katustele\",\"publisher\":{\"@id\":\"https:\/\/wirplastbaltic.eu\/et\/#organization\"},\"alternateName\":\"Wirplast\",\"potentialAction\":[{\"@type\":\"SearchAction\",\"target\":{\"@type\":\"EntryPoint\",\"urlTemplate\":\"https:\/\/wirplastbaltic.eu\/et\/?s={search_term_string}\"},\"query-input\":{\"@type\":\"PropertyValueSpecification\",\"valueRequired\":true,\"valueName\":\"search_term_string\"}}],\"inLanguage\":\"et\"},{\"@type\":\"Organization\",\"@id\":\"https:\/\/wirplastbaltic.eu\/et\/#organization\",\"name\":\"WirplastBaltic.eu\",\"alternateName\":\"WirplastBaltic.eu\",\"url\":\"https:\/\/wirplastbaltic.eu\/et\/\",\"logo\":{\"@type\":\"ImageObject\",\"inLanguage\":\"et\",\"@id\":\"https:\/\/wirplastbaltic.eu\/et\/#\/schema\/logo\/image\/\",\"url\":\"https:\/\/wirplastbaltic.eu\/wp-content\/uploads\/2023\/10\/Wirplast-Baltic-logo-black-400x56px.jpg\",\"contentUrl\":\"https:\/\/wirplastbaltic.eu\/wp-content\/uploads\/2023\/10\/Wirplast-Baltic-logo-black-400x56px.jpg\",\"width\":400,\"height\":56,\"caption\":\"WirplastBaltic.eu\"},\"image\":{\"@id\":\"https:\/\/wirplastbaltic.eu\/et\/#\/schema\/logo\/image\/\"}}]}<\/script>\n<!-- \/ Yoast SEO plugin. -->","yoast_head_json":{"title":"Kiiruse regulaator ventilaatoritele, madalpinge, valge, U7800 - WirplastBaltic.eu","description":"Kasutatakse pingeregulaatoriga \u00fchefaasiliste ventilaatorite sisse-\/v\u00e4lja l\u00fclitamiseks ja kiiruse reguleerimiseks.","robots":{"index":"index","follow":"follow","max-snippet":"max-snippet:-1","max-image-preview":"max-image-preview:large","max-video-preview":"max-video-preview:-1"},"canonical":"https:\/\/wirplastbaltic.eu\/et\/tooted\/kiiruse-regulaator-ventilaatoritele-valge-u7800\/","og_locale":"et_EE","og_type":"article","og_title":"Kiiruse regulaator ventilaatoritele, madalpinge, valge, U7800 - WirplastBaltic.eu","og_description":"Kasutatakse pingeregulaatoriga \u00fchefaasiliste ventilaatorite sisse-\/v\u00e4lja l\u00fclitamiseks ja kiiruse reguleerimiseks.","og_url":"https:\/\/wirplastbaltic.eu\/et\/tooted\/kiiruse-regulaator-ventilaatoritele-valge-u7800\/","og_site_name":"WirplastBaltic.eu","article_modified_time":"2023-12-01T12:22:05+00:00","og_image":[{"width":600,"height":600,"url":"https:\/\/wirplastbaltic.eu\/wp-content\/uploads\/2022\/12\/Wirplast-apgriezienu-regulators-ventilatoriem-U7800-galerija-1-600x600px.jpg","type":"image\/jpeg"}],"twitter_card":"summary_large_image","twitter_misc":{"Est. reading time":"1 minut"},"schema":{"@context":"https:\/\/schema.org","@graph":[{"@type":"WebPage","@id":"https:\/\/wirplastbaltic.eu\/et\/tooted\/kiiruse-regulaator-ventilaatoritele-valge-u7800\/","url":"https:\/\/wirplastbaltic.eu\/et\/tooted\/kiiruse-regulaator-ventilaatoritele-valge-u7800\/","name":"Kiiruse regulaator ventilaatoritele, madalpinge, valge, U7800 - WirplastBaltic.eu","isPartOf":{"@id":"https:\/\/wirplastbaltic.eu\/et\/#website"},"primaryImageOfPage":{"@id":"https:\/\/wirplastbaltic.eu\/et\/tooted\/kiiruse-regulaator-ventilaatoritele-valge-u7800\/#primaryimage"},"image":{"@id":"https:\/\/wirplastbaltic.eu\/et\/tooted\/kiiruse-regulaator-ventilaatoritele-valge-u7800\/#primaryimage"},"thumbnailUrl":"https:\/\/wirplastbaltic.eu\/wp-content\/uploads\/2022\/12\/Wirplast-apgriezienu-regulators-ventilatoriem-U7800-galerija-1-600x600px.jpg","datePublished":"2022-12-21T09:46:54+00:00","dateModified":"2023-12-01T12:22:05+00:00","description":"Kasutatakse pingeregulaatoriga \u00fchefaasiliste ventilaatorite sisse-\/v\u00e4lja l\u00fclitamiseks ja kiiruse reguleerimiseks.","breadcrumb":{"@id":"https:\/\/wirplastbaltic.eu\/et\/tooted\/kiiruse-regulaator-ventilaatoritele-valge-u7800\/#breadcrumb"},"inLanguage":"et","potentialAction":[{"@type":"ReadAction","target":["https:\/\/wirplastbaltic.eu\/et\/tooted\/kiiruse-regulaator-ventilaatoritele-valge-u7800\/"]}]},{"@type":"ImageObject","inLanguage":"et","@id":"https:\/\/wirplastbaltic.eu\/et\/tooted\/kiiruse-regulaator-ventilaatoritele-valge-u7800\/#primaryimage","url":"https:\/\/wirplastbaltic.eu\/wp-content\/uploads\/2022\/12\/Wirplast-apgriezienu-regulators-ventilatoriem-U7800-galerija-1-600x600px.jpg","contentUrl":"https:\/\/wirplastbaltic.eu\/wp-content\/uploads\/2022\/12\/Wirplast-apgriezienu-regulators-ventilatoriem-U7800-galerija-1-600x600px.jpg","width":600,"height":600},{"@type":"BreadcrumbList","@id":"https:\/\/wirplastbaltic.eu\/et\/tooted\/kiiruse-regulaator-ventilaatoritele-valge-u7800\/#breadcrumb","itemListElement":[{"@type":"ListItem","position":1,"name":"Esileht","item":"https:\/\/wirplastbaltic.eu\/et\/"},{"@type":"ListItem","position":2,"name":"Tooted","item":"https:\/\/wirplastbaltic.eu\/et\/shop\/"},{"@type":"ListItem","position":3,"name":"Kiiruse regulaator ventilaatoritele, madalpinge, valge, U7800"}]},{"@type":"WebSite","@id":"https:\/\/wirplastbaltic.eu\/et\/#website","url":"https:\/\/wirplastbaltic.eu\/et\/","name":"WirplastBaltic.eu","description":"Katuse tuulutusavad igat t\u00fc\u00fcpi katustele","publisher":{"@id":"https:\/\/wirplastbaltic.eu\/et\/#organization"},"alternateName":"Wirplast","potentialAction":[{"@type":"SearchAction","target":{"@type":"EntryPoint","urlTemplate":"https:\/\/wirplastbaltic.eu\/et\/?s={search_term_string}"},"query-input":{"@type":"PropertyValueSpecification","valueRequired":true,"valueName":"search_term_string"}}],"inLanguage":"et"},{"@type":"Organization","@id":"https:\/\/wirplastbaltic.eu\/et\/#organization","name":"WirplastBaltic.eu","alternateName":"WirplastBaltic.eu","url":"https:\/\/wirplastbaltic.eu\/et\/","logo":{"@type":"ImageObject","inLanguage":"et","@id":"https:\/\/wirplastbaltic.eu\/et\/#\/schema\/logo\/image\/","url":"https:\/\/wirplastbaltic.eu\/wp-content\/uploads\/2023\/10\/Wirplast-Baltic-logo-black-400x56px.jpg","contentUrl":"https:\/\/wirplastbaltic.eu\/wp-content\/uploads\/2023\/10\/Wirplast-Baltic-logo-black-400x56px.jpg","width":400,"height":56,"caption":"WirplastBaltic.eu"},"image":{"@id":"https:\/\/wirplastbaltic.eu\/et\/#\/schema\/logo\/image\/"}}]}},"_links":{"self":[{"href":"https:\/\/wirplastbaltic.eu\/et\/wp-json\/wp\/v2\/product\/30445","targetHints":{"allow":["GET"]}}],"collection":[{"href":"https:\/\/wirplastbaltic.eu\/et\/wp-json\/wp\/v2\/product"}],"about":[{"href":"https:\/\/wirplastbaltic.eu\/et\/wp-json\/wp\/v2\/types\/product"}],"version-history":[{"count":0,"href":"https:\/\/wirplastbaltic.eu\/et\/wp-json\/wp\/v2\/product\/30445\/revisions"}],"wp:featuredmedia":[{"embeddable":true,"href":"https:\/\/wirplastbaltic.eu\/et\/wp-json\/wp\/v2\/media\/30451"}],"wp:attachment":[{"href":"https:\/\/wirplastbaltic.eu\/et\/wp-json\/wp\/v2\/media?parent=30445"}],"wp:term":[{"taxonomy":"product_brand","embeddable":true,"href":"https:\/\/wirplastbaltic.eu\/et\/wp-json\/wp\/v2\/product_brand?post=30445"},{"taxonomy":"product_cat","embeddable":true,"href":"https:\/\/wirplastbaltic.eu\/et\/wp-json\/wp\/v2\/product_cat?post=30445"},{"taxonomy":"product_tag","embeddable":true,"href":"https:\/\/wirplastbaltic.eu\/et\/wp-json\/wp\/v2\/product_tag?post=30445"}],"curies":[{"name":"wp","href":"https:\/\/api.w.org\/{rel}","templated":true}]}}