{"id":30953,"date":"2023-08-17T08:33:40","date_gmt":"2023-08-17T08:33:40","guid":{"rendered":"https:\/\/wirplastbaltic.eu\/produkti\/paikeseuhendus-s56-tile\/"},"modified":"2023-11-02T09:25:46","modified_gmt":"2023-11-02T09:25:46","slug":"solar-obligation-s56-plaat","status":"publish","type":"product","link":"https:\/\/wirplastbaltic.eu\/et\/tooted\/solar-obligation-s56-plaat\/","title":{"rendered":"P\u00e4ikesepaneeli \u00fchendus, S56, TILE"},"content":{"rendered":"<p><strong>P\u00e4ikesepaneeli \u00fchendus S56 sobib:<\/strong> savikatusele, betoonkatusele.<\/p>\n<p>P\u00e4ikesepaneeli \u00fchendus S56 on m\u00f5eldud p\u00e4ikesepaneelide torude ja juhtmete juhtimiseks l\u00e4bi katusekatte. Kahekordne kummist otsik tagab lekkekindla \u00fchenduse ning selle, et p\u00e4ikesepaneelidega saab \u00fchendada nii torusid kui ka juhtmeid.<\/p>\n<p>Elemendi kate on eemaldatav, v\u00f5imaldades vaba juurdep\u00e4\u00e4su lihtsaks remondiks ja pro\ufb01t-t\u00f6\u00f6deks.<\/p>\n<p><strong>P\u00e4ikesepaneeli \u00fchendus<\/strong> on <strong>saadaval paigaldusvalmis komplektina:<\/strong> p\u00e4ikesepaneeli \u00fchendus, sobiv katuse\u00fchendus\/alune, must EPDM-kummist otsik.<\/p>\n<ul class=\"unordered-list\">\n<li>Spetsiaalne pinnat\u00f6\u00f6tlus tagab erakordse vastupidavuse kriimustuste, k\u00f5rgete temperatuurik\u00f5ikumiste, korrosiooni ja UV-kiirguse suhtes.<\/li>\n<li>Lihtne ja kiire kokkupanek.<\/li>\n<li>P\u00e4ikese\u00fchendused on moodsa, visuaalselt esteetilise disainiga.<\/li>\n<\/ul>\n<p><span style=\"color: #c82127;\"><strong>TEHNILISED KUUP\u00c4EVAD<\/strong><\/span><\/p>\n<ul>\n<li style=\"list-style-type: none;\">\n<ul class=\"unordered-list\">\n<li><strong>L\u00e4bim\u00f5\u00f5t:<\/strong> \u23005-47mm<\/li>\n<li><strong>K\u00f5rgus:<\/strong> 87-121 mm<\/li>\n<li><strong>Materjal:<\/strong> PP koos UV-stabilisaatoriga, EPDM<\/li>\n<li><strong>P\u00e4ikesepaneeli \u00fchendus on saadaval paigaldusvalmis komplektina:<\/strong> p\u00e4ikesepaneeli \u00fchendus, sobiv katuse\u00fchendus\/alus, but\u00fc\u00fcltihend, 4 gb kruvi v\u00e4ljalaskev\u00e4rvi.<\/li>\n<\/ul>\n<\/li>\n<\/ul>\n<p><span style=\"color: #c82127;\"><strong>FAILIDE ALLALAADIMINE<\/strong><\/span><\/p>\n<div class=\"su-list\" style=\"margin-left:10px\">\n<ul>\n<li><i class=\"sui sui-file-pdf-o\" style=\"color:#C82127\"><\/i> <a href=\"https:\/\/wirplastbaltic.eu\/wp-content\/uploads\/2025\/11\/wirplast-katalogs-2026-eng-1.pdf\" target=\"_blank\" rel=\"noopener\">Wirplast kataloog (EN)<\/a><\/li>\n<li><i class=\"sui sui-file-pdf-o\" style=\"color:#C82127\"><\/i> <a href=\"https:\/\/wirplastbaltic.eu\/wp-content\/uploads\/2023\/09\/Wirplast-EVO-ventilacijas-izvadi-katalogs-updated-web-PL.pdf\" target=\"_blank\" rel=\"noopener\">Wirplast EVO kataloog (PL)<\/a><\/li>\n<li><i class=\"sui sui-file-pdf-o\" style=\"color:#C82127\"><\/i> <a href=\"https:\/\/wirplastbaltic.eu\/wp-content\/uploads\/2026\/02\/wirplast-profilu-pieslegumu-saraksts-2026-2.pdf\" target=\"_blank\" rel=\"noopener\">Wirplast \u00fchendusprofiilid (EN)<\/a><\/li>\n<li><i class=\"sui sui-file-pdf-o\" style=\"color:#C82127\"><\/i> <a href=\"https:\/\/wirplastbaltic.eu\/wp-content\/uploads\/2023\/09\/Wirplast-EVO-ventilacijas-izvadi-buklets-vinteko-2023-A3-locits-uz-A4-preview-LV.pdf\" target=\"_blank\" rel=\"noopener\">Wirplasti bro\u0161\u00fc\u00fcr (LV)<\/a><\/li>\n<li><i class=\"sui sui-file-pdf-o\" style=\"color:#C82127\"><\/i> <a href=\"https:\/\/wirplastbaltic.eu\/wp-content\/uploads\/2023\/10\/Wirplast-solarie-pieslegumi-S21-S23-S25-S48-S56-deklaracija-19-10-2023.pdf\" target=\"_blank\" rel=\"noopener\">P\u00e4ikesepaneeli \u00fchendus: toimivusdeklaratsioon (LV)<\/a><\/li>\n<\/ul>\n<\/div>\n","protected":false},"excerpt":{"rendered":"<p>Nende v\u00e4ljalaskeavade jaoks tuleb valida katusekattele sobiv profiil\u00fchendus v\u00f5i sobiv katuse v\u00e4ljalaskeava alusplaat.<\/p>\n<p>T\u00e4ielik nimekiri praegustest \u00fchendustest on esitatud allpool &#8211; jaotises&#8221;&#8221;ALAMINE MAAKONNAV\u00c4LJAKOND&#8221;.<\/p>\n","protected":false},"featured_media":30954,"template":"","meta":[],"product_brand":[],"product_cat":[761],"product_tag":[],"class_list":{"0":"post-30953","1":"product","2":"type-product","3":"status-publish","4":"has-post-thumbnail","6":"product_cat-paikesepaneelid-uhendused","8":"first","9":"instock","10":"shipping-taxable","11":"purchasable","12":"product-type-variable"},"yoast_head":"<!-- This site is optimized with the Yoast SEO plugin v27.1.1 - https:\/\/yoast.com\/product\/yoast-seo-wordpress\/ -->\n<title>P\u00e4ikesepaneeli \u00fchendus, S56, TILE - WirplastBaltic.eu<\/title>\n<meta name=\"description\" content=\"P\u00e4ikesepaneeli \u00fchendus S56 on m\u00f5eldud p\u00e4ikesepaneelide torude ja juhtmete juhtimiseks l\u00e4bi katusekatte. P\u00e4ikesepaneeli \u00fchendus on saadaval paigaldusvalmis komplektina.\" \/>\n<meta name=\"robots\" content=\"index, follow, max-snippet:-1, max-image-preview:large, max-video-preview:-1\" \/>\n<link rel=\"canonical\" href=\"https:\/\/wirplastbaltic.eu\/et\/tooted\/solar-obligation-s56-plaat\/\" \/>\n<meta property=\"og:locale\" content=\"et_EE\" \/>\n<meta property=\"og:type\" content=\"article\" \/>\n<meta property=\"og:title\" content=\"P\u00e4ikesepaneeli \u00fchendus, S56, TILE - WirplastBaltic.eu\" \/>\n<meta property=\"og:description\" content=\"P\u00e4ikesepaneeli \u00fchendus S56 on m\u00f5eldud p\u00e4ikesepaneelide torude ja juhtmete juhtimiseks l\u00e4bi katusekatte. P\u00e4ikesepaneeli \u00fchendus on saadaval paigaldusvalmis komplektina.\" \/>\n<meta property=\"og:url\" content=\"https:\/\/wirplastbaltic.eu\/et\/tooted\/solar-obligation-s56-plaat\/\" \/>\n<meta property=\"og:site_name\" content=\"WirplastBaltic.eu\" \/>\n<meta property=\"article:modified_time\" content=\"2023-11-02T09:25:46+00:00\" \/>\n<meta property=\"og:image\" content=\"https:\/\/wirplastbaltic.eu\/wp-content\/uploads\/2023\/08\/Wirplast-solarais-pieslegums-s56-tile-krasa-03-grafita-ral7024-600x600px.jpg\" \/>\n\t<meta property=\"og:image:width\" content=\"600\" \/>\n\t<meta property=\"og:image:height\" content=\"600\" \/>\n\t<meta property=\"og:image:type\" content=\"image\/jpeg\" \/>\n<meta name=\"twitter:card\" content=\"summary_large_image\" \/>\n<meta name=\"twitter:label1\" content=\"Est. reading time\" \/>\n\t<meta name=\"twitter:data1\" content=\"1 minut\" \/>\n<script type=\"application\/ld+json\" class=\"yoast-schema-graph\">{\"@context\":\"https:\/\/schema.org\",\"@graph\":[{\"@type\":\"WebPage\",\"@id\":\"https:\/\/wirplastbaltic.eu\/et\/tooted\/solar-obligation-s56-plaat\/\",\"url\":\"https:\/\/wirplastbaltic.eu\/et\/tooted\/solar-obligation-s56-plaat\/\",\"name\":\"P\u00e4ikesepaneeli \u00fchendus, S56, TILE - WirplastBaltic.eu\",\"isPartOf\":{\"@id\":\"https:\/\/wirplastbaltic.eu\/et\/#website\"},\"primaryImageOfPage\":{\"@id\":\"https:\/\/wirplastbaltic.eu\/et\/tooted\/solar-obligation-s56-plaat\/#primaryimage\"},\"image\":{\"@id\":\"https:\/\/wirplastbaltic.eu\/et\/tooted\/solar-obligation-s56-plaat\/#primaryimage\"},\"thumbnailUrl\":\"https:\/\/wirplastbaltic.eu\/wp-content\/uploads\/2023\/08\/Wirplast-solarais-pieslegums-s56-tile-krasa-03-grafita-ral7024-600x600px.jpg\",\"datePublished\":\"2023-08-17T08:33:40+00:00\",\"dateModified\":\"2023-11-02T09:25:46+00:00\",\"description\":\"P\u00e4ikesepaneeli \u00fchendus S56 on m\u00f5eldud p\u00e4ikesepaneelide torude ja juhtmete juhtimiseks l\u00e4bi katusekatte. P\u00e4ikesepaneeli \u00fchendus on saadaval paigaldusvalmis komplektina.\",\"breadcrumb\":{\"@id\":\"https:\/\/wirplastbaltic.eu\/et\/tooted\/solar-obligation-s56-plaat\/#breadcrumb\"},\"inLanguage\":\"et\",\"potentialAction\":[{\"@type\":\"ReadAction\",\"target\":[\"https:\/\/wirplastbaltic.eu\/et\/tooted\/solar-obligation-s56-plaat\/\"]}]},{\"@type\":\"ImageObject\",\"inLanguage\":\"et\",\"@id\":\"https:\/\/wirplastbaltic.eu\/et\/tooted\/solar-obligation-s56-plaat\/#primaryimage\",\"url\":\"https:\/\/wirplastbaltic.eu\/wp-content\/uploads\/2023\/08\/Wirplast-solarais-pieslegums-s56-tile-krasa-03-grafita-ral7024-600x600px.jpg\",\"contentUrl\":\"https:\/\/wirplastbaltic.eu\/wp-content\/uploads\/2023\/08\/Wirplast-solarais-pieslegums-s56-tile-krasa-03-grafita-ral7024-600x600px.jpg\",\"width\":600,\"height\":600},{\"@type\":\"BreadcrumbList\",\"@id\":\"https:\/\/wirplastbaltic.eu\/et\/tooted\/solar-obligation-s56-plaat\/#breadcrumb\",\"itemListElement\":[{\"@type\":\"ListItem\",\"position\":1,\"name\":\"Esileht\",\"item\":\"https:\/\/wirplastbaltic.eu\/et\/\"},{\"@type\":\"ListItem\",\"position\":2,\"name\":\"Tooted\",\"item\":\"https:\/\/wirplastbaltic.eu\/et\/shop\/\"},{\"@type\":\"ListItem\",\"position\":3,\"name\":\"P\u00e4ikesepaneeli \u00fchendus, S56, TILE\"}]},{\"@type\":\"WebSite\",\"@id\":\"https:\/\/wirplastbaltic.eu\/et\/#website\",\"url\":\"https:\/\/wirplastbaltic.eu\/et\/\",\"name\":\"WirplastBaltic.eu\",\"description\":\"Katuse tuulutusavad igat t\u00fc\u00fcpi katustele\",\"publisher\":{\"@id\":\"https:\/\/wirplastbaltic.eu\/et\/#organization\"},\"alternateName\":\"Wirplast\",\"potentialAction\":[{\"@type\":\"SearchAction\",\"target\":{\"@type\":\"EntryPoint\",\"urlTemplate\":\"https:\/\/wirplastbaltic.eu\/et\/?s={search_term_string}\"},\"query-input\":{\"@type\":\"PropertyValueSpecification\",\"valueRequired\":true,\"valueName\":\"search_term_string\"}}],\"inLanguage\":\"et\"},{\"@type\":\"Organization\",\"@id\":\"https:\/\/wirplastbaltic.eu\/et\/#organization\",\"name\":\"WirplastBaltic.eu\",\"alternateName\":\"WirplastBaltic.eu\",\"url\":\"https:\/\/wirplastbaltic.eu\/et\/\",\"logo\":{\"@type\":\"ImageObject\",\"inLanguage\":\"et\",\"@id\":\"https:\/\/wirplastbaltic.eu\/et\/#\/schema\/logo\/image\/\",\"url\":\"https:\/\/wirplastbaltic.eu\/wp-content\/uploads\/2023\/10\/Wirplast-Baltic-logo-black-400x56px.jpg\",\"contentUrl\":\"https:\/\/wirplastbaltic.eu\/wp-content\/uploads\/2023\/10\/Wirplast-Baltic-logo-black-400x56px.jpg\",\"width\":400,\"height\":56,\"caption\":\"WirplastBaltic.eu\"},\"image\":{\"@id\":\"https:\/\/wirplastbaltic.eu\/et\/#\/schema\/logo\/image\/\"}}]}<\/script>\n<!-- \/ Yoast SEO plugin. -->","yoast_head_json":{"title":"P\u00e4ikesepaneeli \u00fchendus, S56, TILE - WirplastBaltic.eu","description":"P\u00e4ikesepaneeli \u00fchendus S56 on m\u00f5eldud p\u00e4ikesepaneelide torude ja juhtmete juhtimiseks l\u00e4bi katusekatte. P\u00e4ikesepaneeli \u00fchendus on saadaval paigaldusvalmis komplektina.","robots":{"index":"index","follow":"follow","max-snippet":"max-snippet:-1","max-image-preview":"max-image-preview:large","max-video-preview":"max-video-preview:-1"},"canonical":"https:\/\/wirplastbaltic.eu\/et\/tooted\/solar-obligation-s56-plaat\/","og_locale":"et_EE","og_type":"article","og_title":"P\u00e4ikesepaneeli \u00fchendus, S56, TILE - WirplastBaltic.eu","og_description":"P\u00e4ikesepaneeli \u00fchendus S56 on m\u00f5eldud p\u00e4ikesepaneelide torude ja juhtmete juhtimiseks l\u00e4bi katusekatte. P\u00e4ikesepaneeli \u00fchendus on saadaval paigaldusvalmis komplektina.","og_url":"https:\/\/wirplastbaltic.eu\/et\/tooted\/solar-obligation-s56-plaat\/","og_site_name":"WirplastBaltic.eu","article_modified_time":"2023-11-02T09:25:46+00:00","og_image":[{"width":600,"height":600,"url":"https:\/\/wirplastbaltic.eu\/wp-content\/uploads\/2023\/08\/Wirplast-solarais-pieslegums-s56-tile-krasa-03-grafita-ral7024-600x600px.jpg","type":"image\/jpeg"}],"twitter_card":"summary_large_image","twitter_misc":{"Est. reading time":"1 minut"},"schema":{"@context":"https:\/\/schema.org","@graph":[{"@type":"WebPage","@id":"https:\/\/wirplastbaltic.eu\/et\/tooted\/solar-obligation-s56-plaat\/","url":"https:\/\/wirplastbaltic.eu\/et\/tooted\/solar-obligation-s56-plaat\/","name":"P\u00e4ikesepaneeli \u00fchendus, S56, TILE - WirplastBaltic.eu","isPartOf":{"@id":"https:\/\/wirplastbaltic.eu\/et\/#website"},"primaryImageOfPage":{"@id":"https:\/\/wirplastbaltic.eu\/et\/tooted\/solar-obligation-s56-plaat\/#primaryimage"},"image":{"@id":"https:\/\/wirplastbaltic.eu\/et\/tooted\/solar-obligation-s56-plaat\/#primaryimage"},"thumbnailUrl":"https:\/\/wirplastbaltic.eu\/wp-content\/uploads\/2023\/08\/Wirplast-solarais-pieslegums-s56-tile-krasa-03-grafita-ral7024-600x600px.jpg","datePublished":"2023-08-17T08:33:40+00:00","dateModified":"2023-11-02T09:25:46+00:00","description":"P\u00e4ikesepaneeli \u00fchendus S56 on m\u00f5eldud p\u00e4ikesepaneelide torude ja juhtmete juhtimiseks l\u00e4bi katusekatte. P\u00e4ikesepaneeli \u00fchendus on saadaval paigaldusvalmis komplektina.","breadcrumb":{"@id":"https:\/\/wirplastbaltic.eu\/et\/tooted\/solar-obligation-s56-plaat\/#breadcrumb"},"inLanguage":"et","potentialAction":[{"@type":"ReadAction","target":["https:\/\/wirplastbaltic.eu\/et\/tooted\/solar-obligation-s56-plaat\/"]}]},{"@type":"ImageObject","inLanguage":"et","@id":"https:\/\/wirplastbaltic.eu\/et\/tooted\/solar-obligation-s56-plaat\/#primaryimage","url":"https:\/\/wirplastbaltic.eu\/wp-content\/uploads\/2023\/08\/Wirplast-solarais-pieslegums-s56-tile-krasa-03-grafita-ral7024-600x600px.jpg","contentUrl":"https:\/\/wirplastbaltic.eu\/wp-content\/uploads\/2023\/08\/Wirplast-solarais-pieslegums-s56-tile-krasa-03-grafita-ral7024-600x600px.jpg","width":600,"height":600},{"@type":"BreadcrumbList","@id":"https:\/\/wirplastbaltic.eu\/et\/tooted\/solar-obligation-s56-plaat\/#breadcrumb","itemListElement":[{"@type":"ListItem","position":1,"name":"Esileht","item":"https:\/\/wirplastbaltic.eu\/et\/"},{"@type":"ListItem","position":2,"name":"Tooted","item":"https:\/\/wirplastbaltic.eu\/et\/shop\/"},{"@type":"ListItem","position":3,"name":"P\u00e4ikesepaneeli \u00fchendus, S56, TILE"}]},{"@type":"WebSite","@id":"https:\/\/wirplastbaltic.eu\/et\/#website","url":"https:\/\/wirplastbaltic.eu\/et\/","name":"WirplastBaltic.eu","description":"Katuse tuulutusavad igat t\u00fc\u00fcpi katustele","publisher":{"@id":"https:\/\/wirplastbaltic.eu\/et\/#organization"},"alternateName":"Wirplast","potentialAction":[{"@type":"SearchAction","target":{"@type":"EntryPoint","urlTemplate":"https:\/\/wirplastbaltic.eu\/et\/?s={search_term_string}"},"query-input":{"@type":"PropertyValueSpecification","valueRequired":true,"valueName":"search_term_string"}}],"inLanguage":"et"},{"@type":"Organization","@id":"https:\/\/wirplastbaltic.eu\/et\/#organization","name":"WirplastBaltic.eu","alternateName":"WirplastBaltic.eu","url":"https:\/\/wirplastbaltic.eu\/et\/","logo":{"@type":"ImageObject","inLanguage":"et","@id":"https:\/\/wirplastbaltic.eu\/et\/#\/schema\/logo\/image\/","url":"https:\/\/wirplastbaltic.eu\/wp-content\/uploads\/2023\/10\/Wirplast-Baltic-logo-black-400x56px.jpg","contentUrl":"https:\/\/wirplastbaltic.eu\/wp-content\/uploads\/2023\/10\/Wirplast-Baltic-logo-black-400x56px.jpg","width":400,"height":56,"caption":"WirplastBaltic.eu"},"image":{"@id":"https:\/\/wirplastbaltic.eu\/et\/#\/schema\/logo\/image\/"}}]}},"_links":{"self":[{"href":"https:\/\/wirplastbaltic.eu\/et\/wp-json\/wp\/v2\/product\/30953","targetHints":{"allow":["GET"]}}],"collection":[{"href":"https:\/\/wirplastbaltic.eu\/et\/wp-json\/wp\/v2\/product"}],"about":[{"href":"https:\/\/wirplastbaltic.eu\/et\/wp-json\/wp\/v2\/types\/product"}],"version-history":[{"count":0,"href":"https:\/\/wirplastbaltic.eu\/et\/wp-json\/wp\/v2\/product\/30953\/revisions"}],"wp:featuredmedia":[{"embeddable":true,"href":"https:\/\/wirplastbaltic.eu\/et\/wp-json\/wp\/v2\/media\/30954"}],"wp:attachment":[{"href":"https:\/\/wirplastbaltic.eu\/et\/wp-json\/wp\/v2\/media?parent=30953"}],"wp:term":[{"taxonomy":"product_brand","embeddable":true,"href":"https:\/\/wirplastbaltic.eu\/et\/wp-json\/wp\/v2\/product_brand?post=30953"},{"taxonomy":"product_cat","embeddable":true,"href":"https:\/\/wirplastbaltic.eu\/et\/wp-json\/wp\/v2\/product_cat?post=30953"},{"taxonomy":"product_tag","embeddable":true,"href":"https:\/\/wirplastbaltic.eu\/et\/wp-json\/wp\/v2\/product_tag?post=30953"}],"curies":[{"name":"wp","href":"https:\/\/api.w.org\/{rel}","templated":true}]}}