{"id":31387,"date":"2023-08-21T12:00:30","date_gmt":"2023-08-21T12:00:30","guid":{"rendered":"https:\/\/wirplastbaltic.eu\/produkti\/ventilatsiooni-labiviik-lamekatustele-deflektor-d75\/"},"modified":"2023-11-27T18:14:12","modified_gmt":"2023-11-27T18:14:12","slug":"lamekatuse-alarohutuuluti-d75","status":"publish","type":"product","link":"https:\/\/wirplastbaltic.eu\/et\/tooted\/lamekatuse-alarohutuuluti-d75\/","title":{"rendered":"Lamekatuse alar\u00f5hutuuluti (deflektor), D75"},"content":{"rendered":"<p><strong>Lamekatuse alar\u00f5hutuuluti<\/strong>\u00a0<strong>D75<\/strong> &#8211; Deflektor.<\/p>\n<ul class=\"unordered-list\">\n<li>Tagab, et katusekatte ja konstruktsiooni vahele ei tekiks kondensatsiooni. Pikendab konstruktsiooni kasutusiga.<\/li>\n<li>Eemaldatav \u00fclemine tuulutusava lihtsaks paigaldamiseks.<\/li>\n<li>L\u00e4biviigur\u00f5ngas tagab veekindluse.<\/li>\n<\/ul>\n<p><span style=\"color: #c82127\"><strong>TEHNILISED KUUP\u00c4EVAD<\/strong><\/span><\/p>\n<ul>\n<li style=\"list-style-type: none\">\n<ul class=\"unordered-list\">\n<li><strong>L\u00e4bim\u00f5\u00f5t:<\/strong> D75 mm<\/li>\n<li><strong>K\u00f5rgus:<\/strong> 275 mm<\/li>\n<li><strong>Materjal:<\/strong> PP<\/li>\n<\/ul>\n<\/li>\n<\/ul>\n<p><span style=\"color: #c82127\"><strong>FAILIDE ALLALAADIMINE<\/strong><\/span><\/p>\n<div class=\"su-list\" style=\"margin-left:10px\"><\/div>\n<ul>\n<li><a href=\"https:\/\/wirplastbaltic.eu\/wp-content\/uploads\/2025\/11\/wirplast-katalogs-2026-eng-1.pdf\" target=\"_blank\" rel=\"noopener\">Wirplast kataloog (EN)<\/a><\/li>\n<li><a href=\"https:\/\/wirplastbaltic.eu\/wp-content\/uploads\/2023\/09\/Wirplast-EVO-ventilacijas-izvadi-katalogs-updated-web-PL.pdf\" target=\"_blank\" rel=\"noopener\">Wirplast EVO kataloog (PL)<\/a><\/li>\n<li><a href=\"https:\/\/wirplastbaltic.eu\/wp-content\/uploads\/2026\/02\/wirplast-profilu-pieslegumu-saraksts-2026-2.pdf\" target=\"_blank\" rel=\"noopener\">Wirplast \u00fchendusprofiilid (EN)<\/a><\/li>\n<li><a href=\"https:\/\/wirplastbaltic.eu\/wp-content\/uploads\/2023\/09\/Wirplast-EVO-ventilacijas-izvadi-buklets-vinteko-2023-A3-locits-uz-A4-preview-LV.pdf\" target=\"_blank\" rel=\"noopener\">Wirplasti bro\u0161\u00fc\u00fcr (LV)<\/a><\/li>\n<li><a href=\"https:\/\/wirplastbaltic.eu\/wp-content\/uploads\/2023\/10\/Wirplast-ventilacijas-izvads-plakanajiem-jumtiem-K40-K41-deklaracija-28-09-2023-LV.pdf\" target=\"_blank\" rel=\"noopener\">Wirplast - lamekatuste tuuluti (K40,K41) toimivusdeklaratsioon (LV)<\/a><\/li>\n<\/ul>\n","protected":false},"excerpt":{"rendered":"<p>Lamekatuse alar\u00f5hutuuluti\u00a0D75 &#8211; Deflektor. Tagab, et katusekatte ja konstruktsiooni vahele ei tekiks kondensatsiooni. Pikendab konstruktsiooni kasutusiga. Eemaldatav \u00fclemine tuulutusava lihtsaks<\/p>\n","protected":false},"featured_media":31388,"template":"","meta":[],"product_brand":[],"product_cat":[789,689],"product_tag":[],"class_list":{"0":"post-31387","1":"product","2":"type-product","3":"status-publish","4":"has-post-thumbnail","6":"product_cat-lamekatustele","7":"product_cat-ventilatsiooni-labiviigud","9":"first","10":"instock","11":"shipping-taxable","12":"purchasable","13":"product-type-simple"},"yoast_head":"<!-- This site is optimized with the Yoast SEO plugin v27.1.1 - https:\/\/yoast.com\/product\/yoast-seo-wordpress\/ -->\n<title>Lamekatuse alar\u00f5hutuuluti (deflektor), D75 - WirplastBaltic.eu<\/title>\n<meta name=\"description\" content=\"Lamekatuse alar\u00f5hutuuluti D75 v\u00f5i deflektor. Tagab, et katusekatte ja konstruktsiooni vahele ei tekiks kondensatsiooni.\" \/>\n<meta name=\"robots\" content=\"index, follow, max-snippet:-1, max-image-preview:large, max-video-preview:-1\" \/>\n<link rel=\"canonical\" href=\"https:\/\/wirplastbaltic.eu\/et\/tooted\/lamekatuse-alarohutuuluti-d75\/\" \/>\n<meta property=\"og:locale\" content=\"et_EE\" \/>\n<meta property=\"og:type\" content=\"article\" \/>\n<meta property=\"og:title\" content=\"Lamekatuse alar\u00f5hutuuluti (deflektor), D75 - WirplastBaltic.eu\" \/>\n<meta property=\"og:description\" content=\"Lamekatuse alar\u00f5hutuuluti D75 v\u00f5i deflektor. Tagab, et katusekatte ja konstruktsiooni vahele ei tekiks kondensatsiooni.\" \/>\n<meta property=\"og:url\" content=\"https:\/\/wirplastbaltic.eu\/et\/tooted\/lamekatuse-alarohutuuluti-d75\/\" \/>\n<meta property=\"og:site_name\" content=\"WirplastBaltic.eu\" \/>\n<meta property=\"article:modified_time\" content=\"2023-11-27T18:14:12+00:00\" \/>\n<meta property=\"og:image\" content=\"https:\/\/wirplastbaltic.eu\/wp-content\/uploads\/2023\/08\/Wirplast-ventilacijas-izvads-plakaniem-jumtiem-k40-d75-galerija-1-600x600px.jpg\" \/>\n\t<meta property=\"og:image:width\" content=\"600\" \/>\n\t<meta property=\"og:image:height\" content=\"600\" \/>\n\t<meta property=\"og:image:type\" content=\"image\/jpeg\" \/>\n<meta name=\"twitter:card\" content=\"summary_large_image\" \/>\n<meta name=\"twitter:label1\" content=\"Est. reading time\" \/>\n\t<meta name=\"twitter:data1\" content=\"1 minut\" \/>\n<script type=\"application\/ld+json\" class=\"yoast-schema-graph\">{\"@context\":\"https:\/\/schema.org\",\"@graph\":[{\"@type\":\"WebPage\",\"@id\":\"https:\/\/wirplastbaltic.eu\/et\/tooted\/lamekatuse-alarohutuuluti-d75\/\",\"url\":\"https:\/\/wirplastbaltic.eu\/et\/tooted\/lamekatuse-alarohutuuluti-d75\/\",\"name\":\"Lamekatuse alar\u00f5hutuuluti (deflektor), D75 - WirplastBaltic.eu\",\"isPartOf\":{\"@id\":\"https:\/\/wirplastbaltic.eu\/et\/#website\"},\"primaryImageOfPage\":{\"@id\":\"https:\/\/wirplastbaltic.eu\/et\/tooted\/lamekatuse-alarohutuuluti-d75\/#primaryimage\"},\"image\":{\"@id\":\"https:\/\/wirplastbaltic.eu\/et\/tooted\/lamekatuse-alarohutuuluti-d75\/#primaryimage\"},\"thumbnailUrl\":\"https:\/\/wirplastbaltic.eu\/wp-content\/uploads\/2023\/08\/Wirplast-ventilacijas-izvads-plakaniem-jumtiem-k40-d75-galerija-1-600x600px.jpg\",\"datePublished\":\"2023-08-21T12:00:30+00:00\",\"dateModified\":\"2023-11-27T18:14:12+00:00\",\"description\":\"Lamekatuse alar\u00f5hutuuluti D75 v\u00f5i deflektor. Tagab, et katusekatte ja konstruktsiooni vahele ei tekiks kondensatsiooni.\",\"breadcrumb\":{\"@id\":\"https:\/\/wirplastbaltic.eu\/et\/tooted\/lamekatuse-alarohutuuluti-d75\/#breadcrumb\"},\"inLanguage\":\"et\",\"potentialAction\":[{\"@type\":\"ReadAction\",\"target\":[\"https:\/\/wirplastbaltic.eu\/et\/tooted\/lamekatuse-alarohutuuluti-d75\/\"]}]},{\"@type\":\"ImageObject\",\"inLanguage\":\"et\",\"@id\":\"https:\/\/wirplastbaltic.eu\/et\/tooted\/lamekatuse-alarohutuuluti-d75\/#primaryimage\",\"url\":\"https:\/\/wirplastbaltic.eu\/wp-content\/uploads\/2023\/08\/Wirplast-ventilacijas-izvads-plakaniem-jumtiem-k40-d75-galerija-1-600x600px.jpg\",\"contentUrl\":\"https:\/\/wirplastbaltic.eu\/wp-content\/uploads\/2023\/08\/Wirplast-ventilacijas-izvads-plakaniem-jumtiem-k40-d75-galerija-1-600x600px.jpg\",\"width\":600,\"height\":600},{\"@type\":\"BreadcrumbList\",\"@id\":\"https:\/\/wirplastbaltic.eu\/et\/tooted\/lamekatuse-alarohutuuluti-d75\/#breadcrumb\",\"itemListElement\":[{\"@type\":\"ListItem\",\"position\":1,\"name\":\"Esileht\",\"item\":\"https:\/\/wirplastbaltic.eu\/et\/\"},{\"@type\":\"ListItem\",\"position\":2,\"name\":\"Tooted\",\"item\":\"https:\/\/wirplastbaltic.eu\/et\/shop\/\"},{\"@type\":\"ListItem\",\"position\":3,\"name\":\"Lamekatuse alar\u00f5hutuuluti (deflektor), D75\"}]},{\"@type\":\"WebSite\",\"@id\":\"https:\/\/wirplastbaltic.eu\/et\/#website\",\"url\":\"https:\/\/wirplastbaltic.eu\/et\/\",\"name\":\"WirplastBaltic.eu\",\"description\":\"Katuse tuulutusavad igat t\u00fc\u00fcpi katustele\",\"publisher\":{\"@id\":\"https:\/\/wirplastbaltic.eu\/et\/#organization\"},\"alternateName\":\"Wirplast\",\"potentialAction\":[{\"@type\":\"SearchAction\",\"target\":{\"@type\":\"EntryPoint\",\"urlTemplate\":\"https:\/\/wirplastbaltic.eu\/et\/?s={search_term_string}\"},\"query-input\":{\"@type\":\"PropertyValueSpecification\",\"valueRequired\":true,\"valueName\":\"search_term_string\"}}],\"inLanguage\":\"et\"},{\"@type\":\"Organization\",\"@id\":\"https:\/\/wirplastbaltic.eu\/et\/#organization\",\"name\":\"WirplastBaltic.eu\",\"alternateName\":\"WirplastBaltic.eu\",\"url\":\"https:\/\/wirplastbaltic.eu\/et\/\",\"logo\":{\"@type\":\"ImageObject\",\"inLanguage\":\"et\",\"@id\":\"https:\/\/wirplastbaltic.eu\/et\/#\/schema\/logo\/image\/\",\"url\":\"https:\/\/wirplastbaltic.eu\/wp-content\/uploads\/2023\/10\/Wirplast-Baltic-logo-black-400x56px.jpg\",\"contentUrl\":\"https:\/\/wirplastbaltic.eu\/wp-content\/uploads\/2023\/10\/Wirplast-Baltic-logo-black-400x56px.jpg\",\"width\":400,\"height\":56,\"caption\":\"WirplastBaltic.eu\"},\"image\":{\"@id\":\"https:\/\/wirplastbaltic.eu\/et\/#\/schema\/logo\/image\/\"}}]}<\/script>\n<!-- \/ Yoast SEO plugin. -->","yoast_head_json":{"title":"Lamekatuse alar\u00f5hutuuluti (deflektor), D75 - WirplastBaltic.eu","description":"Lamekatuse alar\u00f5hutuuluti D75 v\u00f5i deflektor. Tagab, et katusekatte ja konstruktsiooni vahele ei tekiks kondensatsiooni.","robots":{"index":"index","follow":"follow","max-snippet":"max-snippet:-1","max-image-preview":"max-image-preview:large","max-video-preview":"max-video-preview:-1"},"canonical":"https:\/\/wirplastbaltic.eu\/et\/tooted\/lamekatuse-alarohutuuluti-d75\/","og_locale":"et_EE","og_type":"article","og_title":"Lamekatuse alar\u00f5hutuuluti (deflektor), D75 - WirplastBaltic.eu","og_description":"Lamekatuse alar\u00f5hutuuluti D75 v\u00f5i deflektor. Tagab, et katusekatte ja konstruktsiooni vahele ei tekiks kondensatsiooni.","og_url":"https:\/\/wirplastbaltic.eu\/et\/tooted\/lamekatuse-alarohutuuluti-d75\/","og_site_name":"WirplastBaltic.eu","article_modified_time":"2023-11-27T18:14:12+00:00","og_image":[{"width":600,"height":600,"url":"https:\/\/wirplastbaltic.eu\/wp-content\/uploads\/2023\/08\/Wirplast-ventilacijas-izvads-plakaniem-jumtiem-k40-d75-galerija-1-600x600px.jpg","type":"image\/jpeg"}],"twitter_card":"summary_large_image","twitter_misc":{"Est. reading time":"1 minut"},"schema":{"@context":"https:\/\/schema.org","@graph":[{"@type":"WebPage","@id":"https:\/\/wirplastbaltic.eu\/et\/tooted\/lamekatuse-alarohutuuluti-d75\/","url":"https:\/\/wirplastbaltic.eu\/et\/tooted\/lamekatuse-alarohutuuluti-d75\/","name":"Lamekatuse alar\u00f5hutuuluti (deflektor), D75 - WirplastBaltic.eu","isPartOf":{"@id":"https:\/\/wirplastbaltic.eu\/et\/#website"},"primaryImageOfPage":{"@id":"https:\/\/wirplastbaltic.eu\/et\/tooted\/lamekatuse-alarohutuuluti-d75\/#primaryimage"},"image":{"@id":"https:\/\/wirplastbaltic.eu\/et\/tooted\/lamekatuse-alarohutuuluti-d75\/#primaryimage"},"thumbnailUrl":"https:\/\/wirplastbaltic.eu\/wp-content\/uploads\/2023\/08\/Wirplast-ventilacijas-izvads-plakaniem-jumtiem-k40-d75-galerija-1-600x600px.jpg","datePublished":"2023-08-21T12:00:30+00:00","dateModified":"2023-11-27T18:14:12+00:00","description":"Lamekatuse alar\u00f5hutuuluti D75 v\u00f5i deflektor. Tagab, et katusekatte ja konstruktsiooni vahele ei tekiks kondensatsiooni.","breadcrumb":{"@id":"https:\/\/wirplastbaltic.eu\/et\/tooted\/lamekatuse-alarohutuuluti-d75\/#breadcrumb"},"inLanguage":"et","potentialAction":[{"@type":"ReadAction","target":["https:\/\/wirplastbaltic.eu\/et\/tooted\/lamekatuse-alarohutuuluti-d75\/"]}]},{"@type":"ImageObject","inLanguage":"et","@id":"https:\/\/wirplastbaltic.eu\/et\/tooted\/lamekatuse-alarohutuuluti-d75\/#primaryimage","url":"https:\/\/wirplastbaltic.eu\/wp-content\/uploads\/2023\/08\/Wirplast-ventilacijas-izvads-plakaniem-jumtiem-k40-d75-galerija-1-600x600px.jpg","contentUrl":"https:\/\/wirplastbaltic.eu\/wp-content\/uploads\/2023\/08\/Wirplast-ventilacijas-izvads-plakaniem-jumtiem-k40-d75-galerija-1-600x600px.jpg","width":600,"height":600},{"@type":"BreadcrumbList","@id":"https:\/\/wirplastbaltic.eu\/et\/tooted\/lamekatuse-alarohutuuluti-d75\/#breadcrumb","itemListElement":[{"@type":"ListItem","position":1,"name":"Esileht","item":"https:\/\/wirplastbaltic.eu\/et\/"},{"@type":"ListItem","position":2,"name":"Tooted","item":"https:\/\/wirplastbaltic.eu\/et\/shop\/"},{"@type":"ListItem","position":3,"name":"Lamekatuse alar\u00f5hutuuluti (deflektor), D75"}]},{"@type":"WebSite","@id":"https:\/\/wirplastbaltic.eu\/et\/#website","url":"https:\/\/wirplastbaltic.eu\/et\/","name":"WirplastBaltic.eu","description":"Katuse tuulutusavad igat t\u00fc\u00fcpi katustele","publisher":{"@id":"https:\/\/wirplastbaltic.eu\/et\/#organization"},"alternateName":"Wirplast","potentialAction":[{"@type":"SearchAction","target":{"@type":"EntryPoint","urlTemplate":"https:\/\/wirplastbaltic.eu\/et\/?s={search_term_string}"},"query-input":{"@type":"PropertyValueSpecification","valueRequired":true,"valueName":"search_term_string"}}],"inLanguage":"et"},{"@type":"Organization","@id":"https:\/\/wirplastbaltic.eu\/et\/#organization","name":"WirplastBaltic.eu","alternateName":"WirplastBaltic.eu","url":"https:\/\/wirplastbaltic.eu\/et\/","logo":{"@type":"ImageObject","inLanguage":"et","@id":"https:\/\/wirplastbaltic.eu\/et\/#\/schema\/logo\/image\/","url":"https:\/\/wirplastbaltic.eu\/wp-content\/uploads\/2023\/10\/Wirplast-Baltic-logo-black-400x56px.jpg","contentUrl":"https:\/\/wirplastbaltic.eu\/wp-content\/uploads\/2023\/10\/Wirplast-Baltic-logo-black-400x56px.jpg","width":400,"height":56,"caption":"WirplastBaltic.eu"},"image":{"@id":"https:\/\/wirplastbaltic.eu\/et\/#\/schema\/logo\/image\/"}}]}},"_links":{"self":[{"href":"https:\/\/wirplastbaltic.eu\/et\/wp-json\/wp\/v2\/product\/31387","targetHints":{"allow":["GET"]}}],"collection":[{"href":"https:\/\/wirplastbaltic.eu\/et\/wp-json\/wp\/v2\/product"}],"about":[{"href":"https:\/\/wirplastbaltic.eu\/et\/wp-json\/wp\/v2\/types\/product"}],"version-history":[{"count":0,"href":"https:\/\/wirplastbaltic.eu\/et\/wp-json\/wp\/v2\/product\/31387\/revisions"}],"wp:featuredmedia":[{"embeddable":true,"href":"https:\/\/wirplastbaltic.eu\/et\/wp-json\/wp\/v2\/media\/31388"}],"wp:attachment":[{"href":"https:\/\/wirplastbaltic.eu\/et\/wp-json\/wp\/v2\/media?parent=31387"}],"wp:term":[{"taxonomy":"product_brand","embeddable":true,"href":"https:\/\/wirplastbaltic.eu\/et\/wp-json\/wp\/v2\/product_brand?post=31387"},{"taxonomy":"product_cat","embeddable":true,"href":"https:\/\/wirplastbaltic.eu\/et\/wp-json\/wp\/v2\/product_cat?post=31387"},{"taxonomy":"product_tag","embeddable":true,"href":"https:\/\/wirplastbaltic.eu\/et\/wp-json\/wp\/v2\/product_tag?post=31387"}],"curies":[{"name":"wp","href":"https:\/\/api.w.org\/{rel}","templated":true}]}}