{"id":33259,"date":"2024-01-16T11:49:06","date_gmt":"2024-01-16T11:49:06","guid":{"rendered":"https:\/\/wirplastbaltic.eu\/produkti\/butylfix-butuul-kahepoolne-kleeplint\/"},"modified":"2024-02-22T09:10:37","modified_gmt":"2024-02-22T09:10:37","slug":"butylfix-butuul-kahepoolne-kleeplint","status":"publish","type":"product","link":"https:\/\/wirplastbaltic.eu\/et\/tooted\/butylfix-butuul-kahepoolne-kleeplint\/","title":{"rendered":"BUTYLFIX but\u00fc\u00fcl kahepoolne kleeplint"},"content":{"rendered":"<p><strong>ButylFix Professional <\/strong>on kvaliteetne but\u00fc\u00fcl, mis on m\u00f5eldud mitmesuguste rakenduste jaoks, mis on m\u00f5eldud elementide jaoks, mis vajavad kiiret tihendamist.<\/p>\n<p><span style=\"color: #c82127;\"><strong>M\u00f5eldud professionaalseks kasutamiseks!<\/strong><\/span><\/p>\n<p><span style=\"color: #c82127;\"><strong>KANDIDEERIMINE<\/strong><\/span><\/p>\n<ul>\n<li style=\"list-style-type: none;\">\n<ul class=\"unordered-list\">\n<li>Ehitus (katusekatted, fassaadimaterjalid, akende ja uste tihendamine)<\/li>\n<li>Torustik (torude ja pragude remont, alternatiiv silikoonile)<\/li>\n<li>Autot\u00f6\u00f6stus (kere ja komponentide tihendamine)<\/li>\n<li>Busside, traktorite, raudteevagunite, jahtide, paatide konstruktsioonide jaoks.<\/li>\n<li>Mahutid, aknad, uksed, ventilatsiooni- ja kliimaseadmete kanalid<\/li>\n<li><strong>..L\u00fchidalt, but\u00fc\u00fcliga saab sulgeda peaaegu k\u00f5ike!<\/strong><\/li>\n<\/ul>\n<\/li>\n<\/ul>\n<p><span style=\"color: #c82127;\"><strong>EESS\u00d5NA<\/strong><\/span><\/p>\n<ul>\n<li style=\"list-style-type: none;\">\n<ul class=\"unordered-list\">\n<li>Premium but\u00fc\u00fcl<\/li>\n<li>Kahepoolne liim<\/li>\n<li>Tugev haardumine erinevatel pindadel<\/li>\n<li>V\u00e4lis- ja siset\u00f6\u00f6deks<\/li>\n<li>Igavesti plastikust ja kleepuv<\/li>\n<li>Vastupidav, mittek\u00f5venev, mittek\u00f5venev, mittem\u00fcrgine.<\/li>\n<li>Ilmastikukindel, UV-, happe-, leelis-, seene-, hallituse- ja korrosioonikindel.<\/li>\n<li>Lenduvate ainete vaba, kaalukaotus puudub<\/li>\n<li>Veekindel, aurukindel, m\u00fcrakindel, vibratsiooni ja vibratsiooni summutav<\/li>\n<\/ul>\n<\/li>\n<\/ul>\n<p><span style=\"color: #c82127;\"><strong>TEHNILISED KUUP\u00c4EVAD<\/strong><\/span><\/p>\n<ul>\n<li style=\"list-style-type: none;\">\n<ul class=\"unordered-list\">\n<li><strong>Kasutustemperatuur:<\/strong> +5\u00b0C kuni +40\u00b0C<\/li>\n<li><strong>Termiline vastupidavus:<\/strong> -30\u00b0C kuni +90\u00b0C<\/li>\n<li><strong>Murdej\u00f5ud:<\/strong> &gt; 10 \u00b11 N\/cm (180\u00b0; 23\u00b0C; 200 mm\/min)<\/li>\n<li><strong>Materjal:<\/strong> but\u00fc\u00fcl<\/li>\n<\/ul>\n<\/li>\n<\/ul>\n<p><span style=\"color: #c82127;\"><strong>INFORMATSIOON<\/strong><\/span><\/p>\n<ul>\n<li style=\"list-style-type: none;\">\n<ul class=\"unordered-list\">\n<li>But\u00fc\u00fcl on termoplastiliste omadustega. Madalal temperatuuril suureneb selle k\u00f5vadus, kuid k\u00f5rgemal temperatuuril muutub see pehmemaks ja kleepuvamaks.<\/li>\n<li>But\u00fc\u00fcl on ilmastiku- ja UV-kindel, eriti soojades ja niisketes tingimustes.<\/li>\n<li>Samuti on see stabiilne kokkupuutel mageda ja soolase veega pH-vahemikus 5-9.<\/li>\n<li>Ei ole vastupidav \u00f5lide, rasvade, lakibensiini ja muude lahustite suhtes.<\/li>\n<\/ul>\n<\/li>\n<\/ul>\n","protected":false},"excerpt":{"rendered":"<p>ButylFix Professional on kvaliteetne but\u00fc\u00fcl, mis on m\u00f5eldud mitmesuguste rakenduste jaoks, mis on m\u00f5eldud elementide jaoks, mis vajavad kiiret tihendamist.<\/p>\n","protected":false},"featured_media":33491,"template":"","meta":[],"product_brand":[],"product_cat":[795],"product_tag":[],"class_list":{"0":"post-33259","1":"product","2":"type-product","3":"status-publish","4":"has-post-thumbnail","6":"product_cat-butuultihendid","8":"first","9":"instock","10":"shipping-taxable","11":"purchasable","12":"product-type-variable"},"yoast_head":"<!-- This site is optimized with the Yoast SEO plugin v27.1.1 - https:\/\/yoast.com\/product\/yoast-seo-wordpress\/ -->\n<title>BUTYLFIX but\u00fc\u00fcl kahepoolne kleeplint - WirplastBaltic.eu<\/title>\n<meta name=\"robots\" content=\"index, follow, max-snippet:-1, max-image-preview:large, max-video-preview:-1\" \/>\n<link rel=\"canonical\" href=\"https:\/\/wirplastbaltic.eu\/et\/tooted\/butylfix-butuul-kahepoolne-kleeplint\/\" \/>\n<meta property=\"og:locale\" content=\"et_EE\" \/>\n<meta property=\"og:type\" content=\"article\" \/>\n<meta property=\"og:title\" content=\"BUTYLFIX but\u00fc\u00fcl kahepoolne kleeplint - WirplastBaltic.eu\" \/>\n<meta property=\"og:description\" content=\"ButylFix Professional on kvaliteetne but\u00fc\u00fcl, mis on m\u00f5eldud mitmesuguste rakenduste jaoks, mis on m\u00f5eldud elementide jaoks, mis vajavad kiiret tihendamist.\" \/>\n<meta property=\"og:url\" content=\"https:\/\/wirplastbaltic.eu\/et\/tooted\/butylfix-butuul-kahepoolne-kleeplint\/\" \/>\n<meta property=\"og:site_name\" content=\"WirplastBaltic.eu\" \/>\n<meta property=\"article:modified_time\" content=\"2024-02-22T09:10:37+00:00\" \/>\n<meta property=\"og:image\" content=\"https:\/\/wirplastbaltic.eu\/wp-content\/uploads\/2024\/01\/Wirplast-butylfix-divpuseja-butila-limlente-melna-d15mm-600x600px.jpg\" \/>\n\t<meta property=\"og:image:width\" content=\"600\" \/>\n\t<meta property=\"og:image:height\" content=\"600\" \/>\n\t<meta property=\"og:image:type\" content=\"image\/jpeg\" \/>\n<meta name=\"twitter:card\" content=\"summary_large_image\" \/>\n<meta name=\"twitter:label1\" content=\"Est. reading time\" \/>\n\t<meta name=\"twitter:data1\" content=\"2 minutit\" \/>\n<script type=\"application\/ld+json\" class=\"yoast-schema-graph\">{\"@context\":\"https:\/\/schema.org\",\"@graph\":[{\"@type\":\"WebPage\",\"@id\":\"https:\/\/wirplastbaltic.eu\/et\/tooted\/butylfix-butuul-kahepoolne-kleeplint\/\",\"url\":\"https:\/\/wirplastbaltic.eu\/et\/tooted\/butylfix-butuul-kahepoolne-kleeplint\/\",\"name\":\"BUTYLFIX but\u00fc\u00fcl kahepoolne kleeplint - WirplastBaltic.eu\",\"isPartOf\":{\"@id\":\"https:\/\/wirplastbaltic.eu\/et\/#website\"},\"primaryImageOfPage\":{\"@id\":\"https:\/\/wirplastbaltic.eu\/et\/tooted\/butylfix-butuul-kahepoolne-kleeplint\/#primaryimage\"},\"image\":{\"@id\":\"https:\/\/wirplastbaltic.eu\/et\/tooted\/butylfix-butuul-kahepoolne-kleeplint\/#primaryimage\"},\"thumbnailUrl\":\"https:\/\/wirplastbaltic.eu\/wp-content\/uploads\/2024\/01\/Wirplast-butylfix-divpuseja-butila-limlente-melna-d15mm-600x600px.jpg\",\"datePublished\":\"2024-01-16T11:49:06+00:00\",\"dateModified\":\"2024-02-22T09:10:37+00:00\",\"breadcrumb\":{\"@id\":\"https:\/\/wirplastbaltic.eu\/et\/tooted\/butylfix-butuul-kahepoolne-kleeplint\/#breadcrumb\"},\"inLanguage\":\"et\",\"potentialAction\":[{\"@type\":\"ReadAction\",\"target\":[\"https:\/\/wirplastbaltic.eu\/et\/tooted\/butylfix-butuul-kahepoolne-kleeplint\/\"]}]},{\"@type\":\"ImageObject\",\"inLanguage\":\"et\",\"@id\":\"https:\/\/wirplastbaltic.eu\/et\/tooted\/butylfix-butuul-kahepoolne-kleeplint\/#primaryimage\",\"url\":\"https:\/\/wirplastbaltic.eu\/wp-content\/uploads\/2024\/01\/Wirplast-butylfix-divpuseja-butila-limlente-melna-d15mm-600x600px.jpg\",\"contentUrl\":\"https:\/\/wirplastbaltic.eu\/wp-content\/uploads\/2024\/01\/Wirplast-butylfix-divpuseja-butila-limlente-melna-d15mm-600x600px.jpg\",\"width\":600,\"height\":600},{\"@type\":\"BreadcrumbList\",\"@id\":\"https:\/\/wirplastbaltic.eu\/et\/tooted\/butylfix-butuul-kahepoolne-kleeplint\/#breadcrumb\",\"itemListElement\":[{\"@type\":\"ListItem\",\"position\":1,\"name\":\"Esileht\",\"item\":\"https:\/\/wirplastbaltic.eu\/et\/\"},{\"@type\":\"ListItem\",\"position\":2,\"name\":\"Tooted\",\"item\":\"https:\/\/wirplastbaltic.eu\/et\/shop\/\"},{\"@type\":\"ListItem\",\"position\":3,\"name\":\"BUTYLFIX but\u00fc\u00fcl kahepoolne kleeplint\"}]},{\"@type\":\"WebSite\",\"@id\":\"https:\/\/wirplastbaltic.eu\/et\/#website\",\"url\":\"https:\/\/wirplastbaltic.eu\/et\/\",\"name\":\"WirplastBaltic.eu\",\"description\":\"Katuse tuulutusavad igat t\u00fc\u00fcpi katustele\",\"publisher\":{\"@id\":\"https:\/\/wirplastbaltic.eu\/et\/#organization\"},\"alternateName\":\"Wirplast\",\"potentialAction\":[{\"@type\":\"SearchAction\",\"target\":{\"@type\":\"EntryPoint\",\"urlTemplate\":\"https:\/\/wirplastbaltic.eu\/et\/?s={search_term_string}\"},\"query-input\":{\"@type\":\"PropertyValueSpecification\",\"valueRequired\":true,\"valueName\":\"search_term_string\"}}],\"inLanguage\":\"et\"},{\"@type\":\"Organization\",\"@id\":\"https:\/\/wirplastbaltic.eu\/et\/#organization\",\"name\":\"WirplastBaltic.eu\",\"alternateName\":\"WirplastBaltic.eu\",\"url\":\"https:\/\/wirplastbaltic.eu\/et\/\",\"logo\":{\"@type\":\"ImageObject\",\"inLanguage\":\"et\",\"@id\":\"https:\/\/wirplastbaltic.eu\/et\/#\/schema\/logo\/image\/\",\"url\":\"https:\/\/wirplastbaltic.eu\/wp-content\/uploads\/2023\/10\/Wirplast-Baltic-logo-black-400x56px.jpg\",\"contentUrl\":\"https:\/\/wirplastbaltic.eu\/wp-content\/uploads\/2023\/10\/Wirplast-Baltic-logo-black-400x56px.jpg\",\"width\":400,\"height\":56,\"caption\":\"WirplastBaltic.eu\"},\"image\":{\"@id\":\"https:\/\/wirplastbaltic.eu\/et\/#\/schema\/logo\/image\/\"}}]}<\/script>\n<!-- \/ Yoast SEO plugin. -->","yoast_head_json":{"title":"BUTYLFIX but\u00fc\u00fcl kahepoolne kleeplint - WirplastBaltic.eu","robots":{"index":"index","follow":"follow","max-snippet":"max-snippet:-1","max-image-preview":"max-image-preview:large","max-video-preview":"max-video-preview:-1"},"canonical":"https:\/\/wirplastbaltic.eu\/et\/tooted\/butylfix-butuul-kahepoolne-kleeplint\/","og_locale":"et_EE","og_type":"article","og_title":"BUTYLFIX but\u00fc\u00fcl kahepoolne kleeplint - WirplastBaltic.eu","og_description":"ButylFix Professional on kvaliteetne but\u00fc\u00fcl, mis on m\u00f5eldud mitmesuguste rakenduste jaoks, mis on m\u00f5eldud elementide jaoks, mis vajavad kiiret tihendamist.","og_url":"https:\/\/wirplastbaltic.eu\/et\/tooted\/butylfix-butuul-kahepoolne-kleeplint\/","og_site_name":"WirplastBaltic.eu","article_modified_time":"2024-02-22T09:10:37+00:00","og_image":[{"width":600,"height":600,"url":"https:\/\/wirplastbaltic.eu\/wp-content\/uploads\/2024\/01\/Wirplast-butylfix-divpuseja-butila-limlente-melna-d15mm-600x600px.jpg","type":"image\/jpeg"}],"twitter_card":"summary_large_image","twitter_misc":{"Est. reading time":"2 minutit"},"schema":{"@context":"https:\/\/schema.org","@graph":[{"@type":"WebPage","@id":"https:\/\/wirplastbaltic.eu\/et\/tooted\/butylfix-butuul-kahepoolne-kleeplint\/","url":"https:\/\/wirplastbaltic.eu\/et\/tooted\/butylfix-butuul-kahepoolne-kleeplint\/","name":"BUTYLFIX but\u00fc\u00fcl kahepoolne kleeplint - WirplastBaltic.eu","isPartOf":{"@id":"https:\/\/wirplastbaltic.eu\/et\/#website"},"primaryImageOfPage":{"@id":"https:\/\/wirplastbaltic.eu\/et\/tooted\/butylfix-butuul-kahepoolne-kleeplint\/#primaryimage"},"image":{"@id":"https:\/\/wirplastbaltic.eu\/et\/tooted\/butylfix-butuul-kahepoolne-kleeplint\/#primaryimage"},"thumbnailUrl":"https:\/\/wirplastbaltic.eu\/wp-content\/uploads\/2024\/01\/Wirplast-butylfix-divpuseja-butila-limlente-melna-d15mm-600x600px.jpg","datePublished":"2024-01-16T11:49:06+00:00","dateModified":"2024-02-22T09:10:37+00:00","breadcrumb":{"@id":"https:\/\/wirplastbaltic.eu\/et\/tooted\/butylfix-butuul-kahepoolne-kleeplint\/#breadcrumb"},"inLanguage":"et","potentialAction":[{"@type":"ReadAction","target":["https:\/\/wirplastbaltic.eu\/et\/tooted\/butylfix-butuul-kahepoolne-kleeplint\/"]}]},{"@type":"ImageObject","inLanguage":"et","@id":"https:\/\/wirplastbaltic.eu\/et\/tooted\/butylfix-butuul-kahepoolne-kleeplint\/#primaryimage","url":"https:\/\/wirplastbaltic.eu\/wp-content\/uploads\/2024\/01\/Wirplast-butylfix-divpuseja-butila-limlente-melna-d15mm-600x600px.jpg","contentUrl":"https:\/\/wirplastbaltic.eu\/wp-content\/uploads\/2024\/01\/Wirplast-butylfix-divpuseja-butila-limlente-melna-d15mm-600x600px.jpg","width":600,"height":600},{"@type":"BreadcrumbList","@id":"https:\/\/wirplastbaltic.eu\/et\/tooted\/butylfix-butuul-kahepoolne-kleeplint\/#breadcrumb","itemListElement":[{"@type":"ListItem","position":1,"name":"Esileht","item":"https:\/\/wirplastbaltic.eu\/et\/"},{"@type":"ListItem","position":2,"name":"Tooted","item":"https:\/\/wirplastbaltic.eu\/et\/shop\/"},{"@type":"ListItem","position":3,"name":"BUTYLFIX but\u00fc\u00fcl kahepoolne kleeplint"}]},{"@type":"WebSite","@id":"https:\/\/wirplastbaltic.eu\/et\/#website","url":"https:\/\/wirplastbaltic.eu\/et\/","name":"WirplastBaltic.eu","description":"Katuse tuulutusavad igat t\u00fc\u00fcpi katustele","publisher":{"@id":"https:\/\/wirplastbaltic.eu\/et\/#organization"},"alternateName":"Wirplast","potentialAction":[{"@type":"SearchAction","target":{"@type":"EntryPoint","urlTemplate":"https:\/\/wirplastbaltic.eu\/et\/?s={search_term_string}"},"query-input":{"@type":"PropertyValueSpecification","valueRequired":true,"valueName":"search_term_string"}}],"inLanguage":"et"},{"@type":"Organization","@id":"https:\/\/wirplastbaltic.eu\/et\/#organization","name":"WirplastBaltic.eu","alternateName":"WirplastBaltic.eu","url":"https:\/\/wirplastbaltic.eu\/et\/","logo":{"@type":"ImageObject","inLanguage":"et","@id":"https:\/\/wirplastbaltic.eu\/et\/#\/schema\/logo\/image\/","url":"https:\/\/wirplastbaltic.eu\/wp-content\/uploads\/2023\/10\/Wirplast-Baltic-logo-black-400x56px.jpg","contentUrl":"https:\/\/wirplastbaltic.eu\/wp-content\/uploads\/2023\/10\/Wirplast-Baltic-logo-black-400x56px.jpg","width":400,"height":56,"caption":"WirplastBaltic.eu"},"image":{"@id":"https:\/\/wirplastbaltic.eu\/et\/#\/schema\/logo\/image\/"}}]}},"_links":{"self":[{"href":"https:\/\/wirplastbaltic.eu\/et\/wp-json\/wp\/v2\/product\/33259","targetHints":{"allow":["GET"]}}],"collection":[{"href":"https:\/\/wirplastbaltic.eu\/et\/wp-json\/wp\/v2\/product"}],"about":[{"href":"https:\/\/wirplastbaltic.eu\/et\/wp-json\/wp\/v2\/types\/product"}],"version-history":[{"count":0,"href":"https:\/\/wirplastbaltic.eu\/et\/wp-json\/wp\/v2\/product\/33259\/revisions"}],"wp:featuredmedia":[{"embeddable":true,"href":"https:\/\/wirplastbaltic.eu\/et\/wp-json\/wp\/v2\/media\/33491"}],"wp:attachment":[{"href":"https:\/\/wirplastbaltic.eu\/et\/wp-json\/wp\/v2\/media?parent=33259"}],"wp:term":[{"taxonomy":"product_brand","embeddable":true,"href":"https:\/\/wirplastbaltic.eu\/et\/wp-json\/wp\/v2\/product_brand?post=33259"},{"taxonomy":"product_cat","embeddable":true,"href":"https:\/\/wirplastbaltic.eu\/et\/wp-json\/wp\/v2\/product_cat?post=33259"},{"taxonomy":"product_tag","embeddable":true,"href":"https:\/\/wirplastbaltic.eu\/et\/wp-json\/wp\/v2\/product_tag?post=33259"}],"curies":[{"name":"wp","href":"https:\/\/api.w.org\/{rel}","templated":true}]}}