{"id":33975,"date":"2024-01-17T11:15:58","date_gmt":"2024-01-17T11:15:58","guid":{"rendered":"https:\/\/wirplastbaltic.eu\/produkti\/wirofix-universaalsed-kiilud\/"},"modified":"2024-02-22T09:10:13","modified_gmt":"2024-02-22T09:10:13","slug":"wirofix-universaalsed-kiilud","status":"publish","type":"product","link":"https:\/\/wirplastbaltic.eu\/et\/tooted\/wirofix-universaalsed-kiilud\/","title":{"rendered":"WIROFIX universaalsed tasanduskiilud"},"content":{"rendered":"<p><strong>WIROFIXi universaalsed joonduskiilud <\/strong>on erinevate elementide kokkupaneku abivahendiks.<\/p>\n<p><span style=\"color: #c82127;\"><strong>KANDIDEERIMINE<\/strong><\/span><\/p>\n<ul>\n<li style=\"list-style-type: none;\">\n<ul>\n<li style=\"list-style-type: none;\">\n<ul class=\"unordered-list\">\n<li>Lattide ja talade tasandamiseks<\/li>\n<li>Vahekaitsena montaa\u017eit\u00f6\u00f6de ajal<\/li>\n<li>Akende, aknalaudade, uste, paneelide, raamide ja muude stabiilset positsioneerimist ja joondamist n\u00f5udvate elementide kokkupanekuks<\/li>\n<\/ul>\n<\/li>\n<\/ul>\n<\/li>\n<\/ul>\n<p><span style=\"color: #c82127;\"><strong>EESS\u00d5NA<\/strong><\/span><\/p>\n<ul>\n<li style=\"list-style-type: none;\">\n<ul class=\"unordered-list\">\n<li>V\u00f5imalus \u00fchendada kiilud omavahel &#8211; s\u00f5ltuvalt vajadustest<\/li>\n<li>Kvaliteetne PP materjal, v\u00e4ga vastupidav survetugevusele ja l\u00f6\u00f6gikindlusele, ei paisu ega murene.<\/li>\n<li>Tugev konstruktsioon takistab kiilude deformeerumist<\/li>\n<li>Kiilude libisemisvastane pind takistab nende libisemist \u00fcksteise vastu ja maapinnal.<\/li>\n<li>Kiilud on korduvkasutatavad<\/li>\n<li>Universaalne ava keskel v\u00f5imaldab kinnitada kruvi v\u00f5i naelaga<\/li>\n<li>Auk kiilu kinnitamiseks<\/li>\n<li>Spetsiaalsed &#8220;hambad&#8221; augu sees takistavad kruvide ja naelte libisemist<\/li>\n<\/ul>\n<\/li>\n<\/ul>\n","protected":false},"excerpt":{"rendered":"<p>WIROFIXi universaalsed joonduskiilud on erinevate elementide kokkupaneku abivahendiks. KANDIDEERIMINE Lattide ja talade tasandamiseks Vahekaitsena montaa\u017eit\u00f6\u00f6de ajal Akende, aknalaudade, uste, paneelide,<\/p>\n","protected":false},"featured_media":34208,"template":"","meta":[],"product_brand":[],"product_cat":[683],"product_tag":[],"class_list":{"0":"post-33975","1":"product","2":"type-product","3":"status-publish","4":"has-post-thumbnail","6":"product_cat-aksessuaarid","8":"first","9":"instock","10":"shipping-taxable","11":"purchasable","12":"product-type-variable"},"yoast_head":"<!-- This site is optimized with the Yoast SEO plugin v27.1.1 - https:\/\/yoast.com\/product\/yoast-seo-wordpress\/ -->\n<title>WIROFIX universaalsed tasanduskiilud - WirplastBaltic.eu<\/title>\n<meta name=\"robots\" content=\"index, follow, max-snippet:-1, max-image-preview:large, max-video-preview:-1\" \/>\n<link rel=\"canonical\" href=\"https:\/\/wirplastbaltic.eu\/et\/tooted\/wirofix-universaalsed-kiilud\/\" \/>\n<meta property=\"og:locale\" content=\"et_EE\" \/>\n<meta property=\"og:type\" content=\"article\" \/>\n<meta property=\"og:title\" content=\"WIROFIX universaalsed tasanduskiilud - WirplastBaltic.eu\" \/>\n<meta property=\"og:description\" content=\"WIROFIXi universaalsed joonduskiilud on erinevate elementide kokkupaneku abivahendiks. KANDIDEERIMINE Lattide ja talade tasandamiseks Vahekaitsena montaa\u017eit\u00f6\u00f6de ajal Akende, aknalaudade, uste, paneelide,\" \/>\n<meta property=\"og:url\" content=\"https:\/\/wirplastbaltic.eu\/et\/tooted\/wirofix-universaalsed-kiilud\/\" \/>\n<meta property=\"og:site_name\" content=\"WirplastBaltic.eu\" \/>\n<meta property=\"article:modified_time\" content=\"2024-02-22T09:10:13+00:00\" \/>\n<meta property=\"og:image\" content=\"https:\/\/wirplastbaltic.eu\/wp-content\/uploads\/2024\/01\/Wirplast-universalie-kili-mix-1-600x600px.jpg\" \/>\n\t<meta property=\"og:image:width\" content=\"600\" \/>\n\t<meta property=\"og:image:height\" content=\"600\" \/>\n\t<meta property=\"og:image:type\" content=\"image\/jpeg\" \/>\n<meta name=\"twitter:card\" content=\"summary_large_image\" \/>\n<meta name=\"twitter:label1\" content=\"Est. reading time\" \/>\n\t<meta name=\"twitter:data1\" content=\"1 minut\" \/>\n<script type=\"application\/ld+json\" class=\"yoast-schema-graph\">{\"@context\":\"https:\/\/schema.org\",\"@graph\":[{\"@type\":\"WebPage\",\"@id\":\"https:\/\/wirplastbaltic.eu\/et\/tooted\/wirofix-universaalsed-kiilud\/\",\"url\":\"https:\/\/wirplastbaltic.eu\/et\/tooted\/wirofix-universaalsed-kiilud\/\",\"name\":\"WIROFIX universaalsed tasanduskiilud - WirplastBaltic.eu\",\"isPartOf\":{\"@id\":\"https:\/\/wirplastbaltic.eu\/et\/#website\"},\"primaryImageOfPage\":{\"@id\":\"https:\/\/wirplastbaltic.eu\/et\/tooted\/wirofix-universaalsed-kiilud\/#primaryimage\"},\"image\":{\"@id\":\"https:\/\/wirplastbaltic.eu\/et\/tooted\/wirofix-universaalsed-kiilud\/#primaryimage\"},\"thumbnailUrl\":\"https:\/\/wirplastbaltic.eu\/wp-content\/uploads\/2024\/01\/Wirplast-universalie-kili-mix-1-600x600px.jpg\",\"datePublished\":\"2024-01-17T11:15:58+00:00\",\"dateModified\":\"2024-02-22T09:10:13+00:00\",\"breadcrumb\":{\"@id\":\"https:\/\/wirplastbaltic.eu\/et\/tooted\/wirofix-universaalsed-kiilud\/#breadcrumb\"},\"inLanguage\":\"et\",\"potentialAction\":[{\"@type\":\"ReadAction\",\"target\":[\"https:\/\/wirplastbaltic.eu\/et\/tooted\/wirofix-universaalsed-kiilud\/\"]}]},{\"@type\":\"ImageObject\",\"inLanguage\":\"et\",\"@id\":\"https:\/\/wirplastbaltic.eu\/et\/tooted\/wirofix-universaalsed-kiilud\/#primaryimage\",\"url\":\"https:\/\/wirplastbaltic.eu\/wp-content\/uploads\/2024\/01\/Wirplast-universalie-kili-mix-1-600x600px.jpg\",\"contentUrl\":\"https:\/\/wirplastbaltic.eu\/wp-content\/uploads\/2024\/01\/Wirplast-universalie-kili-mix-1-600x600px.jpg\",\"width\":600,\"height\":600},{\"@type\":\"BreadcrumbList\",\"@id\":\"https:\/\/wirplastbaltic.eu\/et\/tooted\/wirofix-universaalsed-kiilud\/#breadcrumb\",\"itemListElement\":[{\"@type\":\"ListItem\",\"position\":1,\"name\":\"Esileht\",\"item\":\"https:\/\/wirplastbaltic.eu\/et\/\"},{\"@type\":\"ListItem\",\"position\":2,\"name\":\"Tooted\",\"item\":\"https:\/\/wirplastbaltic.eu\/et\/shop\/\"},{\"@type\":\"ListItem\",\"position\":3,\"name\":\"WIROFIX universaalsed tasanduskiilud\"}]},{\"@type\":\"WebSite\",\"@id\":\"https:\/\/wirplastbaltic.eu\/et\/#website\",\"url\":\"https:\/\/wirplastbaltic.eu\/et\/\",\"name\":\"WirplastBaltic.eu\",\"description\":\"Katuse tuulutusavad igat t\u00fc\u00fcpi katustele\",\"publisher\":{\"@id\":\"https:\/\/wirplastbaltic.eu\/et\/#organization\"},\"alternateName\":\"Wirplast\",\"potentialAction\":[{\"@type\":\"SearchAction\",\"target\":{\"@type\":\"EntryPoint\",\"urlTemplate\":\"https:\/\/wirplastbaltic.eu\/et\/?s={search_term_string}\"},\"query-input\":{\"@type\":\"PropertyValueSpecification\",\"valueRequired\":true,\"valueName\":\"search_term_string\"}}],\"inLanguage\":\"et\"},{\"@type\":\"Organization\",\"@id\":\"https:\/\/wirplastbaltic.eu\/et\/#organization\",\"name\":\"WirplastBaltic.eu\",\"alternateName\":\"WirplastBaltic.eu\",\"url\":\"https:\/\/wirplastbaltic.eu\/et\/\",\"logo\":{\"@type\":\"ImageObject\",\"inLanguage\":\"et\",\"@id\":\"https:\/\/wirplastbaltic.eu\/et\/#\/schema\/logo\/image\/\",\"url\":\"https:\/\/wirplastbaltic.eu\/wp-content\/uploads\/2023\/10\/Wirplast-Baltic-logo-black-400x56px.jpg\",\"contentUrl\":\"https:\/\/wirplastbaltic.eu\/wp-content\/uploads\/2023\/10\/Wirplast-Baltic-logo-black-400x56px.jpg\",\"width\":400,\"height\":56,\"caption\":\"WirplastBaltic.eu\"},\"image\":{\"@id\":\"https:\/\/wirplastbaltic.eu\/et\/#\/schema\/logo\/image\/\"}}]}<\/script>\n<!-- \/ Yoast SEO plugin. -->","yoast_head_json":{"title":"WIROFIX universaalsed tasanduskiilud - WirplastBaltic.eu","robots":{"index":"index","follow":"follow","max-snippet":"max-snippet:-1","max-image-preview":"max-image-preview:large","max-video-preview":"max-video-preview:-1"},"canonical":"https:\/\/wirplastbaltic.eu\/et\/tooted\/wirofix-universaalsed-kiilud\/","og_locale":"et_EE","og_type":"article","og_title":"WIROFIX universaalsed tasanduskiilud - WirplastBaltic.eu","og_description":"WIROFIXi universaalsed joonduskiilud on erinevate elementide kokkupaneku abivahendiks. KANDIDEERIMINE Lattide ja talade tasandamiseks Vahekaitsena montaa\u017eit\u00f6\u00f6de ajal Akende, aknalaudade, uste, paneelide,","og_url":"https:\/\/wirplastbaltic.eu\/et\/tooted\/wirofix-universaalsed-kiilud\/","og_site_name":"WirplastBaltic.eu","article_modified_time":"2024-02-22T09:10:13+00:00","og_image":[{"width":600,"height":600,"url":"https:\/\/wirplastbaltic.eu\/wp-content\/uploads\/2024\/01\/Wirplast-universalie-kili-mix-1-600x600px.jpg","type":"image\/jpeg"}],"twitter_card":"summary_large_image","twitter_misc":{"Est. reading time":"1 minut"},"schema":{"@context":"https:\/\/schema.org","@graph":[{"@type":"WebPage","@id":"https:\/\/wirplastbaltic.eu\/et\/tooted\/wirofix-universaalsed-kiilud\/","url":"https:\/\/wirplastbaltic.eu\/et\/tooted\/wirofix-universaalsed-kiilud\/","name":"WIROFIX universaalsed tasanduskiilud - WirplastBaltic.eu","isPartOf":{"@id":"https:\/\/wirplastbaltic.eu\/et\/#website"},"primaryImageOfPage":{"@id":"https:\/\/wirplastbaltic.eu\/et\/tooted\/wirofix-universaalsed-kiilud\/#primaryimage"},"image":{"@id":"https:\/\/wirplastbaltic.eu\/et\/tooted\/wirofix-universaalsed-kiilud\/#primaryimage"},"thumbnailUrl":"https:\/\/wirplastbaltic.eu\/wp-content\/uploads\/2024\/01\/Wirplast-universalie-kili-mix-1-600x600px.jpg","datePublished":"2024-01-17T11:15:58+00:00","dateModified":"2024-02-22T09:10:13+00:00","breadcrumb":{"@id":"https:\/\/wirplastbaltic.eu\/et\/tooted\/wirofix-universaalsed-kiilud\/#breadcrumb"},"inLanguage":"et","potentialAction":[{"@type":"ReadAction","target":["https:\/\/wirplastbaltic.eu\/et\/tooted\/wirofix-universaalsed-kiilud\/"]}]},{"@type":"ImageObject","inLanguage":"et","@id":"https:\/\/wirplastbaltic.eu\/et\/tooted\/wirofix-universaalsed-kiilud\/#primaryimage","url":"https:\/\/wirplastbaltic.eu\/wp-content\/uploads\/2024\/01\/Wirplast-universalie-kili-mix-1-600x600px.jpg","contentUrl":"https:\/\/wirplastbaltic.eu\/wp-content\/uploads\/2024\/01\/Wirplast-universalie-kili-mix-1-600x600px.jpg","width":600,"height":600},{"@type":"BreadcrumbList","@id":"https:\/\/wirplastbaltic.eu\/et\/tooted\/wirofix-universaalsed-kiilud\/#breadcrumb","itemListElement":[{"@type":"ListItem","position":1,"name":"Esileht","item":"https:\/\/wirplastbaltic.eu\/et\/"},{"@type":"ListItem","position":2,"name":"Tooted","item":"https:\/\/wirplastbaltic.eu\/et\/shop\/"},{"@type":"ListItem","position":3,"name":"WIROFIX universaalsed tasanduskiilud"}]},{"@type":"WebSite","@id":"https:\/\/wirplastbaltic.eu\/et\/#website","url":"https:\/\/wirplastbaltic.eu\/et\/","name":"WirplastBaltic.eu","description":"Katuse tuulutusavad igat t\u00fc\u00fcpi katustele","publisher":{"@id":"https:\/\/wirplastbaltic.eu\/et\/#organization"},"alternateName":"Wirplast","potentialAction":[{"@type":"SearchAction","target":{"@type":"EntryPoint","urlTemplate":"https:\/\/wirplastbaltic.eu\/et\/?s={search_term_string}"},"query-input":{"@type":"PropertyValueSpecification","valueRequired":true,"valueName":"search_term_string"}}],"inLanguage":"et"},{"@type":"Organization","@id":"https:\/\/wirplastbaltic.eu\/et\/#organization","name":"WirplastBaltic.eu","alternateName":"WirplastBaltic.eu","url":"https:\/\/wirplastbaltic.eu\/et\/","logo":{"@type":"ImageObject","inLanguage":"et","@id":"https:\/\/wirplastbaltic.eu\/et\/#\/schema\/logo\/image\/","url":"https:\/\/wirplastbaltic.eu\/wp-content\/uploads\/2023\/10\/Wirplast-Baltic-logo-black-400x56px.jpg","contentUrl":"https:\/\/wirplastbaltic.eu\/wp-content\/uploads\/2023\/10\/Wirplast-Baltic-logo-black-400x56px.jpg","width":400,"height":56,"caption":"WirplastBaltic.eu"},"image":{"@id":"https:\/\/wirplastbaltic.eu\/et\/#\/schema\/logo\/image\/"}}]}},"_links":{"self":[{"href":"https:\/\/wirplastbaltic.eu\/et\/wp-json\/wp\/v2\/product\/33975","targetHints":{"allow":["GET"]}}],"collection":[{"href":"https:\/\/wirplastbaltic.eu\/et\/wp-json\/wp\/v2\/product"}],"about":[{"href":"https:\/\/wirplastbaltic.eu\/et\/wp-json\/wp\/v2\/types\/product"}],"version-history":[{"count":0,"href":"https:\/\/wirplastbaltic.eu\/et\/wp-json\/wp\/v2\/product\/33975\/revisions"}],"wp:featuredmedia":[{"embeddable":true,"href":"https:\/\/wirplastbaltic.eu\/et\/wp-json\/wp\/v2\/media\/34208"}],"wp:attachment":[{"href":"https:\/\/wirplastbaltic.eu\/et\/wp-json\/wp\/v2\/media?parent=33975"}],"wp:term":[{"taxonomy":"product_brand","embeddable":true,"href":"https:\/\/wirplastbaltic.eu\/et\/wp-json\/wp\/v2\/product_brand?post=33975"},{"taxonomy":"product_cat","embeddable":true,"href":"https:\/\/wirplastbaltic.eu\/et\/wp-json\/wp\/v2\/product_cat?post=33975"},{"taxonomy":"product_tag","embeddable":true,"href":"https:\/\/wirplastbaltic.eu\/et\/wp-json\/wp\/v2\/product_tag?post=33975"}],"curies":[{"name":"wp","href":"https:\/\/api.w.org\/{rel}","templated":true}]}}