{"id":32182,"date":"2022-12-19T09:38:10","date_gmt":"2022-12-19T09:38:10","guid":{"rendered":"https:\/\/wirplastbaltic.eu\/produkti\/kondensato-vandens-rinktuvas-klik-d150mm-u8000\/"},"modified":"2022-12-19T09:38:10","modified_gmt":"2022-12-19T09:38:10","slug":"kondensato-vandens-rinktuvas-klik-d150mm-u8000","status":"publish","type":"product","link":"https:\/\/wirplastbaltic.eu\/lt\/produktai\/kondensato-vandens-rinktuvas-klik-d150mm-u8000\/","title":{"rendered":"Kondensato vandens rinktuvas KLIK, D150mm, U8000"},"content":{"rendered":"<p>Kondensato rinktuvas D150 mm tinka naudoti patalpose, kuriose yra didel\u0117 dr\u0117gm\u0117. Jis naudojamas kondensatui surinkti tiesiai \u012f talpykl\u0105 (iki 1300 ml), i\u0161 kurios jis palaipsniui i\u0161garinamas \u012f aplink\u0105. Jei dr\u0117gm\u0117 yra didel\u0117, j\u0105 taip pat galima i\u0161pilti naudojant pridedam\u0105 \u017earn\u0105.<\/p>\n<p>Kondensato rinktuvo nematyti, nes jis pasl\u0117ptas stogo konstrukcijoje.<\/p>\n<p><strong>KLIK montavimo technologija &#8211; lengva prijungti ir atjungti nuo lizdo.<\/strong><\/p>\n<p><span style=\"color: #c82127;\"><strong>TECHNIN\u0116S DATOS<\/strong><\/span><\/p>\n<ul>\n<li style=\"list-style-type: none;\">\n<ul class=\"unordered-list\">\n<li><strong>Skersmuo:<\/strong> D150 mm<\/li>\n<li><strong>Med\u017eiaga:<\/strong> PP<\/li>\n<\/ul>\n<\/li>\n<\/ul>\n<p><span style=\"color: #c82127;\"><strong>ATSISI\u0172STI FAILUS<\/strong><\/span><\/p>\n<div class=\"su-list\" style=\"margin-left:10px\">\n<ul>\n<li><i class=\"sui sui-file-pdf-o\" style=\"color:#C82127\"><\/i> <a href=\"https:\/\/wirplastbaltic.eu\/wp-content\/uploads\/2025\/11\/wirplast-katalogs-2026-eng-1.pdf\" target=\"_blank\" rel=\"noopener\">Wirplast katalogai (EN)<\/a><\/li>\n<li><i class=\"sui sui-file-pdf-o\" style=\"color:#C82127\"><\/i> <a href=\"https:\/\/wirplastbaltic.eu\/wp-content\/uploads\/2023\/09\/Wirplast-EVO-ventilacijas-izvadi-katalogs-updated-web-PL.pdf\" target=\"_blank\" rel=\"noopener\">Wirplast EVO katalogai (PL)<\/a><\/li>\n<li><i class=\"sui sui-file-pdf-o\" style=\"color:#C82127\"><\/i> <a href=\"https:\/\/wirplastbaltic.eu\/wp-content\/uploads\/2026\/02\/wirplast-profilu-pieslegumu-saraksts-2026-2.pdf\" target=\"_blank\" rel=\"noopener\">Wirplast stogo sujungimo profili\u0173 s\u0105ra\u0161as (EN)<\/a><\/li>\n<li><i class=\"sui sui-file-pdf-o\" style=\"color:#C82127\"><\/i> <a href=\"https:\/\/wirplastbaltic.eu\/wp-content\/uploads\/2023\/09\/Wirplast-EVO-ventilacijas-izvadi-buklets-vinteko-2023-A3-locits-uz-A4-preview-LV.pdf\" target=\"_blank\" rel=\"noopener\">&#8222;Wirplast&#8221; bro\u0161i\u016bra (LV)<\/a><\/li>\n<\/ul>\n<\/div>\n","protected":false},"excerpt":{"rendered":"<p>Kondensato rinktuvas D150 mm tinka naudoti patalpose, kuriose yra didel\u0117 dr\u0117gm\u0117. Jis naudojamas kondensatui surinkti tiesiai \u012f talpykl\u0105 (iki 1300<\/p>\n","protected":false},"featured_media":15840,"template":"","meta":[],"product_brand":[],"product_cat":[849],"product_tag":[],"class_list":{"0":"post-32182","1":"product","2":"type-product","3":"status-publish","4":"has-post-thumbnail","6":"product_cat-priedai","8":"first","9":"instock","10":"shipping-taxable","11":"product-type-simple"},"yoast_head":"<!-- This site is optimized with the Yoast SEO plugin v27.1.1 - https:\/\/yoast.com\/product\/yoast-seo-wordpress\/ -->\n<title>Kondensato vandens rinktuvas KLIK, D150mm, U8000 - WirplastBaltic.eu<\/title>\n<meta name=\"description\" content=\"Kondensato rinktuvas D150 mm tinka naudoti patalpose, kuriose yra didel\u0117 dr\u0117gm\u0117. Jis naudojamas kondensatui surinkti tiesiai rezervuare.\" \/>\n<meta name=\"robots\" content=\"index, follow, max-snippet:-1, max-image-preview:large, max-video-preview:-1\" \/>\n<link rel=\"canonical\" href=\"https:\/\/wirplastbaltic.eu\/lt\/produktai\/kondensato-vandens-rinktuvas-klik-d150mm-u8000\/\" \/>\n<meta property=\"og:locale\" content=\"lt_LT\" \/>\n<meta property=\"og:type\" content=\"article\" \/>\n<meta property=\"og:title\" content=\"Kondensato vandens rinktuvas KLIK, D150mm, U8000 - WirplastBaltic.eu\" \/>\n<meta property=\"og:description\" content=\"Kondensato rinktuvas D150 mm tinka naudoti patalpose, kuriose yra didel\u0117 dr\u0117gm\u0117. Jis naudojamas kondensatui surinkti tiesiai rezervuare.\" \/>\n<meta property=\"og:url\" content=\"https:\/\/wirplastbaltic.eu\/lt\/produktai\/kondensato-vandens-rinktuvas-klik-d150mm-u8000\/\" \/>\n<meta property=\"og:site_name\" content=\"WirplastBaltic.eu\" \/>\n<meta property=\"og:image\" content=\"https:\/\/wirplastbaltic.eu\/wp-content\/uploads\/2022\/12\/Wirplast-kondensata-udens-savacejs-U7000-U8000-600x600px-1.jpg\" \/>\n\t<meta property=\"og:image:width\" content=\"600\" \/>\n\t<meta property=\"og:image:height\" content=\"600\" \/>\n\t<meta property=\"og:image:type\" content=\"image\/jpeg\" \/>\n<meta name=\"twitter:card\" content=\"summary_large_image\" \/>\n<meta name=\"twitter:label1\" content=\"Est. reading time\" \/>\n\t<meta name=\"twitter:data1\" content=\"1 minut\u0117\" \/>\n<script type=\"application\/ld+json\" class=\"yoast-schema-graph\">{\"@context\":\"https:\/\/schema.org\",\"@graph\":[{\"@type\":\"WebPage\",\"@id\":\"https:\/\/wirplastbaltic.eu\/lt\/produktai\/kondensato-vandens-rinktuvas-klik-d150mm-u8000\/\",\"url\":\"https:\/\/wirplastbaltic.eu\/lt\/produktai\/kondensato-vandens-rinktuvas-klik-d150mm-u8000\/\",\"name\":\"Kondensato vandens rinktuvas KLIK, D150mm, U8000 - WirplastBaltic.eu\",\"isPartOf\":{\"@id\":\"https:\/\/wirplastbaltic.eu\/lt\/#website\"},\"primaryImageOfPage\":{\"@id\":\"https:\/\/wirplastbaltic.eu\/lt\/produktai\/kondensato-vandens-rinktuvas-klik-d150mm-u8000\/#primaryimage\"},\"image\":{\"@id\":\"https:\/\/wirplastbaltic.eu\/lt\/produktai\/kondensato-vandens-rinktuvas-klik-d150mm-u8000\/#primaryimage\"},\"thumbnailUrl\":\"https:\/\/wirplastbaltic.eu\/wp-content\/uploads\/2022\/12\/Wirplast-kondensata-udens-savacejs-U7000-U8000-600x600px-1.jpg\",\"datePublished\":\"2022-12-19T09:38:10+00:00\",\"description\":\"Kondensato rinktuvas D150 mm tinka naudoti patalpose, kuriose yra didel\u0117 dr\u0117gm\u0117. Jis naudojamas kondensatui surinkti tiesiai rezervuare.\",\"breadcrumb\":{\"@id\":\"https:\/\/wirplastbaltic.eu\/lt\/produktai\/kondensato-vandens-rinktuvas-klik-d150mm-u8000\/#breadcrumb\"},\"inLanguage\":\"lt-LT\",\"potentialAction\":[{\"@type\":\"ReadAction\",\"target\":[\"https:\/\/wirplastbaltic.eu\/lt\/produktai\/kondensato-vandens-rinktuvas-klik-d150mm-u8000\/\"]}]},{\"@type\":\"ImageObject\",\"inLanguage\":\"lt-LT\",\"@id\":\"https:\/\/wirplastbaltic.eu\/lt\/produktai\/kondensato-vandens-rinktuvas-klik-d150mm-u8000\/#primaryimage\",\"url\":\"https:\/\/wirplastbaltic.eu\/wp-content\/uploads\/2022\/12\/Wirplast-kondensata-udens-savacejs-U7000-U8000-600x600px-1.jpg\",\"contentUrl\":\"https:\/\/wirplastbaltic.eu\/wp-content\/uploads\/2022\/12\/Wirplast-kondensata-udens-savacejs-U7000-U8000-600x600px-1.jpg\",\"width\":600,\"height\":600},{\"@type\":\"BreadcrumbList\",\"@id\":\"https:\/\/wirplastbaltic.eu\/lt\/produktai\/kondensato-vandens-rinktuvas-klik-d150mm-u8000\/#breadcrumb\",\"itemListElement\":[{\"@type\":\"ListItem\",\"position\":1,\"name\":\"Prad\u017eia\",\"item\":\"https:\/\/wirplastbaltic.eu\/lt\/\"},{\"@type\":\"ListItem\",\"position\":2,\"name\":\"Produktai\",\"item\":\"https:\/\/wirplastbaltic.eu\/lt\/shop\/\"},{\"@type\":\"ListItem\",\"position\":3,\"name\":\"Kondensato vandens rinktuvas KLIK, D150mm, U8000\"}]},{\"@type\":\"WebSite\",\"@id\":\"https:\/\/wirplastbaltic.eu\/lt\/#website\",\"url\":\"https:\/\/wirplastbaltic.eu\/lt\/\",\"name\":\"WirplastBaltic.eu\",\"description\":\"Ventiliaciniai kamin\u0117liai visoms stogo dangoms\",\"publisher\":{\"@id\":\"https:\/\/wirplastbaltic.eu\/lt\/#organization\"},\"alternateName\":\"Wirplast\",\"potentialAction\":[{\"@type\":\"SearchAction\",\"target\":{\"@type\":\"EntryPoint\",\"urlTemplate\":\"https:\/\/wirplastbaltic.eu\/lt\/?s={search_term_string}\"},\"query-input\":{\"@type\":\"PropertyValueSpecification\",\"valueRequired\":true,\"valueName\":\"search_term_string\"}}],\"inLanguage\":\"lt-LT\"},{\"@type\":\"Organization\",\"@id\":\"https:\/\/wirplastbaltic.eu\/lt\/#organization\",\"name\":\"WirplastBaltic.eu\",\"alternateName\":\"WirplastBaltic.eu\",\"url\":\"https:\/\/wirplastbaltic.eu\/lt\/\",\"logo\":{\"@type\":\"ImageObject\",\"inLanguage\":\"lt-LT\",\"@id\":\"https:\/\/wirplastbaltic.eu\/lt\/#\/schema\/logo\/image\/\",\"url\":\"https:\/\/wirplastbaltic.eu\/wp-content\/uploads\/2023\/10\/Wirplast-Baltic-logo-black-400x56px.jpg\",\"contentUrl\":\"https:\/\/wirplastbaltic.eu\/wp-content\/uploads\/2023\/10\/Wirplast-Baltic-logo-black-400x56px.jpg\",\"width\":400,\"height\":56,\"caption\":\"WirplastBaltic.eu\"},\"image\":{\"@id\":\"https:\/\/wirplastbaltic.eu\/lt\/#\/schema\/logo\/image\/\"}}]}<\/script>\n<!-- \/ Yoast SEO plugin. -->","yoast_head_json":{"title":"Kondensato vandens rinktuvas KLIK, D150mm, U8000 - WirplastBaltic.eu","description":"Kondensato rinktuvas D150 mm tinka naudoti patalpose, kuriose yra didel\u0117 dr\u0117gm\u0117. Jis naudojamas kondensatui surinkti tiesiai rezervuare.","robots":{"index":"index","follow":"follow","max-snippet":"max-snippet:-1","max-image-preview":"max-image-preview:large","max-video-preview":"max-video-preview:-1"},"canonical":"https:\/\/wirplastbaltic.eu\/lt\/produktai\/kondensato-vandens-rinktuvas-klik-d150mm-u8000\/","og_locale":"lt_LT","og_type":"article","og_title":"Kondensato vandens rinktuvas KLIK, D150mm, U8000 - WirplastBaltic.eu","og_description":"Kondensato rinktuvas D150 mm tinka naudoti patalpose, kuriose yra didel\u0117 dr\u0117gm\u0117. Jis naudojamas kondensatui surinkti tiesiai rezervuare.","og_url":"https:\/\/wirplastbaltic.eu\/lt\/produktai\/kondensato-vandens-rinktuvas-klik-d150mm-u8000\/","og_site_name":"WirplastBaltic.eu","og_image":[{"width":600,"height":600,"url":"https:\/\/wirplastbaltic.eu\/wp-content\/uploads\/2022\/12\/Wirplast-kondensata-udens-savacejs-U7000-U8000-600x600px-1.jpg","type":"image\/jpeg"}],"twitter_card":"summary_large_image","twitter_misc":{"Est. reading time":"1 minut\u0117"},"schema":{"@context":"https:\/\/schema.org","@graph":[{"@type":"WebPage","@id":"https:\/\/wirplastbaltic.eu\/lt\/produktai\/kondensato-vandens-rinktuvas-klik-d150mm-u8000\/","url":"https:\/\/wirplastbaltic.eu\/lt\/produktai\/kondensato-vandens-rinktuvas-klik-d150mm-u8000\/","name":"Kondensato vandens rinktuvas KLIK, D150mm, U8000 - WirplastBaltic.eu","isPartOf":{"@id":"https:\/\/wirplastbaltic.eu\/lt\/#website"},"primaryImageOfPage":{"@id":"https:\/\/wirplastbaltic.eu\/lt\/produktai\/kondensato-vandens-rinktuvas-klik-d150mm-u8000\/#primaryimage"},"image":{"@id":"https:\/\/wirplastbaltic.eu\/lt\/produktai\/kondensato-vandens-rinktuvas-klik-d150mm-u8000\/#primaryimage"},"thumbnailUrl":"https:\/\/wirplastbaltic.eu\/wp-content\/uploads\/2022\/12\/Wirplast-kondensata-udens-savacejs-U7000-U8000-600x600px-1.jpg","datePublished":"2022-12-19T09:38:10+00:00","description":"Kondensato rinktuvas D150 mm tinka naudoti patalpose, kuriose yra didel\u0117 dr\u0117gm\u0117. Jis naudojamas kondensatui surinkti tiesiai rezervuare.","breadcrumb":{"@id":"https:\/\/wirplastbaltic.eu\/lt\/produktai\/kondensato-vandens-rinktuvas-klik-d150mm-u8000\/#breadcrumb"},"inLanguage":"lt-LT","potentialAction":[{"@type":"ReadAction","target":["https:\/\/wirplastbaltic.eu\/lt\/produktai\/kondensato-vandens-rinktuvas-klik-d150mm-u8000\/"]}]},{"@type":"ImageObject","inLanguage":"lt-LT","@id":"https:\/\/wirplastbaltic.eu\/lt\/produktai\/kondensato-vandens-rinktuvas-klik-d150mm-u8000\/#primaryimage","url":"https:\/\/wirplastbaltic.eu\/wp-content\/uploads\/2022\/12\/Wirplast-kondensata-udens-savacejs-U7000-U8000-600x600px-1.jpg","contentUrl":"https:\/\/wirplastbaltic.eu\/wp-content\/uploads\/2022\/12\/Wirplast-kondensata-udens-savacejs-U7000-U8000-600x600px-1.jpg","width":600,"height":600},{"@type":"BreadcrumbList","@id":"https:\/\/wirplastbaltic.eu\/lt\/produktai\/kondensato-vandens-rinktuvas-klik-d150mm-u8000\/#breadcrumb","itemListElement":[{"@type":"ListItem","position":1,"name":"Prad\u017eia","item":"https:\/\/wirplastbaltic.eu\/lt\/"},{"@type":"ListItem","position":2,"name":"Produktai","item":"https:\/\/wirplastbaltic.eu\/lt\/shop\/"},{"@type":"ListItem","position":3,"name":"Kondensato vandens rinktuvas KLIK, D150mm, U8000"}]},{"@type":"WebSite","@id":"https:\/\/wirplastbaltic.eu\/lt\/#website","url":"https:\/\/wirplastbaltic.eu\/lt\/","name":"WirplastBaltic.eu","description":"Ventiliaciniai kamin\u0117liai visoms stogo dangoms","publisher":{"@id":"https:\/\/wirplastbaltic.eu\/lt\/#organization"},"alternateName":"Wirplast","potentialAction":[{"@type":"SearchAction","target":{"@type":"EntryPoint","urlTemplate":"https:\/\/wirplastbaltic.eu\/lt\/?s={search_term_string}"},"query-input":{"@type":"PropertyValueSpecification","valueRequired":true,"valueName":"search_term_string"}}],"inLanguage":"lt-LT"},{"@type":"Organization","@id":"https:\/\/wirplastbaltic.eu\/lt\/#organization","name":"WirplastBaltic.eu","alternateName":"WirplastBaltic.eu","url":"https:\/\/wirplastbaltic.eu\/lt\/","logo":{"@type":"ImageObject","inLanguage":"lt-LT","@id":"https:\/\/wirplastbaltic.eu\/lt\/#\/schema\/logo\/image\/","url":"https:\/\/wirplastbaltic.eu\/wp-content\/uploads\/2023\/10\/Wirplast-Baltic-logo-black-400x56px.jpg","contentUrl":"https:\/\/wirplastbaltic.eu\/wp-content\/uploads\/2023\/10\/Wirplast-Baltic-logo-black-400x56px.jpg","width":400,"height":56,"caption":"WirplastBaltic.eu"},"image":{"@id":"https:\/\/wirplastbaltic.eu\/lt\/#\/schema\/logo\/image\/"}}]}},"_links":{"self":[{"href":"https:\/\/wirplastbaltic.eu\/lt\/wp-json\/wp\/v2\/product\/32182","targetHints":{"allow":["GET"]}}],"collection":[{"href":"https:\/\/wirplastbaltic.eu\/lt\/wp-json\/wp\/v2\/product"}],"about":[{"href":"https:\/\/wirplastbaltic.eu\/lt\/wp-json\/wp\/v2\/types\/product"}],"version-history":[{"count":0,"href":"https:\/\/wirplastbaltic.eu\/lt\/wp-json\/wp\/v2\/product\/32182\/revisions"}],"wp:featuredmedia":[{"embeddable":true,"href":"https:\/\/wirplastbaltic.eu\/lt\/wp-json\/wp\/v2\/media\/15840"}],"wp:attachment":[{"href":"https:\/\/wirplastbaltic.eu\/lt\/wp-json\/wp\/v2\/media?parent=32182"}],"wp:term":[{"taxonomy":"product_brand","embeddable":true,"href":"https:\/\/wirplastbaltic.eu\/lt\/wp-json\/wp\/v2\/product_brand?post=32182"},{"taxonomy":"product_cat","embeddable":true,"href":"https:\/\/wirplastbaltic.eu\/lt\/wp-json\/wp\/v2\/product_cat?post=32182"},{"taxonomy":"product_tag","embeddable":true,"href":"https:\/\/wirplastbaltic.eu\/lt\/wp-json\/wp\/v2\/product_tag?post=32182"}],"curies":[{"name":"wp","href":"https:\/\/api.w.org\/{rel}","templated":true}]}}