{"id":32196,"date":"2022-12-21T08:30:13","date_gmt":"2022-12-21T08:30:13","guid":{"rendered":"https:\/\/wirplastbaltic.eu\/produkti\/lankstus-jungiamasis-vamzdis-klik-d100-d110-d125-maks-500-mm-u87r\/"},"modified":"2022-12-21T08:30:13","modified_gmt":"2022-12-21T08:30:13","slug":"lankstus-jungiamasis-vamzdis-klik-d100-d110-d125-maks-500-mm-u87r","status":"publish","type":"product","link":"https:\/\/wirplastbaltic.eu\/lt\/produktai\/lankstus-jungiamasis-vamzdis-klik-d100-d110-d125-maks-500-mm-u87r\/","title":{"rendered":"Lankstus jungiamasis vamzdis KLIK D100\/D110\/D125, maks. 500 mm, U87R"},"content":{"rendered":"<ul class=\"unordered-list\">\n<li>Lankstus jungiamasis vamzdis KLIK D100\/D110\/D125 mm naudojamas jungiant i\u0161leid\u017eiam\u0105sias angas prie v\u0117dinimo ar kanalizacijos vamzd\u017ei\u0173.\n<p><strong>KLIK montavimo technologija &#8211; lengva prijungti ir atjungti nuo lizdo.<\/strong><\/li>\n<\/ul>\n<p><span style=\"color: #c82127;\"><strong>TECHNIN\u0116S DATOS<\/strong><\/span><\/p>\n<ul class=\"unordered-list\">\n<li>Skersmuo: D100\/D110\/D125<\/li>\n<li>Med\u017eiaga: PP, PE<\/li>\n<li>Svoris: 0,70 kg<\/li>\n<\/ul>\n<p><span style=\"color: #c82127;\"><strong>ATSISI\u0172STI FAILUS<\/strong><\/span><\/p>\n<div class=\"su-list\" style=\"margin-left:10px\">\n<ul>\n<li><i class=\"sui sui-file-pdf-o\" style=\"color:#C82127\"><\/i> <a href=\"https:\/\/wirplastbaltic.eu\/wp-content\/uploads\/2025\/11\/wirplast-katalogs-2026-eng-1.pdf\" target=\"_blank\" rel=\"noopener\">Wirplast katalogai (EN)<\/a><\/li>\n<li><i class=\"sui sui-file-pdf-o\" style=\"color:#C82127\"><\/i> <a href=\"https:\/\/wirplastbaltic.eu\/wp-content\/uploads\/2023\/09\/Wirplast-EVO-ventilacijas-izvadi-katalogs-updated-web-PL.pdf\" target=\"_blank\" rel=\"noopener\">Wirplast EVO katalogai (PL)<\/a><\/li>\n<li><i class=\"sui sui-file-pdf-o\" style=\"color:#C82127\"><\/i> <a href=\"https:\/\/wirplastbaltic.eu\/wp-content\/uploads\/2026\/02\/wirplast-profilu-pieslegumu-saraksts-2026-2.pdf\" target=\"_blank\" rel=\"noopener\">Wirplast stogo sujungimo profili\u0173 s\u0105ra\u0161as (EN)<\/a><\/li>\n<li><i class=\"sui sui-file-pdf-o\" style=\"color:#C82127\"><\/i> <a href=\"https:\/\/wirplastbaltic.eu\/wp-content\/uploads\/2023\/09\/Wirplast-EVO-ventilacijas-izvadi-buklets-vinteko-2023-A3-locits-uz-A4-preview-LV.pdf\" target=\"_blank\" rel=\"noopener\">&#8222;Wirplast&#8221; bro\u0161i\u016bra (LV)<\/a><\/li>\n<\/ul>\n<\/div>\n","protected":false},"excerpt":{"rendered":"<p>Lankstus jungiamasis vamzdis KLIK D100\/D110\/D125 mm naudojamas jungiant i\u0161leid\u017eiam\u0105sias angas prie v\u0117dinimo ar kanalizacijos vamzd\u017ei\u0173. KLIK montavimo technologija &#8211; lengva<\/p>\n","protected":false},"featured_media":17568,"template":"","meta":[],"product_brand":[],"product_cat":[849],"product_tag":[],"class_list":{"0":"post-32196","1":"product","2":"type-product","3":"status-publish","4":"has-post-thumbnail","6":"product_cat-priedai","8":"first","9":"instock","10":"shipping-taxable","11":"product-type-simple"},"yoast_head":"<!-- This site is optimized with the Yoast SEO plugin v27.1.1 - https:\/\/yoast.com\/product\/yoast-seo-wordpress\/ -->\n<title>Lankstus jungiamasis vamzdis KLIK D100\/D110\/D125, maks. 500 mm, U87R - WirplastBaltic.eu<\/title>\n<meta name=\"description\" content=\"Lankstus jungiamasis vamzdis KLIK D100\/D110\/D125 mm naudojamas jungiant i\u0161leid\u017eiam\u0105sias angas prie v\u0117dinimo ar kanalizacijos vamzd\u017ei\u0173. Med\u017eiaga: PP, PE.\" \/>\n<meta name=\"robots\" content=\"index, follow, max-snippet:-1, max-image-preview:large, max-video-preview:-1\" \/>\n<link rel=\"canonical\" href=\"https:\/\/wirplastbaltic.eu\/lt\/produktai\/lankstus-jungiamasis-vamzdis-klik-d100-d110-d125-maks-500-mm-u87r\/\" \/>\n<meta property=\"og:locale\" content=\"lt_LT\" \/>\n<meta property=\"og:type\" content=\"article\" \/>\n<meta property=\"og:title\" content=\"Lankstus jungiamasis vamzdis KLIK D100\/D110\/D125, maks. 500 mm, U87R - WirplastBaltic.eu\" \/>\n<meta property=\"og:description\" content=\"Lankstus jungiamasis vamzdis KLIK D100\/D110\/D125 mm naudojamas jungiant i\u0161leid\u017eiam\u0105sias angas prie v\u0117dinimo ar kanalizacijos vamzd\u017ei\u0173. Med\u017eiaga: PP, PE.\" \/>\n<meta property=\"og:url\" content=\"https:\/\/wirplastbaltic.eu\/lt\/produktai\/lankstus-jungiamasis-vamzdis-klik-d100-d110-d125-maks-500-mm-u87r\/\" \/>\n<meta property=\"og:site_name\" content=\"WirplastBaltic.eu\" \/>\n<meta property=\"og:image\" content=\"https:\/\/wirplastbaltic.eu\/wp-content\/uploads\/2022\/12\/Wirplast-elastiga-savienojuma-caurule-U87R-galerija-1-600x600px.jpg\" \/>\n\t<meta property=\"og:image:width\" content=\"600\" \/>\n\t<meta property=\"og:image:height\" content=\"600\" \/>\n\t<meta property=\"og:image:type\" content=\"image\/jpeg\" \/>\n<meta name=\"twitter:card\" content=\"summary_large_image\" \/>\n<script type=\"application\/ld+json\" class=\"yoast-schema-graph\">{\"@context\":\"https:\/\/schema.org\",\"@graph\":[{\"@type\":\"WebPage\",\"@id\":\"https:\/\/wirplastbaltic.eu\/lt\/produktai\/lankstus-jungiamasis-vamzdis-klik-d100-d110-d125-maks-500-mm-u87r\/\",\"url\":\"https:\/\/wirplastbaltic.eu\/lt\/produktai\/lankstus-jungiamasis-vamzdis-klik-d100-d110-d125-maks-500-mm-u87r\/\",\"name\":\"Lankstus jungiamasis vamzdis KLIK D100\/D110\/D125, maks. 500 mm, U87R - WirplastBaltic.eu\",\"isPartOf\":{\"@id\":\"https:\/\/wirplastbaltic.eu\/lt\/#website\"},\"primaryImageOfPage\":{\"@id\":\"https:\/\/wirplastbaltic.eu\/lt\/produktai\/lankstus-jungiamasis-vamzdis-klik-d100-d110-d125-maks-500-mm-u87r\/#primaryimage\"},\"image\":{\"@id\":\"https:\/\/wirplastbaltic.eu\/lt\/produktai\/lankstus-jungiamasis-vamzdis-klik-d100-d110-d125-maks-500-mm-u87r\/#primaryimage\"},\"thumbnailUrl\":\"https:\/\/wirplastbaltic.eu\/wp-content\/uploads\/2022\/12\/Wirplast-elastiga-savienojuma-caurule-U87R-galerija-1-600x600px.jpg\",\"datePublished\":\"2022-12-21T08:30:13+00:00\",\"description\":\"Lankstus jungiamasis vamzdis KLIK D100\/D110\/D125 mm naudojamas jungiant i\u0161leid\u017eiam\u0105sias angas prie v\u0117dinimo ar kanalizacijos vamzd\u017ei\u0173. Med\u017eiaga: PP, PE.\",\"breadcrumb\":{\"@id\":\"https:\/\/wirplastbaltic.eu\/lt\/produktai\/lankstus-jungiamasis-vamzdis-klik-d100-d110-d125-maks-500-mm-u87r\/#breadcrumb\"},\"inLanguage\":\"lt-LT\",\"potentialAction\":[{\"@type\":\"ReadAction\",\"target\":[\"https:\/\/wirplastbaltic.eu\/lt\/produktai\/lankstus-jungiamasis-vamzdis-klik-d100-d110-d125-maks-500-mm-u87r\/\"]}]},{\"@type\":\"ImageObject\",\"inLanguage\":\"lt-LT\",\"@id\":\"https:\/\/wirplastbaltic.eu\/lt\/produktai\/lankstus-jungiamasis-vamzdis-klik-d100-d110-d125-maks-500-mm-u87r\/#primaryimage\",\"url\":\"https:\/\/wirplastbaltic.eu\/wp-content\/uploads\/2022\/12\/Wirplast-elastiga-savienojuma-caurule-U87R-galerija-1-600x600px.jpg\",\"contentUrl\":\"https:\/\/wirplastbaltic.eu\/wp-content\/uploads\/2022\/12\/Wirplast-elastiga-savienojuma-caurule-U87R-galerija-1-600x600px.jpg\",\"width\":600,\"height\":600},{\"@type\":\"BreadcrumbList\",\"@id\":\"https:\/\/wirplastbaltic.eu\/lt\/produktai\/lankstus-jungiamasis-vamzdis-klik-d100-d110-d125-maks-500-mm-u87r\/#breadcrumb\",\"itemListElement\":[{\"@type\":\"ListItem\",\"position\":1,\"name\":\"Prad\u017eia\",\"item\":\"https:\/\/wirplastbaltic.eu\/lt\/\"},{\"@type\":\"ListItem\",\"position\":2,\"name\":\"Produktai\",\"item\":\"https:\/\/wirplastbaltic.eu\/lt\/shop\/\"},{\"@type\":\"ListItem\",\"position\":3,\"name\":\"Lankstus jungiamasis vamzdis KLIK D100\/D110\/D125, maks. 500 mm, U87R\"}]},{\"@type\":\"WebSite\",\"@id\":\"https:\/\/wirplastbaltic.eu\/lt\/#website\",\"url\":\"https:\/\/wirplastbaltic.eu\/lt\/\",\"name\":\"WirplastBaltic.eu\",\"description\":\"Ventiliaciniai kamin\u0117liai visoms stogo dangoms\",\"publisher\":{\"@id\":\"https:\/\/wirplastbaltic.eu\/lt\/#organization\"},\"alternateName\":\"Wirplast\",\"potentialAction\":[{\"@type\":\"SearchAction\",\"target\":{\"@type\":\"EntryPoint\",\"urlTemplate\":\"https:\/\/wirplastbaltic.eu\/lt\/?s={search_term_string}\"},\"query-input\":{\"@type\":\"PropertyValueSpecification\",\"valueRequired\":true,\"valueName\":\"search_term_string\"}}],\"inLanguage\":\"lt-LT\"},{\"@type\":\"Organization\",\"@id\":\"https:\/\/wirplastbaltic.eu\/lt\/#organization\",\"name\":\"WirplastBaltic.eu\",\"alternateName\":\"WirplastBaltic.eu\",\"url\":\"https:\/\/wirplastbaltic.eu\/lt\/\",\"logo\":{\"@type\":\"ImageObject\",\"inLanguage\":\"lt-LT\",\"@id\":\"https:\/\/wirplastbaltic.eu\/lt\/#\/schema\/logo\/image\/\",\"url\":\"https:\/\/wirplastbaltic.eu\/wp-content\/uploads\/2023\/10\/Wirplast-Baltic-logo-black-400x56px.jpg\",\"contentUrl\":\"https:\/\/wirplastbaltic.eu\/wp-content\/uploads\/2023\/10\/Wirplast-Baltic-logo-black-400x56px.jpg\",\"width\":400,\"height\":56,\"caption\":\"WirplastBaltic.eu\"},\"image\":{\"@id\":\"https:\/\/wirplastbaltic.eu\/lt\/#\/schema\/logo\/image\/\"}}]}<\/script>\n<!-- \/ Yoast SEO plugin. -->","yoast_head_json":{"title":"Lankstus jungiamasis vamzdis KLIK D100\/D110\/D125, maks. 500 mm, U87R - WirplastBaltic.eu","description":"Lankstus jungiamasis vamzdis KLIK D100\/D110\/D125 mm naudojamas jungiant i\u0161leid\u017eiam\u0105sias angas prie v\u0117dinimo ar kanalizacijos vamzd\u017ei\u0173. Med\u017eiaga: PP, PE.","robots":{"index":"index","follow":"follow","max-snippet":"max-snippet:-1","max-image-preview":"max-image-preview:large","max-video-preview":"max-video-preview:-1"},"canonical":"https:\/\/wirplastbaltic.eu\/lt\/produktai\/lankstus-jungiamasis-vamzdis-klik-d100-d110-d125-maks-500-mm-u87r\/","og_locale":"lt_LT","og_type":"article","og_title":"Lankstus jungiamasis vamzdis KLIK D100\/D110\/D125, maks. 500 mm, U87R - WirplastBaltic.eu","og_description":"Lankstus jungiamasis vamzdis KLIK D100\/D110\/D125 mm naudojamas jungiant i\u0161leid\u017eiam\u0105sias angas prie v\u0117dinimo ar kanalizacijos vamzd\u017ei\u0173. Med\u017eiaga: PP, PE.","og_url":"https:\/\/wirplastbaltic.eu\/lt\/produktai\/lankstus-jungiamasis-vamzdis-klik-d100-d110-d125-maks-500-mm-u87r\/","og_site_name":"WirplastBaltic.eu","og_image":[{"width":600,"height":600,"url":"https:\/\/wirplastbaltic.eu\/wp-content\/uploads\/2022\/12\/Wirplast-elastiga-savienojuma-caurule-U87R-galerija-1-600x600px.jpg","type":"image\/jpeg"}],"twitter_card":"summary_large_image","schema":{"@context":"https:\/\/schema.org","@graph":[{"@type":"WebPage","@id":"https:\/\/wirplastbaltic.eu\/lt\/produktai\/lankstus-jungiamasis-vamzdis-klik-d100-d110-d125-maks-500-mm-u87r\/","url":"https:\/\/wirplastbaltic.eu\/lt\/produktai\/lankstus-jungiamasis-vamzdis-klik-d100-d110-d125-maks-500-mm-u87r\/","name":"Lankstus jungiamasis vamzdis KLIK D100\/D110\/D125, maks. 500 mm, U87R - WirplastBaltic.eu","isPartOf":{"@id":"https:\/\/wirplastbaltic.eu\/lt\/#website"},"primaryImageOfPage":{"@id":"https:\/\/wirplastbaltic.eu\/lt\/produktai\/lankstus-jungiamasis-vamzdis-klik-d100-d110-d125-maks-500-mm-u87r\/#primaryimage"},"image":{"@id":"https:\/\/wirplastbaltic.eu\/lt\/produktai\/lankstus-jungiamasis-vamzdis-klik-d100-d110-d125-maks-500-mm-u87r\/#primaryimage"},"thumbnailUrl":"https:\/\/wirplastbaltic.eu\/wp-content\/uploads\/2022\/12\/Wirplast-elastiga-savienojuma-caurule-U87R-galerija-1-600x600px.jpg","datePublished":"2022-12-21T08:30:13+00:00","description":"Lankstus jungiamasis vamzdis KLIK D100\/D110\/D125 mm naudojamas jungiant i\u0161leid\u017eiam\u0105sias angas prie v\u0117dinimo ar kanalizacijos vamzd\u017ei\u0173. Med\u017eiaga: PP, PE.","breadcrumb":{"@id":"https:\/\/wirplastbaltic.eu\/lt\/produktai\/lankstus-jungiamasis-vamzdis-klik-d100-d110-d125-maks-500-mm-u87r\/#breadcrumb"},"inLanguage":"lt-LT","potentialAction":[{"@type":"ReadAction","target":["https:\/\/wirplastbaltic.eu\/lt\/produktai\/lankstus-jungiamasis-vamzdis-klik-d100-d110-d125-maks-500-mm-u87r\/"]}]},{"@type":"ImageObject","inLanguage":"lt-LT","@id":"https:\/\/wirplastbaltic.eu\/lt\/produktai\/lankstus-jungiamasis-vamzdis-klik-d100-d110-d125-maks-500-mm-u87r\/#primaryimage","url":"https:\/\/wirplastbaltic.eu\/wp-content\/uploads\/2022\/12\/Wirplast-elastiga-savienojuma-caurule-U87R-galerija-1-600x600px.jpg","contentUrl":"https:\/\/wirplastbaltic.eu\/wp-content\/uploads\/2022\/12\/Wirplast-elastiga-savienojuma-caurule-U87R-galerija-1-600x600px.jpg","width":600,"height":600},{"@type":"BreadcrumbList","@id":"https:\/\/wirplastbaltic.eu\/lt\/produktai\/lankstus-jungiamasis-vamzdis-klik-d100-d110-d125-maks-500-mm-u87r\/#breadcrumb","itemListElement":[{"@type":"ListItem","position":1,"name":"Prad\u017eia","item":"https:\/\/wirplastbaltic.eu\/lt\/"},{"@type":"ListItem","position":2,"name":"Produktai","item":"https:\/\/wirplastbaltic.eu\/lt\/shop\/"},{"@type":"ListItem","position":3,"name":"Lankstus jungiamasis vamzdis KLIK D100\/D110\/D125, maks. 500 mm, U87R"}]},{"@type":"WebSite","@id":"https:\/\/wirplastbaltic.eu\/lt\/#website","url":"https:\/\/wirplastbaltic.eu\/lt\/","name":"WirplastBaltic.eu","description":"Ventiliaciniai kamin\u0117liai visoms stogo dangoms","publisher":{"@id":"https:\/\/wirplastbaltic.eu\/lt\/#organization"},"alternateName":"Wirplast","potentialAction":[{"@type":"SearchAction","target":{"@type":"EntryPoint","urlTemplate":"https:\/\/wirplastbaltic.eu\/lt\/?s={search_term_string}"},"query-input":{"@type":"PropertyValueSpecification","valueRequired":true,"valueName":"search_term_string"}}],"inLanguage":"lt-LT"},{"@type":"Organization","@id":"https:\/\/wirplastbaltic.eu\/lt\/#organization","name":"WirplastBaltic.eu","alternateName":"WirplastBaltic.eu","url":"https:\/\/wirplastbaltic.eu\/lt\/","logo":{"@type":"ImageObject","inLanguage":"lt-LT","@id":"https:\/\/wirplastbaltic.eu\/lt\/#\/schema\/logo\/image\/","url":"https:\/\/wirplastbaltic.eu\/wp-content\/uploads\/2023\/10\/Wirplast-Baltic-logo-black-400x56px.jpg","contentUrl":"https:\/\/wirplastbaltic.eu\/wp-content\/uploads\/2023\/10\/Wirplast-Baltic-logo-black-400x56px.jpg","width":400,"height":56,"caption":"WirplastBaltic.eu"},"image":{"@id":"https:\/\/wirplastbaltic.eu\/lt\/#\/schema\/logo\/image\/"}}]}},"_links":{"self":[{"href":"https:\/\/wirplastbaltic.eu\/lt\/wp-json\/wp\/v2\/product\/32196","targetHints":{"allow":["GET"]}}],"collection":[{"href":"https:\/\/wirplastbaltic.eu\/lt\/wp-json\/wp\/v2\/product"}],"about":[{"href":"https:\/\/wirplastbaltic.eu\/lt\/wp-json\/wp\/v2\/types\/product"}],"version-history":[{"count":0,"href":"https:\/\/wirplastbaltic.eu\/lt\/wp-json\/wp\/v2\/product\/32196\/revisions"}],"wp:featuredmedia":[{"embeddable":true,"href":"https:\/\/wirplastbaltic.eu\/lt\/wp-json\/wp\/v2\/media\/17568"}],"wp:attachment":[{"href":"https:\/\/wirplastbaltic.eu\/lt\/wp-json\/wp\/v2\/media?parent=32196"}],"wp:term":[{"taxonomy":"product_brand","embeddable":true,"href":"https:\/\/wirplastbaltic.eu\/lt\/wp-json\/wp\/v2\/product_brand?post=32196"},{"taxonomy":"product_cat","embeddable":true,"href":"https:\/\/wirplastbaltic.eu\/lt\/wp-json\/wp\/v2\/product_cat?post=32196"},{"taxonomy":"product_tag","embeddable":true,"href":"https:\/\/wirplastbaltic.eu\/lt\/wp-json\/wp\/v2\/product_tag?post=32196"}],"curies":[{"name":"wp","href":"https:\/\/api.w.org\/{rel}","templated":true}]}}