{"id":32434,"date":"2023-08-14T08:39:53","date_gmt":"2023-08-14T08:39:53","guid":{"rendered":"https:\/\/wirplastbaltic.eu\/produkti\/plokstumos-ventiliacija-p17-paprastas-standartinis\/"},"modified":"2023-12-05T09:30:23","modified_gmt":"2023-12-05T09:30:23","slug":"plokstumos-ventiliacija-p17-paprastas-standartinis","status":"publish","type":"product","link":"https:\/\/wirplastbaltic.eu\/lt\/produktai\/plokstumos-ventiliacija-p17-paprastas-standartinis\/","title":{"rendered":"Plok\u0161tumos ventiliacija, P17, SIMPLE, STANDARD"},"content":{"rendered":"<p><strong>Plok\u0161tumos ventiliacija P17 tinka:<\/strong> bitumini\u0173 \u010derpi\u0173 stogams (naujiems).<\/p>\n<p>Plok\u0161tumos ventiliacija arba v\u0117dinimas po stogu u\u017etikrina efektyv\u0173 stogo konstrukcijos v\u0117dinim\u0105. Apsaugo pastat\u0105 nuo gryb\u0173 susidarymo ir ma\u017eina dr\u0117gm\u0119. Prailgina konstrukcijos tarnavimo laik\u0105.<\/p>\n<ul class=\"unordered-list\">\n<li>Specialus pavir\u0161iaus apdorojimas u\u017etikrina i\u0161skirtin\u012f atsparum\u0105 \u012fbr\u0117\u017eimams, dideliems temperat\u016bros svyravimams, korozijai ir UV spinduliams.<\/li>\n<li>Tinkamas oro srautas.<\/li>\n<li>Lengvas ir greitas surinkimas.<\/li>\n<li>L\u0117ktuvo ventiliatoriai yra modernaus, vizualiai esteti\u0161ko dizaino. Tod\u0117l, jei stogas bus papildytas plok\u0161tumine ventiliacija, jis ne tik atliks pagrindin\u0119 v\u0117dinimo funkcij\u0105 &#8211; v\u0117dins po stogu esan\u010di\u0105 dang\u0105, bet ir sukurs malon\u0173 vizualin\u012f stogo vaizd\u0105.<\/li>\n<\/ul>\n<p><span style=\"color: #c82127;\"><strong>TECHNIN\u0116S DATOS<\/strong><\/span><\/p>\n<ul>\n<li style=\"list-style-type: none;\">\n<ul class=\"unordered-list\">\n<li><strong>Skersmuo:<\/strong> D150 mm<\/li>\n<li><strong>Auk\u0161tis<\/strong>: 75 mm<\/li>\n<li><strong>Med\u017eiaga:<\/strong> PP su UV stabilizatoriumi<\/li>\n<li><strong>Plok\u0161tumos ventiliacija galima \u012fsigyti kaip paruo\u0161t\u0105 montuoti rinkin\u012f:<\/strong> ventiliacinis kamin\u0117lis, atitinkama stogo jungtis ir (arba) pagrindas.<\/li>\n<\/ul>\n<\/li>\n<\/ul>\n<p><span style=\"color: #c82127;\"><strong>ATSISI\u0172STI FAILUS<\/strong><\/span><\/p>\n<div class=\"su-list\" style=\"margin-left:10px\">\n<ul>\n<li><i class=\"sui sui-file-pdf-o\" style=\"color:#C82127\"><\/i> <a href=\"https:\/\/wirplastbaltic.eu\/wp-content\/uploads\/2025\/11\/wirplast-katalogs-2026-eng-1.pdf\" target=\"_blank\" rel=\"noopener\">Wirplast katalogai (EN)<\/a><\/li>\n<li><i class=\"sui sui-file-pdf-o\" style=\"color:#C82127\"><\/i> <a href=\"https:\/\/wirplastbaltic.eu\/wp-content\/uploads\/2023\/09\/Wirplast-EVO-ventilacijas-izvadi-katalogs-updated-web-PL.pdf\" target=\"_blank\" rel=\"noopener\">Wirplast EVO katalogai (PL)<\/a><\/li>\n<li><i class=\"sui sui-file-pdf-o\" style=\"color:#C82127\"><\/i> <a href=\"https:\/\/wirplastbaltic.eu\/wp-content\/uploads\/2026\/02\/wirplast-profilu-pieslegumu-saraksts-2026-2.pdf\" target=\"_blank\" rel=\"noopener\">Wirplast stogo sujungimo profili\u0173 s\u0105ra\u0161as (EN)<\/a><\/li>\n<li><i class=\"sui sui-file-pdf-o\" style=\"color:#C82127\"><\/i> <a href=\"https:\/\/wirplastbaltic.eu\/wp-content\/uploads\/2023\/09\/Wirplast-EVO-ventilacijas-izvadi-buklets-vinteko-2023-A3-locits-uz-A4-preview-LV.pdf\" target=\"_blank\" rel=\"noopener\">&#8222;Wirplast&#8221; bro\u0161i\u016bra (LV)<\/a><\/li>\n<li><i class=\"sui sui-file-pdf-o\" style=\"color:#C82127\"><\/i> <a href=\"https:\/\/wirplastbaltic.eu\/wp-content\/uploads\/2023\/10\/Wirplast-plaknes-ventilacija-P17-P19-P20-P51-P60-deklaracija-19-10-2023.pdf\" target=\"_blank\" rel=\"noopener\">Plok\u0161tumos ventiliacijai (LV) eksploatacini\u0173 savybi\u0173 deklaracija <\/a><\/li>\n<\/ul>\n<\/div>\n<p><span style=\"color: #c82127;\"><strong>MONTA\u017dAS VIDEO<\/strong><\/span><\/p>\n<div class=\"su-youtube su-u-responsive-media-yes\"><iframe loading=\"lazy\" width=\"600\" height=\"400\" src=\"https:\/\/www.youtube.com\/embed\/DOJDNODu09o?\" frameborder=\"0\" allowfullscreen allow=\"autoplay; encrypted-media; picture-in-picture\" title=\"P17 plok\u0161tumos ventiliacijai mazgas\"><\/iframe><\/div>\n","protected":false},"excerpt":{"rendered":"<p>Plok\u0161tumos ventiliacija P17 tinka: bitumini\u0173 \u010derpi\u0173 stogams (naujiems). Plok\u0161tumos ventiliacija arba v\u0117dinimas po stogu u\u017etikrina efektyv\u0173 stogo konstrukcijos v\u0117dinim\u0105. Apsaugo<\/p>\n","protected":false},"featured_media":32435,"template":"","meta":[],"product_brand":[],"product_cat":[921],"product_tag":[],"class_list":{"0":"post-32434","1":"product","2":"type-product","3":"status-publish","4":"has-post-thumbnail","6":"product_cat-plokstumos-ventiliacijai","8":"first","9":"instock","10":"shipping-taxable","11":"purchasable","12":"product-type-variable"},"yoast_head":"<!-- This site is optimized with the Yoast SEO plugin v27.1.1 - https:\/\/yoast.com\/product\/yoast-seo-wordpress\/ -->\n<title>Plok\u0161tumos ventiliacija, P17, SIMPLE, STANDARD - WirplastBaltic.eu<\/title>\n<meta name=\"description\" content=\"Plok\u0161tumos ventiliacija P17 u\u017etikrina efektyv\u0173 stogo konstrukcijos v\u0117dinim\u0105. Apsaugo pastat\u0105 nuo gryb\u0173 susidarymo ir ma\u017eina dr\u0117gm\u0119.\" \/>\n<meta name=\"robots\" content=\"index, follow, max-snippet:-1, max-image-preview:large, max-video-preview:-1\" \/>\n<link rel=\"canonical\" href=\"https:\/\/wirplastbaltic.eu\/lt\/produktai\/plokstumos-ventiliacija-p17-paprastas-standartinis\/\" \/>\n<meta property=\"og:locale\" content=\"lt_LT\" \/>\n<meta property=\"og:type\" content=\"article\" \/>\n<meta property=\"og:title\" content=\"Plok\u0161tumos ventiliacija, P17, SIMPLE, STANDARD - WirplastBaltic.eu\" \/>\n<meta property=\"og:description\" content=\"Plok\u0161tumos ventiliacija P17 u\u017etikrina efektyv\u0173 stogo konstrukcijos v\u0117dinim\u0105. Apsaugo pastat\u0105 nuo gryb\u0173 susidarymo ir ma\u017eina dr\u0117gm\u0119.\" \/>\n<meta property=\"og:url\" content=\"https:\/\/wirplastbaltic.eu\/lt\/produktai\/plokstumos-ventiliacija-p17-paprastas-standartinis\/\" \/>\n<meta property=\"og:site_name\" content=\"WirplastBaltic.eu\" \/>\n<meta property=\"article:modified_time\" content=\"2023-12-05T09:30:23+00:00\" \/>\n<meta property=\"og:image\" content=\"https:\/\/wirplastbaltic.eu\/wp-content\/uploads\/2023\/08\/Wirplast-plaknes-ventilacija-P17-simple-standard-krasa-03-grafita-ral7024-600x600px.jpg\" \/>\n\t<meta property=\"og:image:width\" content=\"600\" \/>\n\t<meta property=\"og:image:height\" content=\"600\" \/>\n\t<meta property=\"og:image:type\" content=\"image\/jpeg\" \/>\n<meta name=\"twitter:card\" content=\"summary_large_image\" \/>\n<meta name=\"twitter:label1\" content=\"Est. reading time\" \/>\n\t<meta name=\"twitter:data1\" content=\"1 minut\u0117\" \/>\n<script type=\"application\/ld+json\" class=\"yoast-schema-graph\">{\"@context\":\"https:\/\/schema.org\",\"@graph\":[{\"@type\":\"WebPage\",\"@id\":\"https:\/\/wirplastbaltic.eu\/lt\/produktai\/plokstumos-ventiliacija-p17-paprastas-standartinis\/\",\"url\":\"https:\/\/wirplastbaltic.eu\/lt\/produktai\/plokstumos-ventiliacija-p17-paprastas-standartinis\/\",\"name\":\"Plok\u0161tumos ventiliacija, P17, SIMPLE, STANDARD - WirplastBaltic.eu\",\"isPartOf\":{\"@id\":\"https:\/\/wirplastbaltic.eu\/lt\/#website\"},\"primaryImageOfPage\":{\"@id\":\"https:\/\/wirplastbaltic.eu\/lt\/produktai\/plokstumos-ventiliacija-p17-paprastas-standartinis\/#primaryimage\"},\"image\":{\"@id\":\"https:\/\/wirplastbaltic.eu\/lt\/produktai\/plokstumos-ventiliacija-p17-paprastas-standartinis\/#primaryimage\"},\"thumbnailUrl\":\"https:\/\/wirplastbaltic.eu\/wp-content\/uploads\/2023\/08\/Wirplast-plaknes-ventilacija-P17-simple-standard-krasa-03-grafita-ral7024-600x600px.jpg\",\"datePublished\":\"2023-08-14T08:39:53+00:00\",\"dateModified\":\"2023-12-05T09:30:23+00:00\",\"description\":\"Plok\u0161tumos ventiliacija P17 u\u017etikrina efektyv\u0173 stogo konstrukcijos v\u0117dinim\u0105. Apsaugo pastat\u0105 nuo gryb\u0173 susidarymo ir ma\u017eina dr\u0117gm\u0119.\",\"breadcrumb\":{\"@id\":\"https:\/\/wirplastbaltic.eu\/lt\/produktai\/plokstumos-ventiliacija-p17-paprastas-standartinis\/#breadcrumb\"},\"inLanguage\":\"lt-LT\",\"potentialAction\":[{\"@type\":\"ReadAction\",\"target\":[\"https:\/\/wirplastbaltic.eu\/lt\/produktai\/plokstumos-ventiliacija-p17-paprastas-standartinis\/\"]}]},{\"@type\":\"ImageObject\",\"inLanguage\":\"lt-LT\",\"@id\":\"https:\/\/wirplastbaltic.eu\/lt\/produktai\/plokstumos-ventiliacija-p17-paprastas-standartinis\/#primaryimage\",\"url\":\"https:\/\/wirplastbaltic.eu\/wp-content\/uploads\/2023\/08\/Wirplast-plaknes-ventilacija-P17-simple-standard-krasa-03-grafita-ral7024-600x600px.jpg\",\"contentUrl\":\"https:\/\/wirplastbaltic.eu\/wp-content\/uploads\/2023\/08\/Wirplast-plaknes-ventilacija-P17-simple-standard-krasa-03-grafita-ral7024-600x600px.jpg\",\"width\":600,\"height\":600},{\"@type\":\"BreadcrumbList\",\"@id\":\"https:\/\/wirplastbaltic.eu\/lt\/produktai\/plokstumos-ventiliacija-p17-paprastas-standartinis\/#breadcrumb\",\"itemListElement\":[{\"@type\":\"ListItem\",\"position\":1,\"name\":\"Prad\u017eia\",\"item\":\"https:\/\/wirplastbaltic.eu\/lt\/\"},{\"@type\":\"ListItem\",\"position\":2,\"name\":\"Produktai\",\"item\":\"https:\/\/wirplastbaltic.eu\/lt\/shop\/\"},{\"@type\":\"ListItem\",\"position\":3,\"name\":\"Plok\u0161tumos ventiliacija, P17, SIMPLE, STANDARD\"}]},{\"@type\":\"WebSite\",\"@id\":\"https:\/\/wirplastbaltic.eu\/lt\/#website\",\"url\":\"https:\/\/wirplastbaltic.eu\/lt\/\",\"name\":\"WirplastBaltic.eu\",\"description\":\"Ventiliaciniai kamin\u0117liai visoms stogo dangoms\",\"publisher\":{\"@id\":\"https:\/\/wirplastbaltic.eu\/lt\/#organization\"},\"alternateName\":\"Wirplast\",\"potentialAction\":[{\"@type\":\"SearchAction\",\"target\":{\"@type\":\"EntryPoint\",\"urlTemplate\":\"https:\/\/wirplastbaltic.eu\/lt\/?s={search_term_string}\"},\"query-input\":{\"@type\":\"PropertyValueSpecification\",\"valueRequired\":true,\"valueName\":\"search_term_string\"}}],\"inLanguage\":\"lt-LT\"},{\"@type\":\"Organization\",\"@id\":\"https:\/\/wirplastbaltic.eu\/lt\/#organization\",\"name\":\"WirplastBaltic.eu\",\"alternateName\":\"WirplastBaltic.eu\",\"url\":\"https:\/\/wirplastbaltic.eu\/lt\/\",\"logo\":{\"@type\":\"ImageObject\",\"inLanguage\":\"lt-LT\",\"@id\":\"https:\/\/wirplastbaltic.eu\/lt\/#\/schema\/logo\/image\/\",\"url\":\"https:\/\/wirplastbaltic.eu\/wp-content\/uploads\/2023\/10\/Wirplast-Baltic-logo-black-400x56px.jpg\",\"contentUrl\":\"https:\/\/wirplastbaltic.eu\/wp-content\/uploads\/2023\/10\/Wirplast-Baltic-logo-black-400x56px.jpg\",\"width\":400,\"height\":56,\"caption\":\"WirplastBaltic.eu\"},\"image\":{\"@id\":\"https:\/\/wirplastbaltic.eu\/lt\/#\/schema\/logo\/image\/\"}}]}<\/script>\n<!-- \/ Yoast SEO plugin. -->","yoast_head_json":{"title":"Plok\u0161tumos ventiliacija, P17, SIMPLE, STANDARD - WirplastBaltic.eu","description":"Plok\u0161tumos ventiliacija P17 u\u017etikrina efektyv\u0173 stogo konstrukcijos v\u0117dinim\u0105. Apsaugo pastat\u0105 nuo gryb\u0173 susidarymo ir ma\u017eina dr\u0117gm\u0119.","robots":{"index":"index","follow":"follow","max-snippet":"max-snippet:-1","max-image-preview":"max-image-preview:large","max-video-preview":"max-video-preview:-1"},"canonical":"https:\/\/wirplastbaltic.eu\/lt\/produktai\/plokstumos-ventiliacija-p17-paprastas-standartinis\/","og_locale":"lt_LT","og_type":"article","og_title":"Plok\u0161tumos ventiliacija, P17, SIMPLE, STANDARD - WirplastBaltic.eu","og_description":"Plok\u0161tumos ventiliacija P17 u\u017etikrina efektyv\u0173 stogo konstrukcijos v\u0117dinim\u0105. Apsaugo pastat\u0105 nuo gryb\u0173 susidarymo ir ma\u017eina dr\u0117gm\u0119.","og_url":"https:\/\/wirplastbaltic.eu\/lt\/produktai\/plokstumos-ventiliacija-p17-paprastas-standartinis\/","og_site_name":"WirplastBaltic.eu","article_modified_time":"2023-12-05T09:30:23+00:00","og_image":[{"width":600,"height":600,"url":"https:\/\/wirplastbaltic.eu\/wp-content\/uploads\/2023\/08\/Wirplast-plaknes-ventilacija-P17-simple-standard-krasa-03-grafita-ral7024-600x600px.jpg","type":"image\/jpeg"}],"twitter_card":"summary_large_image","twitter_misc":{"Est. reading time":"1 minut\u0117"},"schema":{"@context":"https:\/\/schema.org","@graph":[{"@type":"WebPage","@id":"https:\/\/wirplastbaltic.eu\/lt\/produktai\/plokstumos-ventiliacija-p17-paprastas-standartinis\/","url":"https:\/\/wirplastbaltic.eu\/lt\/produktai\/plokstumos-ventiliacija-p17-paprastas-standartinis\/","name":"Plok\u0161tumos ventiliacija, P17, SIMPLE, STANDARD - WirplastBaltic.eu","isPartOf":{"@id":"https:\/\/wirplastbaltic.eu\/lt\/#website"},"primaryImageOfPage":{"@id":"https:\/\/wirplastbaltic.eu\/lt\/produktai\/plokstumos-ventiliacija-p17-paprastas-standartinis\/#primaryimage"},"image":{"@id":"https:\/\/wirplastbaltic.eu\/lt\/produktai\/plokstumos-ventiliacija-p17-paprastas-standartinis\/#primaryimage"},"thumbnailUrl":"https:\/\/wirplastbaltic.eu\/wp-content\/uploads\/2023\/08\/Wirplast-plaknes-ventilacija-P17-simple-standard-krasa-03-grafita-ral7024-600x600px.jpg","datePublished":"2023-08-14T08:39:53+00:00","dateModified":"2023-12-05T09:30:23+00:00","description":"Plok\u0161tumos ventiliacija P17 u\u017etikrina efektyv\u0173 stogo konstrukcijos v\u0117dinim\u0105. Apsaugo pastat\u0105 nuo gryb\u0173 susidarymo ir ma\u017eina dr\u0117gm\u0119.","breadcrumb":{"@id":"https:\/\/wirplastbaltic.eu\/lt\/produktai\/plokstumos-ventiliacija-p17-paprastas-standartinis\/#breadcrumb"},"inLanguage":"lt-LT","potentialAction":[{"@type":"ReadAction","target":["https:\/\/wirplastbaltic.eu\/lt\/produktai\/plokstumos-ventiliacija-p17-paprastas-standartinis\/"]}]},{"@type":"ImageObject","inLanguage":"lt-LT","@id":"https:\/\/wirplastbaltic.eu\/lt\/produktai\/plokstumos-ventiliacija-p17-paprastas-standartinis\/#primaryimage","url":"https:\/\/wirplastbaltic.eu\/wp-content\/uploads\/2023\/08\/Wirplast-plaknes-ventilacija-P17-simple-standard-krasa-03-grafita-ral7024-600x600px.jpg","contentUrl":"https:\/\/wirplastbaltic.eu\/wp-content\/uploads\/2023\/08\/Wirplast-plaknes-ventilacija-P17-simple-standard-krasa-03-grafita-ral7024-600x600px.jpg","width":600,"height":600},{"@type":"BreadcrumbList","@id":"https:\/\/wirplastbaltic.eu\/lt\/produktai\/plokstumos-ventiliacija-p17-paprastas-standartinis\/#breadcrumb","itemListElement":[{"@type":"ListItem","position":1,"name":"Prad\u017eia","item":"https:\/\/wirplastbaltic.eu\/lt\/"},{"@type":"ListItem","position":2,"name":"Produktai","item":"https:\/\/wirplastbaltic.eu\/lt\/shop\/"},{"@type":"ListItem","position":3,"name":"Plok\u0161tumos ventiliacija, P17, SIMPLE, STANDARD"}]},{"@type":"WebSite","@id":"https:\/\/wirplastbaltic.eu\/lt\/#website","url":"https:\/\/wirplastbaltic.eu\/lt\/","name":"WirplastBaltic.eu","description":"Ventiliaciniai kamin\u0117liai visoms stogo dangoms","publisher":{"@id":"https:\/\/wirplastbaltic.eu\/lt\/#organization"},"alternateName":"Wirplast","potentialAction":[{"@type":"SearchAction","target":{"@type":"EntryPoint","urlTemplate":"https:\/\/wirplastbaltic.eu\/lt\/?s={search_term_string}"},"query-input":{"@type":"PropertyValueSpecification","valueRequired":true,"valueName":"search_term_string"}}],"inLanguage":"lt-LT"},{"@type":"Organization","@id":"https:\/\/wirplastbaltic.eu\/lt\/#organization","name":"WirplastBaltic.eu","alternateName":"WirplastBaltic.eu","url":"https:\/\/wirplastbaltic.eu\/lt\/","logo":{"@type":"ImageObject","inLanguage":"lt-LT","@id":"https:\/\/wirplastbaltic.eu\/lt\/#\/schema\/logo\/image\/","url":"https:\/\/wirplastbaltic.eu\/wp-content\/uploads\/2023\/10\/Wirplast-Baltic-logo-black-400x56px.jpg","contentUrl":"https:\/\/wirplastbaltic.eu\/wp-content\/uploads\/2023\/10\/Wirplast-Baltic-logo-black-400x56px.jpg","width":400,"height":56,"caption":"WirplastBaltic.eu"},"image":{"@id":"https:\/\/wirplastbaltic.eu\/lt\/#\/schema\/logo\/image\/"}}]}},"_links":{"self":[{"href":"https:\/\/wirplastbaltic.eu\/lt\/wp-json\/wp\/v2\/product\/32434","targetHints":{"allow":["GET"]}}],"collection":[{"href":"https:\/\/wirplastbaltic.eu\/lt\/wp-json\/wp\/v2\/product"}],"about":[{"href":"https:\/\/wirplastbaltic.eu\/lt\/wp-json\/wp\/v2\/types\/product"}],"version-history":[{"count":0,"href":"https:\/\/wirplastbaltic.eu\/lt\/wp-json\/wp\/v2\/product\/32434\/revisions"}],"wp:featuredmedia":[{"embeddable":true,"href":"https:\/\/wirplastbaltic.eu\/lt\/wp-json\/wp\/v2\/media\/32435"}],"wp:attachment":[{"href":"https:\/\/wirplastbaltic.eu\/lt\/wp-json\/wp\/v2\/media?parent=32434"}],"wp:term":[{"taxonomy":"product_brand","embeddable":true,"href":"https:\/\/wirplastbaltic.eu\/lt\/wp-json\/wp\/v2\/product_brand?post=32434"},{"taxonomy":"product_cat","embeddable":true,"href":"https:\/\/wirplastbaltic.eu\/lt\/wp-json\/wp\/v2\/product_cat?post=32434"},{"taxonomy":"product_tag","embeddable":true,"href":"https:\/\/wirplastbaltic.eu\/lt\/wp-json\/wp\/v2\/product_tag?post=32434"}],"curies":[{"name":"wp","href":"https:\/\/api.w.org\/{rel}","templated":true}]}}