{"id":32544,"date":"2023-08-21T12:00:30","date_gmt":"2023-08-21T12:00:30","guid":{"rendered":"https:\/\/wirplastbaltic.eu\/produkti\/ploksciuju-stogu-ventiliacinis-kaminelis-deflektorius-d75\/"},"modified":"2023-08-21T12:00:30","modified_gmt":"2023-08-21T12:00:30","slug":"ploksciuju-stogu-ventiliacinis-kaminelis-deflektorius-d75","status":"publish","type":"product","link":"https:\/\/wirplastbaltic.eu\/lt\/produktai\/ploksciuju-stogu-ventiliacinis-kaminelis-deflektorius-d75\/","title":{"rendered":"Plok\u0161\u010di\u0173j\u0173 stog\u0173 Ventiliacinis kamin\u0117lis (deflektorius), D75"},"content":{"rendered":"<p><strong>Plok\u0161\u010di\u0173j\u0173 stog\u0173Ventiliacinis kamin\u0117lis<\/strong> <strong>D75<\/strong> &#8211; stogo v\u0117dinimas.<\/p>\n<ul class=\"unordered-list\">\n<li>U\u017etikrinkite, kad tarp stogo dangos ir konstrukcijos nesusidaryt\u0173 kondensatas. Prailgina konstrukcijos tarnavimo laik\u0105.<\/li>\n<li>Nuimama vir\u0161utin\u0117 ventiliacijos anga, kad b\u016bt\u0173 lengva montuoti.<\/li>\n<li>I\u0161leidimo \u017eiedas u\u017etikrina sandarum\u0105.<\/li>\n<\/ul>\n<p><span style=\"color: #c82127;\"><strong>TECHNIN\u0116S DATOS<\/strong><\/span><\/p>\n<ul>\n<li style=\"list-style-type: none;\">\n<ul class=\"unordered-list\">\n<li><strong>Skersmuo:<\/strong> D75 mm<\/li>\n<li><strong>Auk\u0161tis<\/strong>: 275 mm<\/li>\n<li><strong>Med\u017eiaga:<\/strong> PP<\/li>\n<\/ul>\n<\/li>\n<\/ul>\n<p><span style=\"color: #c82127;\"><strong>ATSISI\u0172STI FAILUS<\/strong><\/span><\/p>\n<div class=\"su-list\" style=\"margin-left:10px\"><\/div>\n<ul>\n<li><a href=\"https:\/\/wirplastbaltic.eu\/wp-content\/uploads\/2025\/11\/wirplast-katalogs-2026-eng-1.pdf\" target=\"_blank\" rel=\"noopener\">Wirplast katalogai (EN)<\/a><\/li>\n<li><a href=\"https:\/\/wirplastbaltic.eu\/wp-content\/uploads\/2023\/09\/Wirplast-EVO-ventilacijas-izvadi-katalogs-updated-web-PL.pdf\" target=\"_blank\" rel=\"noopener\">Wirplast EVO katalogai (PL)<\/a><\/li>\n<li><a href=\"https:\/\/wirplastbaltic.eu\/wp-content\/uploads\/2026\/02\/wirplast-profilu-pieslegumu-saraksts-2026-2.pdf\" target=\"_blank\" rel=\"noopener\">Wirplast stogo sujungimo profili\u0173 s\u0105ra\u0161as (EN)<\/a><\/li>\n<li><a href=\"https:\/\/wirplastbaltic.eu\/wp-content\/uploads\/2023\/09\/Wirplast-EVO-ventilacijas-izvadi-buklets-vinteko-2023-A3-locits-uz-A4-preview-LV.pdf\" target=\"_blank\" rel=\"noopener\">\"Wirplast\" bro\u0161i\u016bra (LV)<\/a><\/li>\n<li><a href=\"https:\/\/wirplastbaltic.eu\/wp-content\/uploads\/2023\/10\/Wirplast-ventilacijas-izvads-plakanajiem-jumtiem-K40-K41-deklaracija-28-09-2023-LV.pdf\" target=\"_blank\" rel=\"noopener\">\"Wirplast\" pertvaros (K40,K41) eksploatacini\u0173 savybi\u0173 deklaracija (LV)<\/a><\/li>\n<\/ul>\n","protected":false},"excerpt":{"rendered":"<p>Plok\u0161\u010di\u0173j\u0173 stog\u0173Ventiliacinis kamin\u0117lis D75 &#8211; stogo v\u0117dinimas. U\u017etikrinkite, kad tarp stogo dangos ir konstrukcijos nesusidaryt\u0173 kondensatas. Prailgina konstrukcijos tarnavimo laik\u0105.<\/p>\n","protected":false},"featured_media":32545,"template":"","meta":[],"product_brand":[],"product_cat":[926,826],"product_tag":[],"class_list":{"0":"post-32544","1":"product","2":"type-product","3":"status-publish","4":"has-post-thumbnail","6":"product_cat-plokstiems-ir-arba-negiliems-stogams","7":"product_cat-ventiliaciniai-kamineliai","9":"first","10":"instock","11":"shipping-taxable","12":"purchasable","13":"product-type-simple"},"yoast_head":"<!-- This site is optimized with the Yoast SEO plugin v27.1.1 - https:\/\/yoast.com\/product\/yoast-seo-wordpress\/ -->\n<title>Plok\u0161\u010di\u0173j\u0173 stog\u0173 Ventiliacinis kamin\u0117lis (deflektorius), D75 - WirplastBaltic.eu<\/title>\n<meta name=\"description\" content=\"Ventiliacinis kamin\u0117lis plok\u0161\u010diam stogui D75 arba deflektorius. U\u017etikrinkite, kad tarp stogo dangos ir konstrukcijos nesusidaryt\u0173 kondensatas.\" \/>\n<meta name=\"robots\" content=\"index, follow, max-snippet:-1, max-image-preview:large, max-video-preview:-1\" \/>\n<link rel=\"canonical\" href=\"https:\/\/wirplastbaltic.eu\/lt\/produktai\/ploksciuju-stogu-ventiliacinis-kaminelis-deflektorius-d75\/\" \/>\n<meta property=\"og:locale\" content=\"lt_LT\" \/>\n<meta property=\"og:type\" content=\"article\" \/>\n<meta property=\"og:title\" content=\"Plok\u0161\u010di\u0173j\u0173 stog\u0173 Ventiliacinis kamin\u0117lis (deflektorius), D75 - WirplastBaltic.eu\" \/>\n<meta property=\"og:description\" content=\"Ventiliacinis kamin\u0117lis plok\u0161\u010diam stogui D75 arba deflektorius. U\u017etikrinkite, kad tarp stogo dangos ir konstrukcijos nesusidaryt\u0173 kondensatas.\" \/>\n<meta property=\"og:url\" content=\"https:\/\/wirplastbaltic.eu\/lt\/produktai\/ploksciuju-stogu-ventiliacinis-kaminelis-deflektorius-d75\/\" \/>\n<meta property=\"og:site_name\" content=\"WirplastBaltic.eu\" \/>\n<meta property=\"og:image\" content=\"https:\/\/wirplastbaltic.eu\/wp-content\/uploads\/2023\/08\/Wirplast-ventilacijas-izvads-plakaniem-jumtiem-k40-d75-galerija-1-600x600px.jpg\" \/>\n\t<meta property=\"og:image:width\" content=\"600\" \/>\n\t<meta property=\"og:image:height\" content=\"600\" \/>\n\t<meta property=\"og:image:type\" content=\"image\/jpeg\" \/>\n<meta name=\"twitter:card\" content=\"summary_large_image\" \/>\n<script type=\"application\/ld+json\" class=\"yoast-schema-graph\">{\"@context\":\"https:\/\/schema.org\",\"@graph\":[{\"@type\":\"WebPage\",\"@id\":\"https:\/\/wirplastbaltic.eu\/lt\/produktai\/ploksciuju-stogu-ventiliacinis-kaminelis-deflektorius-d75\/\",\"url\":\"https:\/\/wirplastbaltic.eu\/lt\/produktai\/ploksciuju-stogu-ventiliacinis-kaminelis-deflektorius-d75\/\",\"name\":\"Plok\u0161\u010di\u0173j\u0173 stog\u0173 Ventiliacinis kamin\u0117lis (deflektorius), D75 - WirplastBaltic.eu\",\"isPartOf\":{\"@id\":\"https:\/\/wirplastbaltic.eu\/lt\/#website\"},\"primaryImageOfPage\":{\"@id\":\"https:\/\/wirplastbaltic.eu\/lt\/produktai\/ploksciuju-stogu-ventiliacinis-kaminelis-deflektorius-d75\/#primaryimage\"},\"image\":{\"@id\":\"https:\/\/wirplastbaltic.eu\/lt\/produktai\/ploksciuju-stogu-ventiliacinis-kaminelis-deflektorius-d75\/#primaryimage\"},\"thumbnailUrl\":\"https:\/\/wirplastbaltic.eu\/wp-content\/uploads\/2023\/08\/Wirplast-ventilacijas-izvads-plakaniem-jumtiem-k40-d75-galerija-1-600x600px.jpg\",\"datePublished\":\"2023-08-21T12:00:30+00:00\",\"description\":\"Ventiliacinis kamin\u0117lis plok\u0161\u010diam stogui D75 arba deflektorius. U\u017etikrinkite, kad tarp stogo dangos ir konstrukcijos nesusidaryt\u0173 kondensatas.\",\"breadcrumb\":{\"@id\":\"https:\/\/wirplastbaltic.eu\/lt\/produktai\/ploksciuju-stogu-ventiliacinis-kaminelis-deflektorius-d75\/#breadcrumb\"},\"inLanguage\":\"lt-LT\",\"potentialAction\":[{\"@type\":\"ReadAction\",\"target\":[\"https:\/\/wirplastbaltic.eu\/lt\/produktai\/ploksciuju-stogu-ventiliacinis-kaminelis-deflektorius-d75\/\"]}]},{\"@type\":\"ImageObject\",\"inLanguage\":\"lt-LT\",\"@id\":\"https:\/\/wirplastbaltic.eu\/lt\/produktai\/ploksciuju-stogu-ventiliacinis-kaminelis-deflektorius-d75\/#primaryimage\",\"url\":\"https:\/\/wirplastbaltic.eu\/wp-content\/uploads\/2023\/08\/Wirplast-ventilacijas-izvads-plakaniem-jumtiem-k40-d75-galerija-1-600x600px.jpg\",\"contentUrl\":\"https:\/\/wirplastbaltic.eu\/wp-content\/uploads\/2023\/08\/Wirplast-ventilacijas-izvads-plakaniem-jumtiem-k40-d75-galerija-1-600x600px.jpg\",\"width\":600,\"height\":600},{\"@type\":\"BreadcrumbList\",\"@id\":\"https:\/\/wirplastbaltic.eu\/lt\/produktai\/ploksciuju-stogu-ventiliacinis-kaminelis-deflektorius-d75\/#breadcrumb\",\"itemListElement\":[{\"@type\":\"ListItem\",\"position\":1,\"name\":\"Prad\u017eia\",\"item\":\"https:\/\/wirplastbaltic.eu\/lt\/\"},{\"@type\":\"ListItem\",\"position\":2,\"name\":\"Produktai\",\"item\":\"https:\/\/wirplastbaltic.eu\/lt\/shop\/\"},{\"@type\":\"ListItem\",\"position\":3,\"name\":\"Plok\u0161\u010di\u0173j\u0173 stog\u0173 Ventiliacinis kamin\u0117lis (deflektorius), D75\"}]},{\"@type\":\"WebSite\",\"@id\":\"https:\/\/wirplastbaltic.eu\/lt\/#website\",\"url\":\"https:\/\/wirplastbaltic.eu\/lt\/\",\"name\":\"WirplastBaltic.eu\",\"description\":\"Ventiliaciniai kamin\u0117liai visoms stogo dangoms\",\"publisher\":{\"@id\":\"https:\/\/wirplastbaltic.eu\/lt\/#organization\"},\"alternateName\":\"Wirplast\",\"potentialAction\":[{\"@type\":\"SearchAction\",\"target\":{\"@type\":\"EntryPoint\",\"urlTemplate\":\"https:\/\/wirplastbaltic.eu\/lt\/?s={search_term_string}\"},\"query-input\":{\"@type\":\"PropertyValueSpecification\",\"valueRequired\":true,\"valueName\":\"search_term_string\"}}],\"inLanguage\":\"lt-LT\"},{\"@type\":\"Organization\",\"@id\":\"https:\/\/wirplastbaltic.eu\/lt\/#organization\",\"name\":\"WirplastBaltic.eu\",\"alternateName\":\"WirplastBaltic.eu\",\"url\":\"https:\/\/wirplastbaltic.eu\/lt\/\",\"logo\":{\"@type\":\"ImageObject\",\"inLanguage\":\"lt-LT\",\"@id\":\"https:\/\/wirplastbaltic.eu\/lt\/#\/schema\/logo\/image\/\",\"url\":\"https:\/\/wirplastbaltic.eu\/wp-content\/uploads\/2023\/10\/Wirplast-Baltic-logo-black-400x56px.jpg\",\"contentUrl\":\"https:\/\/wirplastbaltic.eu\/wp-content\/uploads\/2023\/10\/Wirplast-Baltic-logo-black-400x56px.jpg\",\"width\":400,\"height\":56,\"caption\":\"WirplastBaltic.eu\"},\"image\":{\"@id\":\"https:\/\/wirplastbaltic.eu\/lt\/#\/schema\/logo\/image\/\"}}]}<\/script>\n<!-- \/ Yoast SEO plugin. -->","yoast_head_json":{"title":"Plok\u0161\u010di\u0173j\u0173 stog\u0173 Ventiliacinis kamin\u0117lis (deflektorius), D75 - WirplastBaltic.eu","description":"Ventiliacinis kamin\u0117lis plok\u0161\u010diam stogui D75 arba deflektorius. U\u017etikrinkite, kad tarp stogo dangos ir konstrukcijos nesusidaryt\u0173 kondensatas.","robots":{"index":"index","follow":"follow","max-snippet":"max-snippet:-1","max-image-preview":"max-image-preview:large","max-video-preview":"max-video-preview:-1"},"canonical":"https:\/\/wirplastbaltic.eu\/lt\/produktai\/ploksciuju-stogu-ventiliacinis-kaminelis-deflektorius-d75\/","og_locale":"lt_LT","og_type":"article","og_title":"Plok\u0161\u010di\u0173j\u0173 stog\u0173 Ventiliacinis kamin\u0117lis (deflektorius), D75 - WirplastBaltic.eu","og_description":"Ventiliacinis kamin\u0117lis plok\u0161\u010diam stogui D75 arba deflektorius. U\u017etikrinkite, kad tarp stogo dangos ir konstrukcijos nesusidaryt\u0173 kondensatas.","og_url":"https:\/\/wirplastbaltic.eu\/lt\/produktai\/ploksciuju-stogu-ventiliacinis-kaminelis-deflektorius-d75\/","og_site_name":"WirplastBaltic.eu","og_image":[{"width":600,"height":600,"url":"https:\/\/wirplastbaltic.eu\/wp-content\/uploads\/2023\/08\/Wirplast-ventilacijas-izvads-plakaniem-jumtiem-k40-d75-galerija-1-600x600px.jpg","type":"image\/jpeg"}],"twitter_card":"summary_large_image","schema":{"@context":"https:\/\/schema.org","@graph":[{"@type":"WebPage","@id":"https:\/\/wirplastbaltic.eu\/lt\/produktai\/ploksciuju-stogu-ventiliacinis-kaminelis-deflektorius-d75\/","url":"https:\/\/wirplastbaltic.eu\/lt\/produktai\/ploksciuju-stogu-ventiliacinis-kaminelis-deflektorius-d75\/","name":"Plok\u0161\u010di\u0173j\u0173 stog\u0173 Ventiliacinis kamin\u0117lis (deflektorius), D75 - WirplastBaltic.eu","isPartOf":{"@id":"https:\/\/wirplastbaltic.eu\/lt\/#website"},"primaryImageOfPage":{"@id":"https:\/\/wirplastbaltic.eu\/lt\/produktai\/ploksciuju-stogu-ventiliacinis-kaminelis-deflektorius-d75\/#primaryimage"},"image":{"@id":"https:\/\/wirplastbaltic.eu\/lt\/produktai\/ploksciuju-stogu-ventiliacinis-kaminelis-deflektorius-d75\/#primaryimage"},"thumbnailUrl":"https:\/\/wirplastbaltic.eu\/wp-content\/uploads\/2023\/08\/Wirplast-ventilacijas-izvads-plakaniem-jumtiem-k40-d75-galerija-1-600x600px.jpg","datePublished":"2023-08-21T12:00:30+00:00","description":"Ventiliacinis kamin\u0117lis plok\u0161\u010diam stogui D75 arba deflektorius. U\u017etikrinkite, kad tarp stogo dangos ir konstrukcijos nesusidaryt\u0173 kondensatas.","breadcrumb":{"@id":"https:\/\/wirplastbaltic.eu\/lt\/produktai\/ploksciuju-stogu-ventiliacinis-kaminelis-deflektorius-d75\/#breadcrumb"},"inLanguage":"lt-LT","potentialAction":[{"@type":"ReadAction","target":["https:\/\/wirplastbaltic.eu\/lt\/produktai\/ploksciuju-stogu-ventiliacinis-kaminelis-deflektorius-d75\/"]}]},{"@type":"ImageObject","inLanguage":"lt-LT","@id":"https:\/\/wirplastbaltic.eu\/lt\/produktai\/ploksciuju-stogu-ventiliacinis-kaminelis-deflektorius-d75\/#primaryimage","url":"https:\/\/wirplastbaltic.eu\/wp-content\/uploads\/2023\/08\/Wirplast-ventilacijas-izvads-plakaniem-jumtiem-k40-d75-galerija-1-600x600px.jpg","contentUrl":"https:\/\/wirplastbaltic.eu\/wp-content\/uploads\/2023\/08\/Wirplast-ventilacijas-izvads-plakaniem-jumtiem-k40-d75-galerija-1-600x600px.jpg","width":600,"height":600},{"@type":"BreadcrumbList","@id":"https:\/\/wirplastbaltic.eu\/lt\/produktai\/ploksciuju-stogu-ventiliacinis-kaminelis-deflektorius-d75\/#breadcrumb","itemListElement":[{"@type":"ListItem","position":1,"name":"Prad\u017eia","item":"https:\/\/wirplastbaltic.eu\/lt\/"},{"@type":"ListItem","position":2,"name":"Produktai","item":"https:\/\/wirplastbaltic.eu\/lt\/shop\/"},{"@type":"ListItem","position":3,"name":"Plok\u0161\u010di\u0173j\u0173 stog\u0173 Ventiliacinis kamin\u0117lis (deflektorius), D75"}]},{"@type":"WebSite","@id":"https:\/\/wirplastbaltic.eu\/lt\/#website","url":"https:\/\/wirplastbaltic.eu\/lt\/","name":"WirplastBaltic.eu","description":"Ventiliaciniai kamin\u0117liai visoms stogo dangoms","publisher":{"@id":"https:\/\/wirplastbaltic.eu\/lt\/#organization"},"alternateName":"Wirplast","potentialAction":[{"@type":"SearchAction","target":{"@type":"EntryPoint","urlTemplate":"https:\/\/wirplastbaltic.eu\/lt\/?s={search_term_string}"},"query-input":{"@type":"PropertyValueSpecification","valueRequired":true,"valueName":"search_term_string"}}],"inLanguage":"lt-LT"},{"@type":"Organization","@id":"https:\/\/wirplastbaltic.eu\/lt\/#organization","name":"WirplastBaltic.eu","alternateName":"WirplastBaltic.eu","url":"https:\/\/wirplastbaltic.eu\/lt\/","logo":{"@type":"ImageObject","inLanguage":"lt-LT","@id":"https:\/\/wirplastbaltic.eu\/lt\/#\/schema\/logo\/image\/","url":"https:\/\/wirplastbaltic.eu\/wp-content\/uploads\/2023\/10\/Wirplast-Baltic-logo-black-400x56px.jpg","contentUrl":"https:\/\/wirplastbaltic.eu\/wp-content\/uploads\/2023\/10\/Wirplast-Baltic-logo-black-400x56px.jpg","width":400,"height":56,"caption":"WirplastBaltic.eu"},"image":{"@id":"https:\/\/wirplastbaltic.eu\/lt\/#\/schema\/logo\/image\/"}}]}},"_links":{"self":[{"href":"https:\/\/wirplastbaltic.eu\/lt\/wp-json\/wp\/v2\/product\/32544","targetHints":{"allow":["GET"]}}],"collection":[{"href":"https:\/\/wirplastbaltic.eu\/lt\/wp-json\/wp\/v2\/product"}],"about":[{"href":"https:\/\/wirplastbaltic.eu\/lt\/wp-json\/wp\/v2\/types\/product"}],"version-history":[{"count":0,"href":"https:\/\/wirplastbaltic.eu\/lt\/wp-json\/wp\/v2\/product\/32544\/revisions"}],"wp:featuredmedia":[{"embeddable":true,"href":"https:\/\/wirplastbaltic.eu\/lt\/wp-json\/wp\/v2\/media\/32545"}],"wp:attachment":[{"href":"https:\/\/wirplastbaltic.eu\/lt\/wp-json\/wp\/v2\/media?parent=32544"}],"wp:term":[{"taxonomy":"product_brand","embeddable":true,"href":"https:\/\/wirplastbaltic.eu\/lt\/wp-json\/wp\/v2\/product_brand?post=32544"},{"taxonomy":"product_cat","embeddable":true,"href":"https:\/\/wirplastbaltic.eu\/lt\/wp-json\/wp\/v2\/product_cat?post=32544"},{"taxonomy":"product_tag","embeddable":true,"href":"https:\/\/wirplastbaltic.eu\/lt\/wp-json\/wp\/v2\/product_tag?post=32544"}],"curies":[{"name":"wp","href":"https:\/\/api.w.org\/{rel}","templated":true}]}}