{"id":32661,"date":"2023-08-21T05:52:35","date_gmt":"2023-08-21T05:52:35","guid":{"rendered":"https:\/\/wirplastbaltic.eu\/produkti\/kanalizacijos-kaminelis-k83-normal\/"},"modified":"2023-08-21T05:52:35","modified_gmt":"2023-08-21T05:52:35","slug":"kanalizacijos-kaminelis-k83-normal","status":"publish","type":"product","link":"https:\/\/wirplastbaltic.eu\/lt\/produktai\/kanalizacijos-kaminelis-k83-normal\/","title":{"rendered":"Kanalizacijos kamin\u0117lis K83, NORMAL"},"content":{"rendered":"<p><strong>Kanalizacijos kamin\u0117lis K83 tinka:<\/strong> ritininio profilio stogams, bitumini\u0173 \u010derpi\u0173 stogams (esamai stogo dangai).<\/p>\n<p>Kanalizacijos kamin\u0117lis K83 pa\u0161alina nemalonius kvapus i\u0161 kanalizacijos stov\u0173, kad namuose likt\u0173 gryno oro.<\/p>\n<p><strong>I\u0161vad\u0105 galima \u012fsigyti kaip paruo\u0161t\u0105 montuoti rinkin\u012f:<\/strong> kanalizacijos kamin\u0117lis, atitinkama stogo jungtis ir (arba) r\u016bsys, butilo sandariklis, 14 gb var\u017etai, atitinkantys i\u0161leidimo spalv\u0105.<\/p>\n<ul class=\"unordered-list\">\n<li>Specialus pavir\u0161iaus apdorojimas u\u017etikrina i\u0161skirtin\u012f atsparum\u0105 \u012fbr\u0117\u017eimams, dideliems temperat\u016bros svyravimams, korozijai ir UV spinduliams.<\/li>\n<li>Lengvas ir greitas surinkimas.<\/li>\n<li>Kanalizacijos i\u0161leistuvai yra modernaus, vizualiai esteti\u0161ko dizaino.<\/li>\n<\/ul>\n<p><span style=\"color: #c82127;\"><strong>TECHNIN\u0116S DATOS<\/strong><\/span><\/p>\n<ul>\n<li style=\"list-style-type: none;\">\n<ul class=\"unordered-list\">\n<li><strong>Skersmuo:<\/strong> d110 mm<\/li>\n<li><strong>Auk\u0161tis<\/strong>: 265 mm<\/li>\n<li><strong>Med\u017eiaga:<\/strong> PP su UV stabilizatoriumi.<\/li>\n<\/ul>\n<\/li>\n<\/ul>\n<p><span style=\"color: #c82127;\"><strong>ATSISI\u0172STI FAILUS<\/strong><\/span><\/p>\n<div class=\"su-list\" style=\"margin-left:10px\">\n<ul>\n<li><i class=\"sui sui-file-pdf-o\" style=\"color:#C82127\"><\/i> <a href=\"https:\/\/wirplastbaltic.eu\/wp-content\/uploads\/2025\/11\/wirplast-katalogs-2026-eng-1.pdf\" target=\"_blank\" rel=\"noopener\">Wirplast katalogai (EN)<\/a><\/li>\n<li><i class=\"sui sui-file-pdf-o\" style=\"color:#C82127\"><\/i> <a href=\"https:\/\/wirplastbaltic.eu\/wp-content\/uploads\/2023\/09\/Wirplast-EVO-ventilacijas-izvadi-katalogs-updated-web-PL.pdf\" target=\"_blank\" rel=\"noopener\">Wirplast EVO katalogai (PL)<\/a><\/li>\n<li><i class=\"sui sui-file-pdf-o\" style=\"color:#C82127\"><\/i> <a href=\"https:\/\/wirplastbaltic.eu\/wp-content\/uploads\/2026\/02\/wirplast-profilu-pieslegumu-saraksts-2026-2.pdf\" target=\"_blank\" rel=\"noopener\">Wirplast stogo sujungimo profili\u0173 s\u0105ra\u0161as (EN)<\/a><\/li>\n<li><i class=\"sui sui-file-pdf-o\" style=\"color:#C82127\"><\/i> <a href=\"https:\/\/wirplastbaltic.eu\/wp-content\/uploads\/2023\/09\/Wirplast-EVO-ventilacijas-izvadi-buklets-vinteko-2023-A3-locits-uz-A4-preview-LV.pdf\" target=\"_blank\" rel=\"noopener\">&#8222;Wirplast&#8221; bro\u0161i\u016bra (LV)<\/a><\/li>\n<li><i class=\"sui sui-file-pdf-o\" style=\"color:#C82127\"><\/i> <a href=\"https:\/\/wirplastbaltic.eu\/wp-content\/uploads\/2023\/10\/Wirplast-kanalizacijas-izvads-K82-K823-K84-K85-K86-deklaracija-19-10-2023.pdf\" target=\"_blank\" rel=\"noopener\">Kanalizacijos kamin\u0117liai: eksploatacini\u0173 savybi\u0173 deklaracija (LV)<\/a><\/li>\n<\/ul>\n<\/div>\n","protected":false},"excerpt":{"rendered":"<p>Kanalizacijos kamin\u0117lis K83 tinka: ritininio profilio stogams, bitumini\u0173 \u010derpi\u0173 stogams (esamai stogo dangai). Kanalizacijos kamin\u0117lis K83 pa\u0161alina nemalonius kvapus i\u0161<\/p>\n","protected":false},"featured_media":32662,"template":"","meta":[],"product_brand":[],"product_cat":[936],"product_tag":[],"class_list":{"0":"post-32661","1":"product","2":"type-product","3":"status-publish","4":"has-post-thumbnail","6":"product_cat-kanalizacijos-kamineliai","8":"first","9":"instock","10":"shipping-taxable","11":"purchasable","12":"product-type-variable"},"yoast_head":"<!-- This site is optimized with the Yoast SEO plugin v27.1.1 - https:\/\/yoast.com\/product\/yoast-seo-wordpress\/ -->\n<title>Kanalizacijos kamin\u0117lis K83, NORMAL - WirplastBaltic.eu<\/title>\n<meta name=\"description\" content=\"Kanalizacijos kamin\u0117lis K83 pa\u0161alina nemalonius kvapus i\u0161 kanalizacijos stov\u0173, kad namuose likt\u0173 gryno oro. Galima \u012fsigyti vis\u0105 paket\u0105.\" \/>\n<meta name=\"robots\" content=\"index, follow, max-snippet:-1, max-image-preview:large, max-video-preview:-1\" \/>\n<link rel=\"canonical\" href=\"https:\/\/wirplastbaltic.eu\/lt\/produktai\/kanalizacijos-kaminelis-k83-normal\/\" \/>\n<meta property=\"og:locale\" content=\"lt_LT\" \/>\n<meta property=\"og:type\" content=\"article\" \/>\n<meta property=\"og:title\" content=\"Kanalizacijos kamin\u0117lis K83, NORMAL - WirplastBaltic.eu\" \/>\n<meta property=\"og:description\" content=\"Kanalizacijos kamin\u0117lis K83 pa\u0161alina nemalonius kvapus i\u0161 kanalizacijos stov\u0173, kad namuose likt\u0173 gryno oro. Galima \u012fsigyti vis\u0105 paket\u0105.\" \/>\n<meta property=\"og:url\" content=\"https:\/\/wirplastbaltic.eu\/lt\/produktai\/kanalizacijos-kaminelis-k83-normal\/\" \/>\n<meta property=\"og:site_name\" content=\"WirplastBaltic.eu\" \/>\n<meta property=\"og:image\" content=\"https:\/\/wirplastbaltic.eu\/wp-content\/uploads\/2023\/08\/Wirplast-kanalizacijas-izvads-K83-normal-krasa-03-grafita-ral7024-600x600px.jpg\" \/>\n\t<meta property=\"og:image:width\" content=\"600\" \/>\n\t<meta property=\"og:image:height\" content=\"600\" \/>\n\t<meta property=\"og:image:type\" content=\"image\/jpeg\" \/>\n<meta name=\"twitter:card\" content=\"summary_large_image\" \/>\n<meta name=\"twitter:label1\" content=\"Est. reading time\" \/>\n\t<meta name=\"twitter:data1\" content=\"1 minut\u0117\" \/>\n<script type=\"application\/ld+json\" class=\"yoast-schema-graph\">{\"@context\":\"https:\/\/schema.org\",\"@graph\":[{\"@type\":\"WebPage\",\"@id\":\"https:\/\/wirplastbaltic.eu\/lt\/produktai\/kanalizacijos-kaminelis-k83-normal\/\",\"url\":\"https:\/\/wirplastbaltic.eu\/lt\/produktai\/kanalizacijos-kaminelis-k83-normal\/\",\"name\":\"Kanalizacijos kamin\u0117lis K83, NORMAL - WirplastBaltic.eu\",\"isPartOf\":{\"@id\":\"https:\/\/wirplastbaltic.eu\/lt\/#website\"},\"primaryImageOfPage\":{\"@id\":\"https:\/\/wirplastbaltic.eu\/lt\/produktai\/kanalizacijos-kaminelis-k83-normal\/#primaryimage\"},\"image\":{\"@id\":\"https:\/\/wirplastbaltic.eu\/lt\/produktai\/kanalizacijos-kaminelis-k83-normal\/#primaryimage\"},\"thumbnailUrl\":\"https:\/\/wirplastbaltic.eu\/wp-content\/uploads\/2023\/08\/Wirplast-kanalizacijas-izvads-K83-normal-krasa-03-grafita-ral7024-600x600px.jpg\",\"datePublished\":\"2023-08-21T05:52:35+00:00\",\"description\":\"Kanalizacijos kamin\u0117lis K83 pa\u0161alina nemalonius kvapus i\u0161 kanalizacijos stov\u0173, kad namuose likt\u0173 gryno oro. Galima \u012fsigyti vis\u0105 paket\u0105.\",\"breadcrumb\":{\"@id\":\"https:\/\/wirplastbaltic.eu\/lt\/produktai\/kanalizacijos-kaminelis-k83-normal\/#breadcrumb\"},\"inLanguage\":\"lt-LT\",\"potentialAction\":[{\"@type\":\"ReadAction\",\"target\":[\"https:\/\/wirplastbaltic.eu\/lt\/produktai\/kanalizacijos-kaminelis-k83-normal\/\"]}]},{\"@type\":\"ImageObject\",\"inLanguage\":\"lt-LT\",\"@id\":\"https:\/\/wirplastbaltic.eu\/lt\/produktai\/kanalizacijos-kaminelis-k83-normal\/#primaryimage\",\"url\":\"https:\/\/wirplastbaltic.eu\/wp-content\/uploads\/2023\/08\/Wirplast-kanalizacijas-izvads-K83-normal-krasa-03-grafita-ral7024-600x600px.jpg\",\"contentUrl\":\"https:\/\/wirplastbaltic.eu\/wp-content\/uploads\/2023\/08\/Wirplast-kanalizacijas-izvads-K83-normal-krasa-03-grafita-ral7024-600x600px.jpg\",\"width\":600,\"height\":600},{\"@type\":\"BreadcrumbList\",\"@id\":\"https:\/\/wirplastbaltic.eu\/lt\/produktai\/kanalizacijos-kaminelis-k83-normal\/#breadcrumb\",\"itemListElement\":[{\"@type\":\"ListItem\",\"position\":1,\"name\":\"Prad\u017eia\",\"item\":\"https:\/\/wirplastbaltic.eu\/lt\/\"},{\"@type\":\"ListItem\",\"position\":2,\"name\":\"Produktai\",\"item\":\"https:\/\/wirplastbaltic.eu\/lt\/shop\/\"},{\"@type\":\"ListItem\",\"position\":3,\"name\":\"Kanalizacijos kamin\u0117lis K83, NORMAL\"}]},{\"@type\":\"WebSite\",\"@id\":\"https:\/\/wirplastbaltic.eu\/lt\/#website\",\"url\":\"https:\/\/wirplastbaltic.eu\/lt\/\",\"name\":\"WirplastBaltic.eu\",\"description\":\"Ventiliaciniai kamin\u0117liai visoms stogo dangoms\",\"publisher\":{\"@id\":\"https:\/\/wirplastbaltic.eu\/lt\/#organization\"},\"alternateName\":\"Wirplast\",\"potentialAction\":[{\"@type\":\"SearchAction\",\"target\":{\"@type\":\"EntryPoint\",\"urlTemplate\":\"https:\/\/wirplastbaltic.eu\/lt\/?s={search_term_string}\"},\"query-input\":{\"@type\":\"PropertyValueSpecification\",\"valueRequired\":true,\"valueName\":\"search_term_string\"}}],\"inLanguage\":\"lt-LT\"},{\"@type\":\"Organization\",\"@id\":\"https:\/\/wirplastbaltic.eu\/lt\/#organization\",\"name\":\"WirplastBaltic.eu\",\"alternateName\":\"WirplastBaltic.eu\",\"url\":\"https:\/\/wirplastbaltic.eu\/lt\/\",\"logo\":{\"@type\":\"ImageObject\",\"inLanguage\":\"lt-LT\",\"@id\":\"https:\/\/wirplastbaltic.eu\/lt\/#\/schema\/logo\/image\/\",\"url\":\"https:\/\/wirplastbaltic.eu\/wp-content\/uploads\/2023\/10\/Wirplast-Baltic-logo-black-400x56px.jpg\",\"contentUrl\":\"https:\/\/wirplastbaltic.eu\/wp-content\/uploads\/2023\/10\/Wirplast-Baltic-logo-black-400x56px.jpg\",\"width\":400,\"height\":56,\"caption\":\"WirplastBaltic.eu\"},\"image\":{\"@id\":\"https:\/\/wirplastbaltic.eu\/lt\/#\/schema\/logo\/image\/\"}}]}<\/script>\n<!-- \/ Yoast SEO plugin. -->","yoast_head_json":{"title":"Kanalizacijos kamin\u0117lis K83, NORMAL - WirplastBaltic.eu","description":"Kanalizacijos kamin\u0117lis K83 pa\u0161alina nemalonius kvapus i\u0161 kanalizacijos stov\u0173, kad namuose likt\u0173 gryno oro. Galima \u012fsigyti vis\u0105 paket\u0105.","robots":{"index":"index","follow":"follow","max-snippet":"max-snippet:-1","max-image-preview":"max-image-preview:large","max-video-preview":"max-video-preview:-1"},"canonical":"https:\/\/wirplastbaltic.eu\/lt\/produktai\/kanalizacijos-kaminelis-k83-normal\/","og_locale":"lt_LT","og_type":"article","og_title":"Kanalizacijos kamin\u0117lis K83, NORMAL - WirplastBaltic.eu","og_description":"Kanalizacijos kamin\u0117lis K83 pa\u0161alina nemalonius kvapus i\u0161 kanalizacijos stov\u0173, kad namuose likt\u0173 gryno oro. Galima \u012fsigyti vis\u0105 paket\u0105.","og_url":"https:\/\/wirplastbaltic.eu\/lt\/produktai\/kanalizacijos-kaminelis-k83-normal\/","og_site_name":"WirplastBaltic.eu","og_image":[{"width":600,"height":600,"url":"https:\/\/wirplastbaltic.eu\/wp-content\/uploads\/2023\/08\/Wirplast-kanalizacijas-izvads-K83-normal-krasa-03-grafita-ral7024-600x600px.jpg","type":"image\/jpeg"}],"twitter_card":"summary_large_image","twitter_misc":{"Est. reading time":"1 minut\u0117"},"schema":{"@context":"https:\/\/schema.org","@graph":[{"@type":"WebPage","@id":"https:\/\/wirplastbaltic.eu\/lt\/produktai\/kanalizacijos-kaminelis-k83-normal\/","url":"https:\/\/wirplastbaltic.eu\/lt\/produktai\/kanalizacijos-kaminelis-k83-normal\/","name":"Kanalizacijos kamin\u0117lis K83, NORMAL - WirplastBaltic.eu","isPartOf":{"@id":"https:\/\/wirplastbaltic.eu\/lt\/#website"},"primaryImageOfPage":{"@id":"https:\/\/wirplastbaltic.eu\/lt\/produktai\/kanalizacijos-kaminelis-k83-normal\/#primaryimage"},"image":{"@id":"https:\/\/wirplastbaltic.eu\/lt\/produktai\/kanalizacijos-kaminelis-k83-normal\/#primaryimage"},"thumbnailUrl":"https:\/\/wirplastbaltic.eu\/wp-content\/uploads\/2023\/08\/Wirplast-kanalizacijas-izvads-K83-normal-krasa-03-grafita-ral7024-600x600px.jpg","datePublished":"2023-08-21T05:52:35+00:00","description":"Kanalizacijos kamin\u0117lis K83 pa\u0161alina nemalonius kvapus i\u0161 kanalizacijos stov\u0173, kad namuose likt\u0173 gryno oro. Galima \u012fsigyti vis\u0105 paket\u0105.","breadcrumb":{"@id":"https:\/\/wirplastbaltic.eu\/lt\/produktai\/kanalizacijos-kaminelis-k83-normal\/#breadcrumb"},"inLanguage":"lt-LT","potentialAction":[{"@type":"ReadAction","target":["https:\/\/wirplastbaltic.eu\/lt\/produktai\/kanalizacijos-kaminelis-k83-normal\/"]}]},{"@type":"ImageObject","inLanguage":"lt-LT","@id":"https:\/\/wirplastbaltic.eu\/lt\/produktai\/kanalizacijos-kaminelis-k83-normal\/#primaryimage","url":"https:\/\/wirplastbaltic.eu\/wp-content\/uploads\/2023\/08\/Wirplast-kanalizacijas-izvads-K83-normal-krasa-03-grafita-ral7024-600x600px.jpg","contentUrl":"https:\/\/wirplastbaltic.eu\/wp-content\/uploads\/2023\/08\/Wirplast-kanalizacijas-izvads-K83-normal-krasa-03-grafita-ral7024-600x600px.jpg","width":600,"height":600},{"@type":"BreadcrumbList","@id":"https:\/\/wirplastbaltic.eu\/lt\/produktai\/kanalizacijos-kaminelis-k83-normal\/#breadcrumb","itemListElement":[{"@type":"ListItem","position":1,"name":"Prad\u017eia","item":"https:\/\/wirplastbaltic.eu\/lt\/"},{"@type":"ListItem","position":2,"name":"Produktai","item":"https:\/\/wirplastbaltic.eu\/lt\/shop\/"},{"@type":"ListItem","position":3,"name":"Kanalizacijos kamin\u0117lis K83, NORMAL"}]},{"@type":"WebSite","@id":"https:\/\/wirplastbaltic.eu\/lt\/#website","url":"https:\/\/wirplastbaltic.eu\/lt\/","name":"WirplastBaltic.eu","description":"Ventiliaciniai kamin\u0117liai visoms stogo dangoms","publisher":{"@id":"https:\/\/wirplastbaltic.eu\/lt\/#organization"},"alternateName":"Wirplast","potentialAction":[{"@type":"SearchAction","target":{"@type":"EntryPoint","urlTemplate":"https:\/\/wirplastbaltic.eu\/lt\/?s={search_term_string}"},"query-input":{"@type":"PropertyValueSpecification","valueRequired":true,"valueName":"search_term_string"}}],"inLanguage":"lt-LT"},{"@type":"Organization","@id":"https:\/\/wirplastbaltic.eu\/lt\/#organization","name":"WirplastBaltic.eu","alternateName":"WirplastBaltic.eu","url":"https:\/\/wirplastbaltic.eu\/lt\/","logo":{"@type":"ImageObject","inLanguage":"lt-LT","@id":"https:\/\/wirplastbaltic.eu\/lt\/#\/schema\/logo\/image\/","url":"https:\/\/wirplastbaltic.eu\/wp-content\/uploads\/2023\/10\/Wirplast-Baltic-logo-black-400x56px.jpg","contentUrl":"https:\/\/wirplastbaltic.eu\/wp-content\/uploads\/2023\/10\/Wirplast-Baltic-logo-black-400x56px.jpg","width":400,"height":56,"caption":"WirplastBaltic.eu"},"image":{"@id":"https:\/\/wirplastbaltic.eu\/lt\/#\/schema\/logo\/image\/"}}]}},"_links":{"self":[{"href":"https:\/\/wirplastbaltic.eu\/lt\/wp-json\/wp\/v2\/product\/32661","targetHints":{"allow":["GET"]}}],"collection":[{"href":"https:\/\/wirplastbaltic.eu\/lt\/wp-json\/wp\/v2\/product"}],"about":[{"href":"https:\/\/wirplastbaltic.eu\/lt\/wp-json\/wp\/v2\/types\/product"}],"version-history":[{"count":0,"href":"https:\/\/wirplastbaltic.eu\/lt\/wp-json\/wp\/v2\/product\/32661\/revisions"}],"wp:featuredmedia":[{"embeddable":true,"href":"https:\/\/wirplastbaltic.eu\/lt\/wp-json\/wp\/v2\/media\/32662"}],"wp:attachment":[{"href":"https:\/\/wirplastbaltic.eu\/lt\/wp-json\/wp\/v2\/media?parent=32661"}],"wp:term":[{"taxonomy":"product_brand","embeddable":true,"href":"https:\/\/wirplastbaltic.eu\/lt\/wp-json\/wp\/v2\/product_brand?post=32661"},{"taxonomy":"product_cat","embeddable":true,"href":"https:\/\/wirplastbaltic.eu\/lt\/wp-json\/wp\/v2\/product_cat?post=32661"},{"taxonomy":"product_tag","embeddable":true,"href":"https:\/\/wirplastbaltic.eu\/lt\/wp-json\/wp\/v2\/product_tag?post=32661"}],"curies":[{"name":"wp","href":"https:\/\/api.w.org\/{rel}","templated":true}]}}