{"id":33064,"date":"2024-01-16T09:56:03","date_gmt":"2024-01-16T09:56:03","guid":{"rendered":"https:\/\/wirplastbaltic.eu\/produkti\/butylfix-butilo-aukle\/"},"modified":"2024-02-22T09:02:18","modified_gmt":"2024-02-22T09:02:18","slug":"butylfix-butilo-aukle","status":"publish","type":"product","link":"https:\/\/wirplastbaltic.eu\/lt\/produktai\/butylfix-butilo-aukle\/","title":{"rendered":"BUTYLFIX butilo aukl\u0117"},"content":{"rendered":"<p>&#8222;<strong>ButylFix Professional&#8221; <\/strong>&#8211; tai auk\u0161tos kokyb\u0117s butilas, skirtas \u012fvairioms reikm\u0117ms, skirtas elementams, kuriuos reikia skubiai sandarinti.<\/p>\n<p><strong><span style=\"color: #c82127;\">Sukurta profesionaliam naudojimui!<\/span><\/strong><\/p>\n<p><span style=\"color: #c82127;\"><strong>PRA\u0160YMAS<\/strong><\/span><\/p>\n<ul>\n<li style=\"list-style-type: none;\">\n<ul class=\"unordered-list\">\n<li>Statyba (stogo danga, fasado med\u017eiagos, lang\u0173 ir dur\u0173 sandarinimas)<\/li>\n<li>Santechnika (vamzd\u017ei\u0173 ir \u012ftr\u016bkim\u0173 remontas, alternatyva silikonui)<\/li>\n<li>Automobili\u0173 pramon\u0117 (k\u0117bul\u0173 ir komponent\u0173 sandarinimas)<\/li>\n<li>Autobus\u0173, traktori\u0173, gele\u017einkelio vagon\u0173, jacht\u0173, val\u010di\u0173 konstrukcij\u0173<\/li>\n<li>Talpyklos, langai, durys, v\u0117dinimo ir oro kondicionavimo kanalai<\/li>\n<li><strong>..Trumpai tariant, butilu galima u\u017esandarinti beveik visk\u0105!<\/strong><\/li>\n<\/ul>\n<\/li>\n<\/ul>\n<p><span style=\"color: #c82127;\"><strong>PRIVALUMAI<\/strong><\/span><\/p>\n<ul>\n<li style=\"list-style-type: none;\">\n<ul class=\"unordered-list\">\n<li>Auk\u0161\u010diausios kokyb\u0117s butilo<\/li>\n<li>Dvipusiai klijai<\/li>\n<li>Stiprus sukibimas su \u012fvairiais pavir\u0161iais<\/li>\n<li>I\u0161or\u0117s ir vidaus darbams<\/li>\n<li>Am\u017einai plastikinis ir lipnus<\/li>\n<li>Ilgaam\u017eis, nekiet\u0117jantis, neblunkantis, netoksi\u0161kas<\/li>\n<li>Atsparus oro s\u0105lygoms, UV spinduliams, r\u016bg\u0161tims, \u0161armams, grybeliui, pel\u0117siui, korozijai<\/li>\n<li>Be laki\u0173j\u0173 med\u017eiag\u0173, nepraranda svorio<\/li>\n<li>Atsparus vandeniui, atsparus garams, triuk\u0161mui, slopinantis vibracij\u0105 ir virpesius<\/li>\n<\/ul>\n<\/li>\n<\/ul>\n<p><span style=\"color: #c82127;\"><strong>TECHNIN\u0116S DATOS<\/strong><\/span><\/p>\n<ul>\n<li style=\"list-style-type: none;\">\n<ul class=\"unordered-list\">\n<li><strong>Naudojimo temperat\u016bra<\/strong>: nuo +5\u00b0C iki +40\u00b0C<\/li>\n<li><strong>\u0160ilumin\u0117 var\u017ea<\/strong>: nuo -30 \u00b0C iki +90 \u00b0C<\/li>\n<li><strong>L\u016b\u017eio j\u0117ga:<\/strong> &gt; 10 \u00b11 N\/cm (180\u00b0; 23\u00b0C; 200 mm\/min)<\/li>\n<li><strong>Med\u017eiaga:<\/strong> butilas<\/li>\n<\/ul>\n<\/li>\n<\/ul>\n<p><span style=\"color: #c82127;\"><strong>INFORMACIJA<\/strong><\/span><\/p>\n<ul>\n<li style=\"list-style-type: none;\">\n<ul class=\"unordered-list\">\n<li>Butilas pasi\u017eymi termoplastin\u0117mis savyb\u0117mis. Esant \u017eemai temperat\u016brai, jo kietumas padid\u0117ja, ta\u010diau auk\u0161tesn\u0117je temperat\u016broje jis tampa mink\u0161tesnis ir lipnesnis.<\/li>\n<li>Butilas yra atsparus atmosferos poveikiui ir UV spinduliams, ypa\u010d \u0161iltoje ir dr\u0117gnoje aplinkoje.<\/li>\n<li>Be to, jis stabilus s\u0105lytyje su g\u0117lu ir s\u016briu vandeniu, kurio pH yra 5-9.<\/li>\n<li>Neatsparus alyvoms, tepalams, vaitspiritui ir kitiems tirpikliams.<\/li>\n<\/ul>\n<\/li>\n<\/ul>\n","protected":false},"excerpt":{"rendered":"<p>&#8222;ButylFix Professional&#8221; &#8211; tai auk\u0161tos kokyb\u0117s butilas, skirtas \u012fvairioms reikm\u0117ms, skirtas elementams, kuriuos reikia skubiai sandarinti. Sukurta profesionaliam naudojimui! PRA\u0160YMAS<\/p>\n","protected":false},"featured_media":33277,"template":"","meta":[],"product_brand":[],"product_cat":[957],"product_tag":[],"class_list":{"0":"post-33064","1":"product","2":"type-product","3":"status-publish","4":"has-post-thumbnail","6":"product_cat-butilo-sandarikliai","8":"first","9":"instock","10":"shipping-taxable","11":"purchasable","12":"product-type-variable"},"yoast_head":"<!-- This site is optimized with the Yoast SEO plugin v27.1.1 - https:\/\/yoast.com\/product\/yoast-seo-wordpress\/ -->\n<title>BUTYLFIX butilo aukl\u0117 - WirplastBaltic.eu<\/title>\n<meta name=\"robots\" content=\"index, follow, max-snippet:-1, max-image-preview:large, max-video-preview:-1\" \/>\n<link rel=\"canonical\" href=\"https:\/\/wirplastbaltic.eu\/lt\/produktai\/butylfix-butilo-aukle\/\" \/>\n<meta property=\"og:locale\" content=\"lt_LT\" \/>\n<meta property=\"og:type\" content=\"article\" \/>\n<meta property=\"og:title\" content=\"BUTYLFIX butilo aukl\u0117 - WirplastBaltic.eu\" \/>\n<meta property=\"og:description\" content=\"&#8222;ButylFix Professional&#8221; &#8211; tai auk\u0161tos kokyb\u0117s butilas, skirtas \u012fvairioms reikm\u0117ms, skirtas elementams, kuriuos reikia skubiai sandarinti. Sukurta profesionaliam naudojimui! PRA\u0160YMAS\" \/>\n<meta property=\"og:url\" content=\"https:\/\/wirplastbaltic.eu\/lt\/produktai\/butylfix-butilo-aukle\/\" \/>\n<meta property=\"og:site_name\" content=\"WirplastBaltic.eu\" \/>\n<meta property=\"article:modified_time\" content=\"2024-02-22T09:02:18+00:00\" \/>\n<meta property=\"og:image\" content=\"https:\/\/wirplastbaltic.eu\/wp-content\/uploads\/2024\/01\/Wirplast-butylfix-butila-aukla-melna-d4mm-bcz04-600x600px.jpg\" \/>\n\t<meta property=\"og:image:width\" content=\"600\" \/>\n\t<meta property=\"og:image:height\" content=\"600\" \/>\n\t<meta property=\"og:image:type\" content=\"image\/jpeg\" \/>\n<meta name=\"twitter:card\" content=\"summary_large_image\" \/>\n<meta name=\"twitter:label1\" content=\"Est. reading time\" \/>\n\t<meta name=\"twitter:data1\" content=\"2 minut\u0117s\" \/>\n<script type=\"application\/ld+json\" class=\"yoast-schema-graph\">{\"@context\":\"https:\/\/schema.org\",\"@graph\":[{\"@type\":\"WebPage\",\"@id\":\"https:\/\/wirplastbaltic.eu\/lt\/produktai\/butylfix-butilo-aukle\/\",\"url\":\"https:\/\/wirplastbaltic.eu\/lt\/produktai\/butylfix-butilo-aukle\/\",\"name\":\"BUTYLFIX butilo aukl\u0117 - WirplastBaltic.eu\",\"isPartOf\":{\"@id\":\"https:\/\/wirplastbaltic.eu\/lt\/#website\"},\"primaryImageOfPage\":{\"@id\":\"https:\/\/wirplastbaltic.eu\/lt\/produktai\/butylfix-butilo-aukle\/#primaryimage\"},\"image\":{\"@id\":\"https:\/\/wirplastbaltic.eu\/lt\/produktai\/butylfix-butilo-aukle\/#primaryimage\"},\"thumbnailUrl\":\"https:\/\/wirplastbaltic.eu\/wp-content\/uploads\/2024\/01\/Wirplast-butylfix-butila-aukla-melna-d4mm-bcz04-600x600px.jpg\",\"datePublished\":\"2024-01-16T09:56:03+00:00\",\"dateModified\":\"2024-02-22T09:02:18+00:00\",\"breadcrumb\":{\"@id\":\"https:\/\/wirplastbaltic.eu\/lt\/produktai\/butylfix-butilo-aukle\/#breadcrumb\"},\"inLanguage\":\"lt-LT\",\"potentialAction\":[{\"@type\":\"ReadAction\",\"target\":[\"https:\/\/wirplastbaltic.eu\/lt\/produktai\/butylfix-butilo-aukle\/\"]}]},{\"@type\":\"ImageObject\",\"inLanguage\":\"lt-LT\",\"@id\":\"https:\/\/wirplastbaltic.eu\/lt\/produktai\/butylfix-butilo-aukle\/#primaryimage\",\"url\":\"https:\/\/wirplastbaltic.eu\/wp-content\/uploads\/2024\/01\/Wirplast-butylfix-butila-aukla-melna-d4mm-bcz04-600x600px.jpg\",\"contentUrl\":\"https:\/\/wirplastbaltic.eu\/wp-content\/uploads\/2024\/01\/Wirplast-butylfix-butila-aukla-melna-d4mm-bcz04-600x600px.jpg\",\"width\":600,\"height\":600},{\"@type\":\"BreadcrumbList\",\"@id\":\"https:\/\/wirplastbaltic.eu\/lt\/produktai\/butylfix-butilo-aukle\/#breadcrumb\",\"itemListElement\":[{\"@type\":\"ListItem\",\"position\":1,\"name\":\"Prad\u017eia\",\"item\":\"https:\/\/wirplastbaltic.eu\/lt\/\"},{\"@type\":\"ListItem\",\"position\":2,\"name\":\"Produktai\",\"item\":\"https:\/\/wirplastbaltic.eu\/lt\/shop\/\"},{\"@type\":\"ListItem\",\"position\":3,\"name\":\"BUTYLFIX butilo aukl\u0117\"}]},{\"@type\":\"WebSite\",\"@id\":\"https:\/\/wirplastbaltic.eu\/lt\/#website\",\"url\":\"https:\/\/wirplastbaltic.eu\/lt\/\",\"name\":\"WirplastBaltic.eu\",\"description\":\"Ventiliaciniai kamin\u0117liai visoms stogo dangoms\",\"publisher\":{\"@id\":\"https:\/\/wirplastbaltic.eu\/lt\/#organization\"},\"alternateName\":\"Wirplast\",\"potentialAction\":[{\"@type\":\"SearchAction\",\"target\":{\"@type\":\"EntryPoint\",\"urlTemplate\":\"https:\/\/wirplastbaltic.eu\/lt\/?s={search_term_string}\"},\"query-input\":{\"@type\":\"PropertyValueSpecification\",\"valueRequired\":true,\"valueName\":\"search_term_string\"}}],\"inLanguage\":\"lt-LT\"},{\"@type\":\"Organization\",\"@id\":\"https:\/\/wirplastbaltic.eu\/lt\/#organization\",\"name\":\"WirplastBaltic.eu\",\"alternateName\":\"WirplastBaltic.eu\",\"url\":\"https:\/\/wirplastbaltic.eu\/lt\/\",\"logo\":{\"@type\":\"ImageObject\",\"inLanguage\":\"lt-LT\",\"@id\":\"https:\/\/wirplastbaltic.eu\/lt\/#\/schema\/logo\/image\/\",\"url\":\"https:\/\/wirplastbaltic.eu\/wp-content\/uploads\/2023\/10\/Wirplast-Baltic-logo-black-400x56px.jpg\",\"contentUrl\":\"https:\/\/wirplastbaltic.eu\/wp-content\/uploads\/2023\/10\/Wirplast-Baltic-logo-black-400x56px.jpg\",\"width\":400,\"height\":56,\"caption\":\"WirplastBaltic.eu\"},\"image\":{\"@id\":\"https:\/\/wirplastbaltic.eu\/lt\/#\/schema\/logo\/image\/\"}}]}<\/script>\n<!-- \/ Yoast SEO plugin. -->","yoast_head_json":{"title":"BUTYLFIX butilo aukl\u0117 - WirplastBaltic.eu","robots":{"index":"index","follow":"follow","max-snippet":"max-snippet:-1","max-image-preview":"max-image-preview:large","max-video-preview":"max-video-preview:-1"},"canonical":"https:\/\/wirplastbaltic.eu\/lt\/produktai\/butylfix-butilo-aukle\/","og_locale":"lt_LT","og_type":"article","og_title":"BUTYLFIX butilo aukl\u0117 - WirplastBaltic.eu","og_description":"&#8222;ButylFix Professional&#8221; &#8211; tai auk\u0161tos kokyb\u0117s butilas, skirtas \u012fvairioms reikm\u0117ms, skirtas elementams, kuriuos reikia skubiai sandarinti. Sukurta profesionaliam naudojimui! PRA\u0160YMAS","og_url":"https:\/\/wirplastbaltic.eu\/lt\/produktai\/butylfix-butilo-aukle\/","og_site_name":"WirplastBaltic.eu","article_modified_time":"2024-02-22T09:02:18+00:00","og_image":[{"width":600,"height":600,"url":"https:\/\/wirplastbaltic.eu\/wp-content\/uploads\/2024\/01\/Wirplast-butylfix-butila-aukla-melna-d4mm-bcz04-600x600px.jpg","type":"image\/jpeg"}],"twitter_card":"summary_large_image","twitter_misc":{"Est. reading time":"2 minut\u0117s"},"schema":{"@context":"https:\/\/schema.org","@graph":[{"@type":"WebPage","@id":"https:\/\/wirplastbaltic.eu\/lt\/produktai\/butylfix-butilo-aukle\/","url":"https:\/\/wirplastbaltic.eu\/lt\/produktai\/butylfix-butilo-aukle\/","name":"BUTYLFIX butilo aukl\u0117 - WirplastBaltic.eu","isPartOf":{"@id":"https:\/\/wirplastbaltic.eu\/lt\/#website"},"primaryImageOfPage":{"@id":"https:\/\/wirplastbaltic.eu\/lt\/produktai\/butylfix-butilo-aukle\/#primaryimage"},"image":{"@id":"https:\/\/wirplastbaltic.eu\/lt\/produktai\/butylfix-butilo-aukle\/#primaryimage"},"thumbnailUrl":"https:\/\/wirplastbaltic.eu\/wp-content\/uploads\/2024\/01\/Wirplast-butylfix-butila-aukla-melna-d4mm-bcz04-600x600px.jpg","datePublished":"2024-01-16T09:56:03+00:00","dateModified":"2024-02-22T09:02:18+00:00","breadcrumb":{"@id":"https:\/\/wirplastbaltic.eu\/lt\/produktai\/butylfix-butilo-aukle\/#breadcrumb"},"inLanguage":"lt-LT","potentialAction":[{"@type":"ReadAction","target":["https:\/\/wirplastbaltic.eu\/lt\/produktai\/butylfix-butilo-aukle\/"]}]},{"@type":"ImageObject","inLanguage":"lt-LT","@id":"https:\/\/wirplastbaltic.eu\/lt\/produktai\/butylfix-butilo-aukle\/#primaryimage","url":"https:\/\/wirplastbaltic.eu\/wp-content\/uploads\/2024\/01\/Wirplast-butylfix-butila-aukla-melna-d4mm-bcz04-600x600px.jpg","contentUrl":"https:\/\/wirplastbaltic.eu\/wp-content\/uploads\/2024\/01\/Wirplast-butylfix-butila-aukla-melna-d4mm-bcz04-600x600px.jpg","width":600,"height":600},{"@type":"BreadcrumbList","@id":"https:\/\/wirplastbaltic.eu\/lt\/produktai\/butylfix-butilo-aukle\/#breadcrumb","itemListElement":[{"@type":"ListItem","position":1,"name":"Prad\u017eia","item":"https:\/\/wirplastbaltic.eu\/lt\/"},{"@type":"ListItem","position":2,"name":"Produktai","item":"https:\/\/wirplastbaltic.eu\/lt\/shop\/"},{"@type":"ListItem","position":3,"name":"BUTYLFIX butilo aukl\u0117"}]},{"@type":"WebSite","@id":"https:\/\/wirplastbaltic.eu\/lt\/#website","url":"https:\/\/wirplastbaltic.eu\/lt\/","name":"WirplastBaltic.eu","description":"Ventiliaciniai kamin\u0117liai visoms stogo dangoms","publisher":{"@id":"https:\/\/wirplastbaltic.eu\/lt\/#organization"},"alternateName":"Wirplast","potentialAction":[{"@type":"SearchAction","target":{"@type":"EntryPoint","urlTemplate":"https:\/\/wirplastbaltic.eu\/lt\/?s={search_term_string}"},"query-input":{"@type":"PropertyValueSpecification","valueRequired":true,"valueName":"search_term_string"}}],"inLanguage":"lt-LT"},{"@type":"Organization","@id":"https:\/\/wirplastbaltic.eu\/lt\/#organization","name":"WirplastBaltic.eu","alternateName":"WirplastBaltic.eu","url":"https:\/\/wirplastbaltic.eu\/lt\/","logo":{"@type":"ImageObject","inLanguage":"lt-LT","@id":"https:\/\/wirplastbaltic.eu\/lt\/#\/schema\/logo\/image\/","url":"https:\/\/wirplastbaltic.eu\/wp-content\/uploads\/2023\/10\/Wirplast-Baltic-logo-black-400x56px.jpg","contentUrl":"https:\/\/wirplastbaltic.eu\/wp-content\/uploads\/2023\/10\/Wirplast-Baltic-logo-black-400x56px.jpg","width":400,"height":56,"caption":"WirplastBaltic.eu"},"image":{"@id":"https:\/\/wirplastbaltic.eu\/lt\/#\/schema\/logo\/image\/"}}]}},"_links":{"self":[{"href":"https:\/\/wirplastbaltic.eu\/lt\/wp-json\/wp\/v2\/product\/33064","targetHints":{"allow":["GET"]}}],"collection":[{"href":"https:\/\/wirplastbaltic.eu\/lt\/wp-json\/wp\/v2\/product"}],"about":[{"href":"https:\/\/wirplastbaltic.eu\/lt\/wp-json\/wp\/v2\/types\/product"}],"version-history":[{"count":0,"href":"https:\/\/wirplastbaltic.eu\/lt\/wp-json\/wp\/v2\/product\/33064\/revisions"}],"wp:featuredmedia":[{"embeddable":true,"href":"https:\/\/wirplastbaltic.eu\/lt\/wp-json\/wp\/v2\/media\/33277"}],"wp:attachment":[{"href":"https:\/\/wirplastbaltic.eu\/lt\/wp-json\/wp\/v2\/media?parent=33064"}],"wp:term":[{"taxonomy":"product_brand","embeddable":true,"href":"https:\/\/wirplastbaltic.eu\/lt\/wp-json\/wp\/v2\/product_brand?post=33064"},{"taxonomy":"product_cat","embeddable":true,"href":"https:\/\/wirplastbaltic.eu\/lt\/wp-json\/wp\/v2\/product_cat?post=33064"},{"taxonomy":"product_tag","embeddable":true,"href":"https:\/\/wirplastbaltic.eu\/lt\/wp-json\/wp\/v2\/product_tag?post=33064"}],"curies":[{"name":"wp","href":"https:\/\/api.w.org\/{rel}","templated":true}]}}