{"id":33976,"date":"2024-01-17T11:15:58","date_gmt":"2024-01-17T11:15:58","guid":{"rendered":"https:\/\/wirplastbaltic.eu\/produkti\/wirofix-universalus-pleistai\/"},"modified":"2024-02-22T09:01:02","modified_gmt":"2024-02-22T09:01:02","slug":"wirofix-universalus-pleistai","status":"publish","type":"product","link":"https:\/\/wirplastbaltic.eu\/lt\/produktai\/wirofix-universalus-pleistai\/","title":{"rendered":"WIROFIX universal\u016bs lyginimo plei\u0161tai"},"content":{"rendered":"<p><strong>WIROFIX universal\u016bs lyginimo plei\u0161tai <\/strong>naudojami kaip pagalbin\u0117 \u012fvairi\u0173 element\u0173 montavimo priemon\u0117.<\/p>\n<p><span style=\"color: #c82127;\"><strong>PRA\u0160YMAS<\/strong><\/span><\/p>\n<ul>\n<li style=\"list-style-type: none;\">\n<ul>\n<li style=\"list-style-type: none;\">\n<ul class=\"unordered-list\">\n<li>Lentoms ir sijoms lyginti<\/li>\n<li>Kaip tarpin\u0117 per surinkimo darbus<\/li>\n<li>Lang\u0173, palangi\u0173, dur\u0173, plok\u0161\u010di\u0173, r\u0117m\u0173 ir kit\u0173 element\u0173, kuriuos reikia stabiliai i\u0161d\u0117styti ir sulygiuoti, montavimui.<\/li>\n<\/ul>\n<\/li>\n<\/ul>\n<\/li>\n<\/ul>\n<p><span style=\"color: #c82127;\"><strong>PRIVALUMAI<\/strong><\/span><\/p>\n<ul>\n<li style=\"list-style-type: none;\">\n<ul class=\"unordered-list\">\n<li>Galimyb\u0117 sujungti plei\u0161tus &#8211; pagal poreikius<\/li>\n<li>Auk\u0161\u010diausios kokyb\u0117s PP med\u017eiaga, labai atspari spaudimui ir sm\u016bgiams, nei\u0161brinksta ir nesubyra.<\/li>\n<li>Tvirta konstrukcija neleid\u017eia plei\u0161tams deformuotis<\/li>\n<li>Neslystantis plei\u0161t\u0173 pavir\u0161ius apsaugo juos nuo slydimo vienas nuo kito ir nuo slydimo ant \u017eem\u0117s.<\/li>\n<li>Plei\u0161tai yra daugkartinio naudojimo<\/li>\n<li>Viduryje esanti universali skyl\u0117 leid\u017eia tvirtinti var\u017etu arba vinimi.<\/li>\n<li>Skyl\u0117 plei\u0161to tvirtinimui<\/li>\n<li>Special\u016bs dantukai skyl\u0117s viduje neleid\u017eia var\u017etams ir vinims praslysti.<\/li>\n<\/ul>\n<\/li>\n<\/ul>\n","protected":false},"excerpt":{"rendered":"<p>WIROFIX universal\u016bs lyginimo plei\u0161tai naudojami kaip pagalbin\u0117 \u012fvairi\u0173 element\u0173 montavimo priemon\u0117. PRA\u0160YMAS Lentoms ir sijoms lyginti Kaip tarpin\u0117 per surinkimo<\/p>\n","protected":false},"featured_media":34209,"template":"","meta":[],"product_brand":[],"product_cat":[849],"product_tag":[],"class_list":{"0":"post-33976","1":"product","2":"type-product","3":"status-publish","4":"has-post-thumbnail","6":"product_cat-priedai","8":"first","9":"instock","10":"shipping-taxable","11":"purchasable","12":"product-type-variable"},"yoast_head":"<!-- This site is optimized with the Yoast SEO plugin v27.1.1 - https:\/\/yoast.com\/product\/yoast-seo-wordpress\/ -->\n<title>WIROFIX universal\u016bs lyginimo plei\u0161tai - WirplastBaltic.eu<\/title>\n<meta name=\"robots\" content=\"index, follow, max-snippet:-1, max-image-preview:large, max-video-preview:-1\" \/>\n<link rel=\"canonical\" href=\"https:\/\/wirplastbaltic.eu\/lt\/produktai\/wirofix-universalus-pleistai\/\" \/>\n<meta property=\"og:locale\" content=\"lt_LT\" \/>\n<meta property=\"og:type\" content=\"article\" \/>\n<meta property=\"og:title\" content=\"WIROFIX universal\u016bs lyginimo plei\u0161tai - WirplastBaltic.eu\" \/>\n<meta property=\"og:description\" content=\"WIROFIX universal\u016bs lyginimo plei\u0161tai naudojami kaip pagalbin\u0117 \u012fvairi\u0173 element\u0173 montavimo priemon\u0117. PRA\u0160YMAS Lentoms ir sijoms lyginti Kaip tarpin\u0117 per surinkimo\" \/>\n<meta property=\"og:url\" content=\"https:\/\/wirplastbaltic.eu\/lt\/produktai\/wirofix-universalus-pleistai\/\" \/>\n<meta property=\"og:site_name\" content=\"WirplastBaltic.eu\" \/>\n<meta property=\"article:modified_time\" content=\"2024-02-22T09:01:02+00:00\" \/>\n<meta property=\"og:image\" content=\"https:\/\/wirplastbaltic.eu\/wp-content\/uploads\/2024\/01\/Wirplast-universalie-kili-mix-1-600x600px.jpg\" \/>\n\t<meta property=\"og:image:width\" content=\"600\" \/>\n\t<meta property=\"og:image:height\" content=\"600\" \/>\n\t<meta property=\"og:image:type\" content=\"image\/jpeg\" \/>\n<meta name=\"twitter:card\" content=\"summary_large_image\" \/>\n<meta name=\"twitter:label1\" content=\"Est. reading time\" \/>\n\t<meta name=\"twitter:data1\" content=\"1 minut\u0117\" \/>\n<script type=\"application\/ld+json\" class=\"yoast-schema-graph\">{\"@context\":\"https:\/\/schema.org\",\"@graph\":[{\"@type\":\"WebPage\",\"@id\":\"https:\/\/wirplastbaltic.eu\/lt\/produktai\/wirofix-universalus-pleistai\/\",\"url\":\"https:\/\/wirplastbaltic.eu\/lt\/produktai\/wirofix-universalus-pleistai\/\",\"name\":\"WIROFIX universal\u016bs lyginimo plei\u0161tai - WirplastBaltic.eu\",\"isPartOf\":{\"@id\":\"https:\/\/wirplastbaltic.eu\/lt\/#website\"},\"primaryImageOfPage\":{\"@id\":\"https:\/\/wirplastbaltic.eu\/lt\/produktai\/wirofix-universalus-pleistai\/#primaryimage\"},\"image\":{\"@id\":\"https:\/\/wirplastbaltic.eu\/lt\/produktai\/wirofix-universalus-pleistai\/#primaryimage\"},\"thumbnailUrl\":\"https:\/\/wirplastbaltic.eu\/wp-content\/uploads\/2024\/01\/Wirplast-universalie-kili-mix-1-600x600px.jpg\",\"datePublished\":\"2024-01-17T11:15:58+00:00\",\"dateModified\":\"2024-02-22T09:01:02+00:00\",\"breadcrumb\":{\"@id\":\"https:\/\/wirplastbaltic.eu\/lt\/produktai\/wirofix-universalus-pleistai\/#breadcrumb\"},\"inLanguage\":\"lt-LT\",\"potentialAction\":[{\"@type\":\"ReadAction\",\"target\":[\"https:\/\/wirplastbaltic.eu\/lt\/produktai\/wirofix-universalus-pleistai\/\"]}]},{\"@type\":\"ImageObject\",\"inLanguage\":\"lt-LT\",\"@id\":\"https:\/\/wirplastbaltic.eu\/lt\/produktai\/wirofix-universalus-pleistai\/#primaryimage\",\"url\":\"https:\/\/wirplastbaltic.eu\/wp-content\/uploads\/2024\/01\/Wirplast-universalie-kili-mix-1-600x600px.jpg\",\"contentUrl\":\"https:\/\/wirplastbaltic.eu\/wp-content\/uploads\/2024\/01\/Wirplast-universalie-kili-mix-1-600x600px.jpg\",\"width\":600,\"height\":600},{\"@type\":\"BreadcrumbList\",\"@id\":\"https:\/\/wirplastbaltic.eu\/lt\/produktai\/wirofix-universalus-pleistai\/#breadcrumb\",\"itemListElement\":[{\"@type\":\"ListItem\",\"position\":1,\"name\":\"Prad\u017eia\",\"item\":\"https:\/\/wirplastbaltic.eu\/lt\/\"},{\"@type\":\"ListItem\",\"position\":2,\"name\":\"Produktai\",\"item\":\"https:\/\/wirplastbaltic.eu\/lt\/shop\/\"},{\"@type\":\"ListItem\",\"position\":3,\"name\":\"WIROFIX universal\u016bs lyginimo plei\u0161tai\"}]},{\"@type\":\"WebSite\",\"@id\":\"https:\/\/wirplastbaltic.eu\/lt\/#website\",\"url\":\"https:\/\/wirplastbaltic.eu\/lt\/\",\"name\":\"WirplastBaltic.eu\",\"description\":\"Ventiliaciniai kamin\u0117liai visoms stogo dangoms\",\"publisher\":{\"@id\":\"https:\/\/wirplastbaltic.eu\/lt\/#organization\"},\"alternateName\":\"Wirplast\",\"potentialAction\":[{\"@type\":\"SearchAction\",\"target\":{\"@type\":\"EntryPoint\",\"urlTemplate\":\"https:\/\/wirplastbaltic.eu\/lt\/?s={search_term_string}\"},\"query-input\":{\"@type\":\"PropertyValueSpecification\",\"valueRequired\":true,\"valueName\":\"search_term_string\"}}],\"inLanguage\":\"lt-LT\"},{\"@type\":\"Organization\",\"@id\":\"https:\/\/wirplastbaltic.eu\/lt\/#organization\",\"name\":\"WirplastBaltic.eu\",\"alternateName\":\"WirplastBaltic.eu\",\"url\":\"https:\/\/wirplastbaltic.eu\/lt\/\",\"logo\":{\"@type\":\"ImageObject\",\"inLanguage\":\"lt-LT\",\"@id\":\"https:\/\/wirplastbaltic.eu\/lt\/#\/schema\/logo\/image\/\",\"url\":\"https:\/\/wirplastbaltic.eu\/wp-content\/uploads\/2023\/10\/Wirplast-Baltic-logo-black-400x56px.jpg\",\"contentUrl\":\"https:\/\/wirplastbaltic.eu\/wp-content\/uploads\/2023\/10\/Wirplast-Baltic-logo-black-400x56px.jpg\",\"width\":400,\"height\":56,\"caption\":\"WirplastBaltic.eu\"},\"image\":{\"@id\":\"https:\/\/wirplastbaltic.eu\/lt\/#\/schema\/logo\/image\/\"}}]}<\/script>\n<!-- \/ Yoast SEO plugin. -->","yoast_head_json":{"title":"WIROFIX universal\u016bs lyginimo plei\u0161tai - WirplastBaltic.eu","robots":{"index":"index","follow":"follow","max-snippet":"max-snippet:-1","max-image-preview":"max-image-preview:large","max-video-preview":"max-video-preview:-1"},"canonical":"https:\/\/wirplastbaltic.eu\/lt\/produktai\/wirofix-universalus-pleistai\/","og_locale":"lt_LT","og_type":"article","og_title":"WIROFIX universal\u016bs lyginimo plei\u0161tai - WirplastBaltic.eu","og_description":"WIROFIX universal\u016bs lyginimo plei\u0161tai naudojami kaip pagalbin\u0117 \u012fvairi\u0173 element\u0173 montavimo priemon\u0117. PRA\u0160YMAS Lentoms ir sijoms lyginti Kaip tarpin\u0117 per surinkimo","og_url":"https:\/\/wirplastbaltic.eu\/lt\/produktai\/wirofix-universalus-pleistai\/","og_site_name":"WirplastBaltic.eu","article_modified_time":"2024-02-22T09:01:02+00:00","og_image":[{"width":600,"height":600,"url":"https:\/\/wirplastbaltic.eu\/wp-content\/uploads\/2024\/01\/Wirplast-universalie-kili-mix-1-600x600px.jpg","type":"image\/jpeg"}],"twitter_card":"summary_large_image","twitter_misc":{"Est. reading time":"1 minut\u0117"},"schema":{"@context":"https:\/\/schema.org","@graph":[{"@type":"WebPage","@id":"https:\/\/wirplastbaltic.eu\/lt\/produktai\/wirofix-universalus-pleistai\/","url":"https:\/\/wirplastbaltic.eu\/lt\/produktai\/wirofix-universalus-pleistai\/","name":"WIROFIX universal\u016bs lyginimo plei\u0161tai - WirplastBaltic.eu","isPartOf":{"@id":"https:\/\/wirplastbaltic.eu\/lt\/#website"},"primaryImageOfPage":{"@id":"https:\/\/wirplastbaltic.eu\/lt\/produktai\/wirofix-universalus-pleistai\/#primaryimage"},"image":{"@id":"https:\/\/wirplastbaltic.eu\/lt\/produktai\/wirofix-universalus-pleistai\/#primaryimage"},"thumbnailUrl":"https:\/\/wirplastbaltic.eu\/wp-content\/uploads\/2024\/01\/Wirplast-universalie-kili-mix-1-600x600px.jpg","datePublished":"2024-01-17T11:15:58+00:00","dateModified":"2024-02-22T09:01:02+00:00","breadcrumb":{"@id":"https:\/\/wirplastbaltic.eu\/lt\/produktai\/wirofix-universalus-pleistai\/#breadcrumb"},"inLanguage":"lt-LT","potentialAction":[{"@type":"ReadAction","target":["https:\/\/wirplastbaltic.eu\/lt\/produktai\/wirofix-universalus-pleistai\/"]}]},{"@type":"ImageObject","inLanguage":"lt-LT","@id":"https:\/\/wirplastbaltic.eu\/lt\/produktai\/wirofix-universalus-pleistai\/#primaryimage","url":"https:\/\/wirplastbaltic.eu\/wp-content\/uploads\/2024\/01\/Wirplast-universalie-kili-mix-1-600x600px.jpg","contentUrl":"https:\/\/wirplastbaltic.eu\/wp-content\/uploads\/2024\/01\/Wirplast-universalie-kili-mix-1-600x600px.jpg","width":600,"height":600},{"@type":"BreadcrumbList","@id":"https:\/\/wirplastbaltic.eu\/lt\/produktai\/wirofix-universalus-pleistai\/#breadcrumb","itemListElement":[{"@type":"ListItem","position":1,"name":"Prad\u017eia","item":"https:\/\/wirplastbaltic.eu\/lt\/"},{"@type":"ListItem","position":2,"name":"Produktai","item":"https:\/\/wirplastbaltic.eu\/lt\/shop\/"},{"@type":"ListItem","position":3,"name":"WIROFIX universal\u016bs lyginimo plei\u0161tai"}]},{"@type":"WebSite","@id":"https:\/\/wirplastbaltic.eu\/lt\/#website","url":"https:\/\/wirplastbaltic.eu\/lt\/","name":"WirplastBaltic.eu","description":"Ventiliaciniai kamin\u0117liai visoms stogo dangoms","publisher":{"@id":"https:\/\/wirplastbaltic.eu\/lt\/#organization"},"alternateName":"Wirplast","potentialAction":[{"@type":"SearchAction","target":{"@type":"EntryPoint","urlTemplate":"https:\/\/wirplastbaltic.eu\/lt\/?s={search_term_string}"},"query-input":{"@type":"PropertyValueSpecification","valueRequired":true,"valueName":"search_term_string"}}],"inLanguage":"lt-LT"},{"@type":"Organization","@id":"https:\/\/wirplastbaltic.eu\/lt\/#organization","name":"WirplastBaltic.eu","alternateName":"WirplastBaltic.eu","url":"https:\/\/wirplastbaltic.eu\/lt\/","logo":{"@type":"ImageObject","inLanguage":"lt-LT","@id":"https:\/\/wirplastbaltic.eu\/lt\/#\/schema\/logo\/image\/","url":"https:\/\/wirplastbaltic.eu\/wp-content\/uploads\/2023\/10\/Wirplast-Baltic-logo-black-400x56px.jpg","contentUrl":"https:\/\/wirplastbaltic.eu\/wp-content\/uploads\/2023\/10\/Wirplast-Baltic-logo-black-400x56px.jpg","width":400,"height":56,"caption":"WirplastBaltic.eu"},"image":{"@id":"https:\/\/wirplastbaltic.eu\/lt\/#\/schema\/logo\/image\/"}}]}},"_links":{"self":[{"href":"https:\/\/wirplastbaltic.eu\/lt\/wp-json\/wp\/v2\/product\/33976","targetHints":{"allow":["GET"]}}],"collection":[{"href":"https:\/\/wirplastbaltic.eu\/lt\/wp-json\/wp\/v2\/product"}],"about":[{"href":"https:\/\/wirplastbaltic.eu\/lt\/wp-json\/wp\/v2\/types\/product"}],"version-history":[{"count":0,"href":"https:\/\/wirplastbaltic.eu\/lt\/wp-json\/wp\/v2\/product\/33976\/revisions"}],"wp:featuredmedia":[{"embeddable":true,"href":"https:\/\/wirplastbaltic.eu\/lt\/wp-json\/wp\/v2\/media\/34209"}],"wp:attachment":[{"href":"https:\/\/wirplastbaltic.eu\/lt\/wp-json\/wp\/v2\/media?parent=33976"}],"wp:term":[{"taxonomy":"product_brand","embeddable":true,"href":"https:\/\/wirplastbaltic.eu\/lt\/wp-json\/wp\/v2\/product_brand?post=33976"},{"taxonomy":"product_cat","embeddable":true,"href":"https:\/\/wirplastbaltic.eu\/lt\/wp-json\/wp\/v2\/product_cat?post=33976"},{"taxonomy":"product_tag","embeddable":true,"href":"https:\/\/wirplastbaltic.eu\/lt\/wp-json\/wp\/v2\/product_tag?post=33976"}],"curies":[{"name":"wp","href":"https:\/\/api.w.org\/{rel}","templated":true}]}}